{"id":969,"date":"2024-12-10T19:45:17","date_gmt":"2024-12-10T22:45:17","guid":{"rendered":"https:\/\/webpe.colegiomayor.cl\/?page_id=969"},"modified":"2026-03-20T09:56:36","modified_gmt":"2026-03-20T12:56:36","slug":"preguntas-frecuentes","status":"publish","type":"page","link":"https:\/\/webpe.colegiomayor.cl\/?page_id=969","title":{"rendered":"Preguntas Frecuentes"},"content":{"rendered":"<div class=\"wpb-content-wrapper\"><p>[vc_row css=&#8221;.vc_custom_1491472723216{margin-bottom: 20px !important;}&#8221;][vc_column css=&#8221;.vc_custom_1490090587979{margin-bottom: 0px !important;}&#8221;][vc_custom_heading text=&#8221;Preguntas Frecuentes&#8221; font_container=&#8221;tag:h1|text_align:left&#8221; use_theme_fonts=&#8221;yes&#8221; css=&#8221;.vc_custom_1733870778923{margin-top: 0px !important;margin-bottom: 20px !important;}&#8221;][vc_separator css=&#8221;&#8221;][\/vc_column][\/vc_row][vc_row][vc_column][vc_tta_accordion][vc_tta_section title=&#8221;1. \u00bfC\u00f3mo postular al Colegio?&#8221; tab_id=&#8221;1733429416016-7bf5340a-4e8e&#8221;][vc_row_inner][vc_column_inner][vc_column_text css=&#8221;&#8221;]<\/p>\n<p style=\"text-align: left;\">Debe completar el formulario de postulaci\u00f3n en \u00a0<a href=\"https:\/\/webpe.colegiomayor.cl\/?page_id=557\">FORMULARIO<\/a><\/p>\n<p>[\/vc_column_text][\/vc_column_inner][\/vc_row_inner][\/vc_tta_section][vc_tta_section title=&#8221;2. \u00bfCu\u00e1les son los requisitos de postulaci\u00f3n?&#8221; tab_id=&#8221;1733429416026-2fdf0227-097f&#8221;][vc_row_inner][vc_column_inner][vc_column_text css=&#8221;&#8221;]<strong>\u25aa Requisitos de edad<\/strong><\/p>\n<p><strong>Play Group:<\/strong> 3 a\u00f1os cumplidos al 31 marzo 2027.<\/p>\n<p><strong>\u00a0Pre K\u00ednder:<\/strong> 4 a\u00f1os cumplidos al 31 marzo 2027.<\/p>\n<p><strong>\u00a0K\u00ednder:<\/strong> 5 a\u00f1os cumplidos al 31 marzo 2027.<\/p>\n<p><strong>1\u00b0 B\u00e1sico:<\/strong> 6 a\u00f1os cumplidos al 31 marzo 2027.<\/p>\n<ul>\n<li><strong>Ed. de P\u00e1rvulos: <\/strong>Certificado de nacimiento y todos los informes educacionales previos si estuvo en jard\u00edn infantil u otro colegio.<\/li>\n<li><strong>1\u00ba B\u00e1sico:<\/strong>\u00a0 Certificado de nacimiento e informe educacional k\u00ednder. *<\/li>\n<li><strong>2\u00ba B\u00e1sico: <\/strong>Certificado de nacimiento, certificado de promoci\u00f3n de 1\u00ba b\u00e1sico e informe de personalidad.<\/li>\n<li><strong>3\u00ba B\u00e1sico a III\u00ba Medio<\/strong><\/li>\n<li><strong>Requisitos de Notas <\/strong>Para postular desde\u00a0 3\u00b0 b\u00e1sico hasta III\u00b0 Medio, se requiere de un promedio m\u00ednimo de 6.0 y sin promedios descendidos (menor o igual a 4.0) en las asignaturas de Lenguaje, Matem\u00e1tica, Ciencias, Historia e Ingl\u00e9s.<\/li>\n<\/ul>\n<ol>\n<li>Certificado de Nacimiento<\/li>\n<li>Certificado de promoci\u00f3n de dos a\u00f1os anteriores ( al a\u00f1o que postula)<\/li>\n<li>Certificado de notas parciales a\u00f1o en curso.<\/li>\n<li>Informe de personalidad dos a\u00f1os anteriores. ( al a\u00f1o que postula).<\/li>\n<\/ol>\n<p><strong>\u00a0 \u00a0 \u00a0 \u00a0Documentos Generales (Play Group a III\u00b0 Medio)<\/strong><\/p>\n<ul>\n<li style=\"list-style-type: none;\">\n<ul>\n<li>Si su hijo (a) ha recibido atenci\u00f3n especializada (psicopedagogos, fonoaudi\u00f3logos, psiquiatras, neur\u00f3logo u otros), adjuntar informe, diagn\u00f3stico y\/o tratamiento.<\/li>\n<\/ul>\n<\/li>\n<\/ul>\n<p>[\/vc_column_text][\/vc_column_inner][\/vc_row_inner][\/vc_tta_section][vc_tta_section title=&#8221;3. \u00bfEn qu\u00e9 consiste la entrevista?&#8221; tab_id=&#8221;1733445474190-e9619876-f1e0&#8243;][vc_row_inner][vc_column_inner][vc_column_text css=&#8221;&#8221;]<\/p>\n<p style=\"text-align: left;\">En Segundo y Tercer Ciclo entrevista la realiza la Direcci\u00f3n del Ciclo y \/ o Psic\u00f3loga\u00a0 correspondiente al nivel,\u00a0 para conocer a la familia, a los postulantes y su adhesi\u00f3n al Proyecto Educativo. Adem\u00e1s, de la evaluaci\u00f3n de la documentaci\u00f3n entregada.<\/p>\n<p>[\/vc_column_text][\/vc_column_inner][\/vc_row_inner][\/vc_tta_section][vc_tta_section title=&#8221;4. \u00bfSe realizan pruebas de Admisi\u00f3n?&#8221; tab_id=&#8221;1733446466370-4150de04-bb85&#8243;][vc_row_inner][vc_column_inner][vc_column_text css=&#8221;&#8221;]<\/p>\n<p style=\"text-align: left;\">No se contemplan pruebas de conocimiento a los estudiantes que postulan.<\/p>\n<p>[\/vc_column_text][\/vc_column_inner][\/vc_row_inner][\/vc_tta_section][vc_tta_section title=&#8221;5. \u00bfEn qu\u00e9 consiste la jornada de Puertas Abiertas?&#8221; tab_id=&#8221;1733446731336-d5e977be-6a74&#8243;][vc_row_inner][vc_column_inner][vc_column_text css=&#8221;&#8221;]<\/p>\n<p style=\"text-align: left;\">La jornada de puertas abiertas consiste en una experiencia educativa grupal para los niveles de Play Group , Pre K\u00ednder, \u00a0K\u00ednder, 1\u00b0 y 2\u00b0 B\u00e1sico. Adem\u00e1s,\u00a0 una\u00a0 exposici\u00f3n del Proyecto Educativo para los padres\u00a0 y un\u00a0 recorrido por el Colegio.<\/p>\n<p>[\/vc_column_text][\/vc_column_inner][\/vc_row_inner][\/vc_tta_section][vc_tta_section title=&#8221;6. \u00bfEn qu\u00e9 consiste el Taller de Incorporaci\u00f3n?&#8221; tab_id=&#8221;1733446968403-cb364391-2a8e&#8221;][vc_row_inner][vc_column_inner][vc_column_text css=&#8221;&#8221;]<\/p>\n<p style=\"text-align: left;\">Consiste en una exposici\u00f3n del Proyecto Educativo para los padres y estudiantes, y un recorrido por el Colegio para los niveles de 3\u00b0 a III\u00b0 Medio.<\/p>\n<p>[\/vc_column_text][\/vc_column_inner][\/vc_row_inner][\/vc_tta_section][vc_tta_section title=&#8221;7. \u00bfC\u00f3mo puedo conocer los aranceles?&#8221; tab_id=&#8221;1733447101936-64a320b1-ab7a&#8221;][vc_row_inner][vc_column_inner][vc_column_text css=&#8221;&#8221;]<\/p>\n<p style=\"text-align: left;\">Los aranceles ser\u00e1n enviados a su correo electr\u00f3nico posterior a su postulaci\u00f3n online o los puede solicitar directamente en\u00a0<a href=\"mailto:admision@cmpe.cl\">admision@cmpe.cl<\/a><\/p>\n<p>[\/vc_column_text][\/vc_column_inner][\/vc_row_inner][\/vc_tta_section][\/vc_tta_accordion][\/vc_column][\/vc_row]<\/p>\n<\/div>","protected":false},"excerpt":{"rendered":"<p>[vc_row css=&#8221;.vc_custom_1491472723216{margin-bottom: 20px !important;}&#8221;][vc_column css=&#8221;.vc_custom_1490090587979{margin-bottom: 0px !important;}&#8221;][vc_custom_heading text=&#8221;Preguntas Frecuentes&#8221; font_container=&#8221;tag:h1|text_align:left&#8221; use_theme_fonts=&#8221;yes&#8221; css=&#8221;.vc_custom_1733870778923{margin-top: 0px !important;margin-bottom: 20px !important;}&#8221;][vc_separator css=&#8221;&#8221;][\/vc_column][\/vc_row][vc_row][vc_column][vc_tta_accordion][vc_tta_section title=&#8221;1. \u00bfC\u00f3mo postular al Colegio?&#8221; tab_id=&#8221;1733429416016-7bf5340a-4e8e&#8221;][vc_row_inner][vc_column_inner][vc_column_text css=&#8221;&#8221;] Debe completar el formulario de postulaci\u00f3n en \u00a0FORMULARIO [\/vc_column_text][\/vc_column_inner][\/vc_row_inner][\/vc_tta_section][vc_tta_section title=&#8221;2. \u00bfCu\u00e1les son los requisitos de postulaci\u00f3n?&#8221; tab_id=&#8221;1733429416026-2fdf0227-097f&#8221;][vc_row_inner][vc_column_inner][vc_column_text css=&#8221;&#8221;]\u25aa Requisitos de edad&nbsp;<a href=\"https:\/\/webpe.colegiomayor.cl\/?page_id=969\">&hellip;<\/a><\/p>\n","protected":false},"author":1,"featured_media":0,"parent":589,"menu_order":9,"comment_status":"closed","ping_status":"closed","template":"template-sidebar-right-childpages.php","meta":{"content-type":"","footnotes":""},"class_list":["post-969","page","type-page","status-publish","hentry","odd"],"rttpg_featured_image_url":null,"rttpg_author":{"display_name":"josefariesco@gmail.com","author_link":"https:\/\/webpe.colegiomayor.cl\/?author=1"},"rttpg_comment":0,"rttpg_category":null,"rttpg_excerpt":"[vc_row css=&#8221;.vc_custom_1491472723216{margin-bottom: 20px !important;}&#8221;][vc_column css=&#8221;.vc_custom_1490090587979{margin-bottom: 0px !important;}&#8221;][vc_custom_heading text=&#8221;Preguntas Frecuentes&#8221; font_container=&#8221;tag:h1|text_align:left&#8221; use_theme_fonts=&#8221;yes&#8221; css=&#8221;.vc_custom_1733870778923{margin-top: 0px !important;margin-bottom: 20px !important;}&#8221;][vc_separator css=&#8221;&#8221;][\/vc_column][\/vc_row][vc_row][vc_column][vc_tta_accordion][vc_tta_section title=&#8221;1. \u00bfC\u00f3mo postular al Colegio?&#8221; tab_id=&#8221;1733429416016-7bf5340a-4e8e&#8221;][vc_row_inner][vc_column_inner][vc_column_text css=&#8221;&#8221;] Debe completar el formulario de postulaci\u00f3n en \u00a0FORMULARIO [\/vc_column_text][\/vc_column_inner][\/vc_row_inner][\/vc_tta_section][vc_tta_section title=&#8221;2. \u00bfCu\u00e1les son los requisitos de postulaci\u00f3n?&#8221; tab_id=&#8221;1733429416026-2fdf0227-097f&#8221;][vc_row_inner][vc_column_inner][vc_column_text css=&#8221;&#8221;]\u25aa Requisitos de edad&nbsp;&hellip;","_links":{"self":[{"href":"https:\/\/webpe.colegiomayor.cl\/index.php?rest_route=\/wp\/v2\/pages\/969","targetHints":{"allow":["GET"]}}],"collection":[{"href":"https:\/\/webpe.colegiomayor.cl\/index.php?rest_route=\/wp\/v2\/pages"}],"about":[{"href":"https:\/\/webpe.colegiomayor.cl\/index.php?rest_route=\/wp\/v2\/types\/page"}],"author":[{"embeddable":true,"href":"https:\/\/webpe.colegiomayor.cl\/index.php?rest_route=\/wp\/v2\/users\/1"}],"replies":[{"embeddable":true,"href":"https:\/\/webpe.colegiomayor.cl\/index.php?rest_route=%2Fwp%2Fv2%2Fcomments&post=969"}],"version-history":[{"count":9,"href":"https:\/\/webpe.colegiomayor.cl\/index.php?rest_route=\/wp\/v2\/pages\/969\/revisions"}],"predecessor-version":[{"id":40651,"href":"https:\/\/webpe.colegiomayor.cl\/index.php?rest_route=\/wp\/v2\/pages\/969\/revisions\/40651"}],"up":[{"embeddable":true,"href":"https:\/\/webpe.colegiomayor.cl\/index.php?rest_route=\/wp\/v2\/pages\/589"}],"wp:attachment":[{"href":"https:\/\/webpe.colegiomayor.cl\/index.php?rest_route=%2Fwp%2Fv2%2Fmedia&parent=969"}],"curies":[{"name":"wp","href":"https:\/\/api.w.org\/{rel}","templated":true}]}}