{"id":954,"date":"2024-12-10T19:18:08","date_gmt":"2024-12-10T22:18:08","guid":{"rendered":"https:\/\/webpe.colegiomayor.cl\/?page_id=954"},"modified":"2026-03-16T10:00:43","modified_gmt":"2026-03-16T13:00:43","slug":"requisitos-copy","status":"publish","type":"page","link":"https:\/\/webpe.colegiomayor.cl\/?page_id=954","title":{"rendered":"Proceso de Admisi\u00f3n"},"content":{"rendered":"<div class=\"wpb-content-wrapper\"><p>[vc_row css=&#8221;.vc_custom_1491472723216{margin-bottom: 20px !important;}&#8221;][vc_column css=&#8221;.vc_custom_1490090587979{margin-bottom: 0px !important;}&#8221;][vc_custom_heading text=&#8221;Proceso de Admisi\u00f3n&#8221; font_container=&#8221;tag:h1|text_align:left&#8221; use_theme_fonts=&#8221;yes&#8221; css=&#8221;.vc_custom_1733869145573{margin-top: 0px !important;margin-bottom: 20px !important;}&#8221;][vc_column_text css=&#8221;&#8221;]<\/p>\n<blockquote>\n<h4><strong>Primer Ciclo:<\/strong><\/h4>\n<\/blockquote>\n<p>[\/vc_column_text][vc_custom_heading text=&#8221;Educaci\u00f3n Parvularia, 1\u00ba a 2\u00ba B\u00e1sico&#8221; font_container=&#8221;tag:h3|text_align:left&#8221; use_theme_fonts=&#8221;yes&#8221; css=&#8221;&#8221;][vc_column_text css=&#8221;&#8221;]<\/p>\n<ol>\n<li>Completar\u00a0<a href=\"https:\/\/webpe.colegiomayor.cl\/?page_id=557\"><strong>Formulario de Postulaci\u00f3n<\/strong><\/a><\/li>\n<li>Participar de\u00a0<strong>Puertas Abiertas<\/strong>. La participaci\u00f3n es obligatoria. Las familias ser\u00e1n informadas de la fecha en que se realizar\u00e1 la actividad. Esta es la oportunidad en que las familias conocer\u00e1n en mayor profundidad el proyecto Educativo Institucional del colegio y si adhieren a sus valores y principios.<\/li>\n<li>Enviar documentaci\u00f3n a\u00a0<a href=\"mailto:admision@cmpe.cl\"><strong>admision@cmpe.cl <\/strong><\/a>para agendar entrevista.<\/li>\n<li><strong>Entrevista de Admisi\u00f3n : <\/strong>Presencial u online <strong>(v\u00eda Meet), <\/strong>donde participan los padres y el postulante.<\/li>\n<li><strong>Resultado del Proceso:<\/strong> Se informa v\u00eda correo electr\u00f3nico a la familia y se realiza una publicaci\u00f3n mensual de la n\u00f3mina de postulantes aceptados solo con sus iniciales para mantener la confidencialidad de ellos.<\/li>\n<li><strong>Cierre del Proceso: <\/strong>Matr\u00edcula en oficina de Finanzas.<\/li>\n<\/ol>\n<p>[\/vc_column_text][vc_column_text css=&#8221;&#8221;]<\/p>\n<blockquote>\n<h4><strong>Segundo y Tercer Ciclo:<\/strong><\/h4>\n<\/blockquote>\n<p>[\/vc_column_text][vc_custom_heading text=&#8221;3\u00b0 B\u00e1sico a III\u00b0 Medio&#8221; font_container=&#8221;tag:h3|text_align:left&#8221; use_theme_fonts=&#8221;yes&#8221; css=&#8221;&#8221;][vc_column_text css=&#8221;&#8221;]<\/p>\n<ol>\n<li>Completar\u00a0<a href=\"https:\/\/webpe.colegiomayor.cl\/?page_id=557\"><strong>Formulario de Postulaci\u00f3n<\/strong><\/a>.<\/li>\n<li>Participar de\u00a0<strong>Puertas Abiertas<\/strong>.<\/li>\n<li>Enviar documentaci\u00f3n a\u00a0<a href=\"mailto:admision@cmpe.cl\"><strong>admision@cmpe.cl <\/strong><\/a>para agendar entrevista.<\/li>\n<li><strong>Entrevista de Admisi\u00f3n : <\/strong>Presencial u online<strong> (v\u00eda meet)<\/strong>, donde participan los padres y el postulante.<\/li>\n<li><strong>Resultado del Proceso:\u00a0<\/strong>Se informa v\u00eda correo electr\u00f3nico a la familia. y se realiza una publicaci\u00f3n mensual de la n\u00f3mina de postulantes aceptados solo con sus iniciales para mantener la confidencialidad de ellos.<\/li>\n<li><strong>Vacantes:<\/strong> Se actualiza mensualmente las vacantes disponibles.<\/li>\n<li><strong>Cierre del Proceso: <\/strong>Matr\u00edcula en oficina de Finanzas.<\/li>\n<\/ol>\n<p><strong>Nota<\/strong><\/p>\n<ul>\n<li>La disponibilidad de vacantes se informa mensualmente en nuestra p\u00e1gina web.<\/li>\n<li>El colegio no aplicar\u00e1\u00a0 pruebas durante este proceso de admisi\u00f3n en ninguno de los ciclos ni asignaturas.<\/li>\n<li>El alumno queda formalmente matriculado en el establecimiento una vez que sus padres o apoderados suscriban el contrato de prestaci\u00f3n de servicios educacionales respectivo y realicen el pago de los aranceles correspondientes.<\/li>\n<\/ul>\n<p>[\/vc_column_text][vc_separator css=&#8221;&#8221;][vc_single_image image=&#8221;37467&#8243; img_size=&#8221;full&#8221; alignment=&#8221;center&#8221; css=&#8221;&#8221;][vc_separator css=&#8221;&#8221;][vc_column_text css=&#8221;&#8221;]<strong>Fono:<\/strong> 226176320 +56 9 8819 69 87<\/p>\n<p><strong>Correo:<\/strong>\u00a0admision@cmpe.cl[\/vc_column_text][\/vc_column][\/vc_row][vc_row][vc_column][\/vc_column][\/vc_row]<\/p>\n<\/div>","protected":false},"excerpt":{"rendered":"<p>[vc_row css=&#8221;.vc_custom_1491472723216{margin-bottom: 20px !important;}&#8221;][vc_column css=&#8221;.vc_custom_1490090587979{margin-bottom: 0px !important;}&#8221;][vc_custom_heading text=&#8221;Proceso de Admisi\u00f3n&#8221; font_container=&#8221;tag:h1|text_align:left&#8221; use_theme_fonts=&#8221;yes&#8221; css=&#8221;.vc_custom_1733869145573{margin-top: 0px !important;margin-bottom: 20px !important;}&#8221;][vc_column_text css=&#8221;&#8221;] Primer Ciclo: [\/vc_column_text][vc_custom_heading text=&#8221;Educaci\u00f3n Parvularia, 1\u00ba a 2\u00ba B\u00e1sico&#8221; font_container=&#8221;tag:h3|text_align:left&#8221; use_theme_fonts=&#8221;yes&#8221; css=&#8221;&#8221;][vc_column_text css=&#8221;&#8221;] Completar\u00a0Formulario de Postulaci\u00f3n Participar de\u00a0Puertas Abiertas. La participaci\u00f3n es obligatoria. Las familias ser\u00e1n informadas&nbsp;<a href=\"https:\/\/webpe.colegiomayor.cl\/?page_id=954\">&hellip;<\/a><\/p>\n","protected":false},"author":1,"featured_media":0,"parent":589,"menu_order":6,"comment_status":"closed","ping_status":"closed","template":"template-sidebar-right-childpages.php","meta":{"content-type":"","footnotes":""},"class_list":["post-954","page","type-page","status-publish","hentry","odd"],"rttpg_featured_image_url":null,"rttpg_author":{"display_name":"josefariesco@gmail.com","author_link":"https:\/\/webpe.colegiomayor.cl\/?author=1"},"rttpg_comment":0,"rttpg_category":null,"rttpg_excerpt":"[vc_row css=&#8221;.vc_custom_1491472723216{margin-bottom: 20px !important;}&#8221;][vc_column css=&#8221;.vc_custom_1490090587979{margin-bottom: 0px !important;}&#8221;][vc_custom_heading text=&#8221;Proceso de Admisi\u00f3n&#8221; font_container=&#8221;tag:h1|text_align:left&#8221; use_theme_fonts=&#8221;yes&#8221; css=&#8221;.vc_custom_1733869145573{margin-top: 0px !important;margin-bottom: 20px !important;}&#8221;][vc_column_text css=&#8221;&#8221;] Primer Ciclo: [\/vc_column_text][vc_custom_heading text=&#8221;Educaci\u00f3n Parvularia, 1\u00ba a 2\u00ba B\u00e1sico&#8221; font_container=&#8221;tag:h3|text_align:left&#8221; use_theme_fonts=&#8221;yes&#8221; css=&#8221;&#8221;][vc_column_text css=&#8221;&#8221;] Completar\u00a0Formulario de Postulaci\u00f3n Participar de\u00a0Puertas Abiertas. La participaci\u00f3n es obligatoria. Las familias ser\u00e1n informadas&nbsp;&hellip;","_links":{"self":[{"href":"https:\/\/webpe.colegiomayor.cl\/index.php?rest_route=\/wp\/v2\/pages\/954","targetHints":{"allow":["GET"]}}],"collection":[{"href":"https:\/\/webpe.colegiomayor.cl\/index.php?rest_route=\/wp\/v2\/pages"}],"about":[{"href":"https:\/\/webpe.colegiomayor.cl\/index.php?rest_route=\/wp\/v2\/types\/page"}],"author":[{"embeddable":true,"href":"https:\/\/webpe.colegiomayor.cl\/index.php?rest_route=\/wp\/v2\/users\/1"}],"replies":[{"embeddable":true,"href":"https:\/\/webpe.colegiomayor.cl\/index.php?rest_route=%2Fwp%2Fv2%2Fcomments&post=954"}],"version-history":[{"count":23,"href":"https:\/\/webpe.colegiomayor.cl\/index.php?rest_route=\/wp\/v2\/pages\/954\/revisions"}],"predecessor-version":[{"id":40613,"href":"https:\/\/webpe.colegiomayor.cl\/index.php?rest_route=\/wp\/v2\/pages\/954\/revisions\/40613"}],"up":[{"embeddable":true,"href":"https:\/\/webpe.colegiomayor.cl\/index.php?rest_route=\/wp\/v2\/pages\/589"}],"wp:attachment":[{"href":"https:\/\/webpe.colegiomayor.cl\/index.php?rest_route=%2Fwp%2Fv2%2Fmedia&parent=954"}],"curies":[{"name":"wp","href":"https:\/\/api.w.org\/{rel}","templated":true}]}}