{"id":912,"date":"2024-12-05T16:59:15","date_gmt":"2024-12-05T19:59:15","guid":{"rendered":"https:\/\/webpe.colegiomayor.cl\/?page_id=912"},"modified":"2026-03-16T08:43:20","modified_gmt":"2026-03-16T11:43:20","slug":"plazos-resultados","status":"publish","type":"page","link":"https:\/\/webpe.colegiomayor.cl\/?page_id=912","title":{"rendered":"Plazos y Resultados"},"content":{"rendered":"<div class=\"wpb-content-wrapper\"><p>[vc_row css=&#8221;.vc_custom_1491472723216{margin-bottom: 20px !important;}&#8221;][vc_column css=&#8221;.vc_custom_1490090587979{margin-bottom: 0px !important;}&#8221;][vc_custom_heading text=&#8221;Vacantes Plazo de postulaci\u00f3n y fecha de publicaci\u00f3n de los resultados&#8221; font_container=&#8221;tag:h1|text_align:left&#8221; use_theme_fonts=&#8221;yes&#8221; css=&#8221;.vc_custom_1733868023670{margin-top: 0px !important;margin-bottom: 20px !important;}&#8221;][vc_row_inner][vc_column_inner][vc_column_text css=&#8221;&#8221;]<\/p>\n<blockquote><p>El proceso est\u00e1 abierto\u00a0todo el a\u00f1o hasta completar las vacantes disponibles.<\/p>\n<p>Los resultados del<strong>\u00a0Proceso de Admisi\u00f3n\u00a0<\/strong>son informados individualmente a cada familia por correo electr\u00f3nico, sin perjuicio de lo anterior se publicar\u00e1n mensualmente en nuestra web lista de admitidos, s\u00f3lo con las iniciales del postulante.<\/p><\/blockquote>\n<p>[\/vc_column_text][\/vc_column_inner][\/vc_row_inner][vc_separator css=&#8221;&#8221;][\/vc_column][\/vc_row][vc_row][vc_column][vc_column_text css=&#8221;&#8221;]<\/p>\n<blockquote><p><strong>POSTULANTES ADMITIDOS<\/strong><\/p><\/blockquote>\n<p>[\/vc_column_text][vc_column_text css=&#8221;&#8221;]<\/p>\n<p class=\"has-text-align-center\"><strong><em>(Nivel, Inicial de Primer Nombre e Iniciales de apellidos).<\/em><\/strong><\/p>\n<p class=\"has-text-align-center\">Dudas y\/o consultas en\u00a0<strong>admision@cmpe.cl<\/strong><\/p>\n<p>[\/vc_column_text][\/vc_column][\/vc_row][vc_row][vc_column][vc_column_text]<br \/>\n[\/vc_column_text][vc_tta_accordion][vc_tta_section title=&#8221;Play Group&#8221; tab_id=&#8221;1733429416016-7bf5340a-4e8e&#8221;][vc_column_text css=&#8221;&#8221;][\/vc_column_text][vc_row_inner][vc_column_inner][vc_column_text css=&#8221;&#8221;]<\/p>\n<p>Iniciales de los postulantes admitidos<\/p>\n<p>[\/vc_column_text][\/vc_column_inner][\/vc_row_inner][\/vc_tta_section][vc_tta_section title=&#8221;Pre Kinder&#8221; tab_id=&#8221;1733429416026-2fdf0227-097f&#8221;][vc_column_text css=&#8221;&#8221;][\/vc_column_text][vc_row_inner][vc_column_inner][vc_column_text css=&#8221;&#8221;]<\/p>\n<p>Iniciales de los postulantes admitidos<\/p>\n<p>[\/vc_column_text][\/vc_column_inner][\/vc_row_inner][\/vc_tta_section][vc_tta_section title=&#8221;K\u00ednder&#8221; tab_id=&#8221;1733445474190-e9619876-f1e0&#8243;][vc_column_text css=&#8221;&#8221;][\/vc_column_text][vc_row_inner][vc_column_inner][vc_column_text css=&#8221;&#8221;]<\/p>\n<p>Iniciales de los postulantes admitidos<\/p>\n<p>[\/vc_column_text][\/vc_column_inner][\/vc_row_inner][\/vc_tta_section][vc_tta_section title=&#8221;Primero B\u00e1sico&#8221; tab_id=&#8221;1733446466370-4150de04-bb85&#8243;][vc_column_text css=&#8221;&#8221;][\/vc_column_text][vc_row_inner][vc_column_inner][vc_column_text css=&#8221;&#8221;]<\/p>\n<p>Iniciales de los postulantes admitidos<\/p>\n<p>[\/vc_column_text][\/vc_column_inner][\/vc_row_inner][\/vc_tta_section][vc_tta_section title=&#8221;Segundo B\u00e1sico&#8221; tab_id=&#8221;1733446731336-d5e977be-6a74&#8243;][vc_column_text css=&#8221;&#8221;][\/vc_column_text][vc_row_inner][vc_column_inner][vc_column_text css=&#8221;&#8221;]<\/p>\n<p>Iniciales de los postulantes admitidos<\/p>\n<p>[\/vc_column_text][\/vc_column_inner][\/vc_row_inner][\/vc_tta_section][vc_tta_section title=&#8221;Tercero B\u00e1sico&#8221; tab_id=&#8221;1733446968403-cb364391-2a8e&#8221;][vc_column_text css=&#8221;&#8221;][\/vc_column_text][vc_row_inner][vc_column_inner][vc_column_text css=&#8221;&#8221;]<\/p>\n<p>Iniciales de los postulantes admitidos<\/p>\n<p>[\/vc_column_text][\/vc_column_inner][\/vc_row_inner][\/vc_tta_section][vc_tta_section title=&#8221;Cuarto B\u00e1sico&#8221; tab_id=&#8221;1733447101936-64a320b1-ab7a&#8221;][vc_column_text css=&#8221;&#8221;][\/vc_column_text][vc_row_inner][vc_column_inner][vc_column_text css=&#8221;&#8221;]<\/p>\n<p>Iniciales de los postulantes admitidos<\/p>\n<p>[\/vc_column_text][\/vc_column_inner][\/vc_row_inner][\/vc_tta_section][vc_tta_section title=&#8221;Quinto B\u00e1sico&#8221; tab_id=&#8221;1736795039684-a89f9000-79d7&#8243;][vc_column_text css=&#8221;&#8221;][\/vc_column_text][vc_row_inner][vc_column_inner][vc_column_text css=&#8221;&#8221;]<\/p>\n<p>Iniciales de los postulantes admitidos<\/p>\n<p>[\/vc_column_text][\/vc_column_inner][\/vc_row_inner][\/vc_tta_section][vc_tta_section title=&#8221;Sexto B\u00e1sico&#8221; tab_id=&#8221;1733447329723-d6738905-9cb5&#8243;][vc_column_text css=&#8221;&#8221;][\/vc_column_text][vc_row_inner][vc_column_inner][vc_column_text css=&#8221;&#8221;]<\/p>\n<p>Iniciales de los postulantes admitidos<\/p>\n<p>[\/vc_column_text][\/vc_column_inner][\/vc_row_inner][\/vc_tta_section][vc_tta_section title=&#8221;S\u00e9ptimo B\u00e1sico&#8221; tab_id=&#8221;1733447503221-fc3ced27-75d4&#8243;][vc_column_text css=&#8221;&#8221;][\/vc_column_text][vc_row_inner][vc_column_inner][vc_column_text css=&#8221;&#8221;]<\/p>\n<p>Iniciales de los postulantes admitidos<\/p>\n<p>[\/vc_column_text][\/vc_column_inner][\/vc_row_inner][\/vc_tta_section][vc_tta_section title=&#8221;Octavo B\u00e1sico&#8221; tab_id=&#8221;1733447609480-4c08b178-bcdf&#8221;][vc_column_text css=&#8221;&#8221;][\/vc_column_text][vc_row_inner][vc_column_inner][vc_column_text css=&#8221;&#8221;]<\/p>\n<p>Iniciales de los postulantes admitidos<\/p>\n<p>[\/vc_column_text][\/vc_column_inner][\/vc_row_inner][\/vc_tta_section][vc_tta_section title=&#8221;Primero Medio&#8221; tab_id=&#8221;1733447829769-c745b753-3bf9&#8243;][vc_column_text css=&#8221;&#8221;][\/vc_column_text][vc_row_inner][vc_column_inner][vc_column_text css=&#8221;&#8221;]<\/p>\n<p>Iniciales de los postulantes admitidos<\/p>\n<p>[\/vc_column_text][\/vc_column_inner][\/vc_row_inner][\/vc_tta_section][vc_tta_section title=&#8221;Segundo Medio&#8221; tab_id=&#8221;1733447999044-b8878fea-00a5&#8243;][vc_column_text css=&#8221;&#8221;][\/vc_column_text][vc_row_inner][vc_column_inner][vc_column_text css=&#8221;&#8221;]<\/p>\n<p>Iniciales de los postulantes admitidos<\/p>\n<p>[\/vc_column_text][\/vc_column_inner][\/vc_row_inner][\/vc_tta_section][vc_tta_section title=&#8221;Tercero Medio&#8221; tab_id=&#8221;1733448107771-7a100c7e-4675&#8243;][vc_column_text css=&#8221;&#8221;][\/vc_column_text][vc_row_inner][vc_column_inner][vc_column_text css=&#8221;&#8221;]<\/p>\n<p>Iniciales de los postulantes admitidos<\/p>\n<p>[\/vc_column_text][\/vc_column_inner][\/vc_row_inner][\/vc_tta_section][\/vc_tta_accordion][\/vc_column][\/vc_row][vc_row][vc_column][vc_separator css=&#8221;&#8221;][\/vc_column][\/vc_row][vc_row][vc_column][vc_single_image image=&#8221;37467&#8243; img_size=&#8221;full&#8221; alignment=&#8221;center&#8221; css=&#8221;&#8221;][\/vc_column][\/vc_row]<\/p>\n<\/div>","protected":false},"excerpt":{"rendered":"<p>[vc_row css=&#8221;.vc_custom_1491472723216{margin-bottom: 20px !important;}&#8221;][vc_column css=&#8221;.vc_custom_1490090587979{margin-bottom: 0px !important;}&#8221;][vc_custom_heading text=&#8221;Vacantes Plazo de postulaci\u00f3n y fecha de publicaci\u00f3n de los resultados&#8221; font_container=&#8221;tag:h1|text_align:left&#8221; use_theme_fonts=&#8221;yes&#8221; css=&#8221;.vc_custom_1733868023670{margin-top: 0px !important;margin-bottom: 20px !important;}&#8221;][vc_row_inner][vc_column_inner][vc_column_text css=&#8221;&#8221;] El proceso est\u00e1 abierto\u00a0todo el a\u00f1o hasta completar las vacantes disponibles. Los resultados del\u00a0Proceso de Admisi\u00f3n\u00a0son informados individualmente a&nbsp;<a href=\"https:\/\/webpe.colegiomayor.cl\/?page_id=912\">&hellip;<\/a><\/p>\n","protected":false},"author":1,"featured_media":0,"parent":589,"menu_order":4,"comment_status":"closed","ping_status":"closed","template":"template-sidebar-right-childpages.php","meta":{"content-type":"","footnotes":""},"class_list":["post-912","page","type-page","status-publish","hentry","odd"],"rttpg_featured_image_url":null,"rttpg_author":{"display_name":"josefariesco@gmail.com","author_link":"https:\/\/webpe.colegiomayor.cl\/?author=1"},"rttpg_comment":0,"rttpg_category":null,"rttpg_excerpt":"[vc_row css=&#8221;.vc_custom_1491472723216{margin-bottom: 20px !important;}&#8221;][vc_column css=&#8221;.vc_custom_1490090587979{margin-bottom: 0px !important;}&#8221;][vc_custom_heading text=&#8221;Vacantes Plazo de postulaci\u00f3n y fecha de publicaci\u00f3n de los resultados&#8221; font_container=&#8221;tag:h1|text_align:left&#8221; use_theme_fonts=&#8221;yes&#8221; css=&#8221;.vc_custom_1733868023670{margin-top: 0px !important;margin-bottom: 20px !important;}&#8221;][vc_row_inner][vc_column_inner][vc_column_text css=&#8221;&#8221;] El proceso est\u00e1 abierto\u00a0todo el a\u00f1o hasta completar las vacantes disponibles. Los resultados del\u00a0Proceso de Admisi\u00f3n\u00a0son informados individualmente a&nbsp;&hellip;","_links":{"self":[{"href":"https:\/\/webpe.colegiomayor.cl\/index.php?rest_route=\/wp\/v2\/pages\/912","targetHints":{"allow":["GET"]}}],"collection":[{"href":"https:\/\/webpe.colegiomayor.cl\/index.php?rest_route=\/wp\/v2\/pages"}],"about":[{"href":"https:\/\/webpe.colegiomayor.cl\/index.php?rest_route=\/wp\/v2\/types\/page"}],"author":[{"embeddable":true,"href":"https:\/\/webpe.colegiomayor.cl\/index.php?rest_route=\/wp\/v2\/users\/1"}],"replies":[{"embeddable":true,"href":"https:\/\/webpe.colegiomayor.cl\/index.php?rest_route=%2Fwp%2Fv2%2Fcomments&post=912"}],"version-history":[{"count":45,"href":"https:\/\/webpe.colegiomayor.cl\/index.php?rest_route=\/wp\/v2\/pages\/912\/revisions"}],"predecessor-version":[{"id":40586,"href":"https:\/\/webpe.colegiomayor.cl\/index.php?rest_route=\/wp\/v2\/pages\/912\/revisions\/40586"}],"up":[{"embeddable":true,"href":"https:\/\/webpe.colegiomayor.cl\/index.php?rest_route=\/wp\/v2\/pages\/589"}],"wp:attachment":[{"href":"https:\/\/webpe.colegiomayor.cl\/index.php?rest_route=%2Fwp%2Fv2%2Fmedia&parent=912"}],"curies":[{"name":"wp","href":"https:\/\/api.w.org\/{rel}","templated":true}]}}