{"id":854,"date":"2024-12-03T19:22:19","date_gmt":"2024-12-03T22:22:19","guid":{"rendered":"https:\/\/webpe.colegiomayor.cl\/?page_id=854"},"modified":"2026-04-07T10:07:04","modified_gmt":"2026-04-07T13:07:04","slug":"reglamento-2","status":"publish","type":"page","link":"https:\/\/webpe.colegiomayor.cl\/?page_id=854","title":{"rendered":"Reglamento"},"content":{"rendered":"<div class=\"wpb-content-wrapper\"><p>[vc_row css=&#8221;.vc_custom_1491472723216{margin-bottom: 20px !important;}&#8221;][vc_column css=&#8221;.vc_custom_1490090587979{margin-bottom: 0px !important;}&#8221;][vc_custom_heading text=&#8221;Reglamento Interno y de Convivencia Escolar&#8221; font_container=&#8221;tag:h1|text_align:left&#8221; use_theme_fonts=&#8221;yes&#8221; css=&#8221;.vc_custom_1732770275134{margin-top: 0px !important;margin-bottom: 20px !important;}&#8221;][vc_row_inner][vc_column_inner width=&#8221;1\/3&#8243;][vc_gallery interval=&#8221;3&#8243; images=&#8221;38930&#8243; img_size=&#8221;medium&#8221; css=&#8221;&#8221;][\/vc_column_inner][vc_column_inner width=&#8221;2\/3&#8243;][vc_column_text css=&#8221;&#8221;]Se aspira a la conformaci\u00f3n de una Comunidad Educativa que sea capaz de proporcionar oportunidades a todos los integrantes de ella, para construir nuevas formas de relaci\u00f3n inspiradas en los valores del respeto, la verdad, la equidad, la solidaridad, la honestidad, el dialogo y la perseverancia.<\/p>\n<p>Pensamos un Colegio donde sus integrantes tengan oportunidades para expresarse, participar, decidir responsablemente, deliberar y ejercer su libertad con responsabilidad.<\/p>\n<p>Se postula que la disciplina est\u00e1 centrada en la persona, por lo que se atribuye a un control de car\u00e1cter interno la demostraci\u00f3n externa de las actitudes y comportamientos que presenta cualquier integrante de la Comunidad Educativa en su relaci\u00f3n con los otros.[\/vc_column_text][\/vc_column_inner][\/vc_row_inner][vc_row_inner][vc_column_inner width=&#8221;2\/3&#8243;][vc_column_text css=&#8221;&#8221;]Considera a los ni\u00f1os y j\u00f3venes del Colegio como sujetos de derechos, por lo que sus opiniones, necesidades y expectativas de desarrollo de todas sus destrezas, habilidades y potencialidades, debe ser el aspecto central del quehacer educativo que intenciona el establecimiento.<\/p>\n<p>Desde esta perspectiva, los educadores del Colegio est\u00e1n llamados, por sobre todo, a ser formadores y orientadores de valores y actitudes positivas, creando los espacios para atender necesidades y escuchar opiniones de sus alumnos.<\/p>\n<p>Sostenemos que la calidad de la convivencia escolar favorece la calidad de los aprendizajes de nuestros alumnos, por lo que cobra relevancia la estimulaci\u00f3n y la promoci\u00f3n del aprender a vivir juntos, todo lo cual derivar\u00e1 en una valoraci\u00f3n de la pluralidad en las relaciones estudiantiles y en un apoyo solidario al que anda en b\u00fasqueda de su identidad personal y vocacional, de su autonom\u00eda e integraci\u00f3n social.[\/vc_column_text][vc_btn title=&#8221;DESCARGAR REGLAMENTO INTERNO Y DE CONVIVENCIA ESCOLAR (RICE) 2026&#8243; color=&#8221;danger&#8221; css=&#8221;&#8221; link=&#8221;url:https%3A%2F%2Fwebpe.colegiomayor.cl%2Fwp-content%2Fuploads%2F2026%2F04%2FRICE-2026-06-04-2026.docx.pdf|target:_blank&#8221;][\/vc_column_inner][vc_column_inner width=&#8221;1\/3&#8243;][vc_gallery interval=&#8221;3&#8243; images=&#8221;38931&#8243; img_size=&#8221;medium&#8221; css=&#8221;&#8221;][\/vc_column_inner][\/vc_row_inner][vc_separator css=&#8221;&#8221;][vc_row_inner][vc_column_inner][vc_column_text css=&#8221;&#8221;]\n<table id=\"tablepress-17\" class=\"tablepress tablepress-id-17\">\n<tbody class=\"row-hover\">\n<tr class=\"row-1\">\n\t<td class=\"column-1\">ANEXO N\u00b01 Proyecto Educativo Institucional<\/td><td class=\"column-2\"><span><a href=\"https:\/\/webpe.colegiomayor.cl\/wp-content\/uploads\/2026\/01\/Anexo-01-editado-2026-final.pdf\" target=\"_blank\"><i class=\"fa-solid fa-file-pdf\" style=\"display: block;text-align: center;line-height: 1.1;color:red;font-size: 24px\"><\/i><\/a><\/span><\/td>\n<\/tr>\n<tr class=\"row-2\">\n\t<td class=\"column-1\">ANEXO N\u00b02 Beca Universidad Mayor<\/td><td class=\"column-2\"><span><a href=\"https:\/\/webpe.colegiomayor.cl\/wp-content\/uploads\/2025\/08\/Anexo-N\u00b0-02-Beca-Universidad-Mayor-copia.pdf\" target=\"_blank\"><i class=\"fa-solid fa-file-pdf\" style=\"display: block;text-align: center;line-height: 1.1;color:red;font-size: 24px\"><\/i><\/a><\/span><\/td>\n<\/tr>\n<tr class=\"row-3\">\n\t<td class=\"column-1\">ANEXO N\u00b03 Cobertura Individual Escolaridad<\/td><td class=\"column-2\"><span><a href=\"https:\/\/webpe.colegiomayor.cl\/wp-content\/uploads\/2025\/08\/Anexo-N\u00b0-03-Cobertura-individual-de-Escolaridad.pdf\" target=\"_blank\"><i class=\"fa-solid fa-file-pdf\" style=\"display: block;text-align: center;line-height: 1.1;color:red;font-size: 24px\"><\/i><\/a><\/span><\/td>\n<\/tr>\n<tr class=\"row-4\">\n\t<td class=\"column-1\">ANEXO N\u00b0 4 Plan Integral de Seguridad Escolar (PISE)<\/td><td class=\"column-2\"><span><a href=\"https:\/\/webpe.colegiomayor.cl\/wp-content\/uploads\/2025\/08\/Anexo-N\u00b0-04-PISE.pdf\" target=\"_blank\"><i class=\"fa-solid fa-file-pdf\" style=\"display: block;text-align: center;line-height: 1.1;color:red;font-size: 24px\"><\/i><\/a><\/span><\/td>\n<\/tr>\n<tr class=\"row-5\">\n\t<td class=\"column-1\">ANEXO N\u00b0 5 Reglamento Interno de Orden, Higiene y Seguridad (RIOHS)<\/td><td class=\"column-2\"><span><a href=\"https:\/\/webpe.colegiomayor.cl\/wp-content\/uploads\/2025\/08\/Anexo-N\u00b0-05-Reglamento-Interno-Orden-Higiene-y-Seguridad-SpA-1-copia-1.pdf\" target=\"_blank\"><i class=\"fa-solid fa-file-pdf\" style=\"display: block;text-align: center;line-height: 1.1;color:red;font-size: 24px\"><\/i><\/a><\/span><\/td>\n<\/tr>\n<tr class=\"row-6\">\n\t<td class=\"column-1\">ANEXO N\u00b0 6 Protocolo de Accidentes Escolares y Situaciones Imprevistas de Salud<\/td><td class=\"column-2\"><span><a href=\"https:\/\/webpe.colegiomayor.cl\/wp-content\/uploads\/2025\/08\/Anexo-N\u00b0-06-Procedimiento-frente-Accidentes-escolares.pdf\" target=\"_blank\"><i class=\"fa-solid fa-file-pdf\" style=\"display: block;text-align: center;line-height: 1.1;color:red;font-size: 24px\"><\/i><\/a><\/span><\/td>\n<\/tr>\n<tr class=\"row-7\">\n\t<td class=\"column-1\">ANEXO N\u00b0 7 Plan de Gesti\u00f3n de Convivencia Escolar<\/td><td class=\"column-2\"><span><a href=\"https:\/\/webpe.colegiomayor.cl\/wp-content\/uploads\/2025\/08\/Anexo-N\u00b0-07-Plan-de-Gestion-de-Convivnecia.pdf\" target=\"_blank\"><i class=\"fa-solid fa-file-pdf\" style=\"display: block;text-align: center;line-height: 1.1;color:red;font-size: 24px\"><\/i><\/a><\/span><\/td>\n<\/tr>\n<tr class=\"row-8\">\n\t<td class=\"column-1\">ANEXO N\u00b0 8 Programa de Orientaci\u00f3n Vocacional<\/td><td class=\"column-2\"><span><a href=\"https:\/\/webpe.colegiomayor.cl\/wp-content\/uploads\/2025\/08\/Anexo-N\u00b0-08-Sintesis-Progarma-Orientacion-Vocacional.pdf\" target=\"_blank\"><i class=\"fa-solid fa-file-pdf\" style=\"display: block;text-align: center;line-height: 1.1;color:red;font-size: 24px\"><\/i><\/a><\/span><\/td>\n<\/tr>\n<tr class=\"row-9\">\n\t<td class=\"column-1\">ANEXO N\u00b0 9 Reglamento de Evaluaci\u00f3n, Calificaci\u00f3n y Promoci\u00f3n Escolar<\/td><td class=\"column-2\"><span><a href=\"https:\/\/webpe.colegiomayor.cl\/wp-content\/uploads\/2026\/01\/2026_CMPe_Reglamento-de-Evaluacion.pdf\" target=\"_blank\"><i class=\"fa-solid fa-file-pdf\" style=\"display: block;text-align: center;line-height: 1.1;color:red;font-size: 24px\"><\/i><\/a><\/span><\/td>\n<\/tr>\n<tr class=\"row-10\">\n\t<td class=\"column-1\">ANEXO N\u00b0 10 Protocolo de Acci\u00f3n frente a la detecci\u00f3n de Vulneraci\u00f3n de Derecho<\/td><td class=\"column-2\"><span><a href=\"https:\/\/webpe.colegiomayor.cl\/wp-content\/uploads\/2025\/10\/Anexo-N\u00b0-10-Protocolo-de-Vulneracion-de-Derechos_MPV-1.pdf\" target=\"_blank\"><i class=\"fa-solid fa-file-pdf\" style=\"display: block;text-align: center;line-height: 1.1;color:red;font-size: 24px\"><\/i><\/a><\/span><\/td>\n<\/tr>\n<tr class=\"row-11\">\n\t<td class=\"column-1\">ANEXO N\u00b0 11 Protocolos de Actuaci\u00f3n frente a Abuso Sexual<\/td><td class=\"column-2\"><span><a href=\"https:\/\/webpe.colegiomayor.cl\/wp-content\/uploads\/2025\/11\/Anexo-11-Protocolos-de-Actuacion-Frente-a-Abuso-Sexual-2.pdf\" target=\"_blank\"><i class=\"fa-solid fa-file-pdf\" style=\"display: block;text-align: center;line-height: 1.1;color:red;font-size: 24px\"><\/i><\/a><\/span><\/td>\n<\/tr>\n<tr class=\"row-12\">\n\t<td class=\"column-1\">ANEXO N\u00b0 12 Protocolo de Actuaci\u00f3n frente al Consumo de Alcohol y otras Drogas L\u00edcitas o Il\u00edcitas<br \/>\n<\/td><td class=\"column-2\"><span><a href=\"https:\/\/webpe.colegiomayor.cl\/wp-content\/uploads\/2025\/08\/Anexo-N\u00b0-12-Protocolo-Actuacion-frente-al-consumo-porte-y-venta-de-Alcohol-y-Droga.pdf\" target=\"_blank\"><i class=\"fa-solid fa-file-pdf\" style=\"display: block;text-align: center;line-height: 1.1;color:red;font-size: 24px\"><\/i><\/a><\/span><\/td>\n<\/tr>\n<tr class=\"row-13\">\n\t<td class=\"column-1\">ANEXO N\u00b0 13 Protocolos de Actuaci\u00f3n frente a Hechos de Connotaci\u00f3n Sexual Educaci\u00f3n Parvularia<br \/>\n<\/td><td class=\"column-2\"><span><a href=\"https:\/\/webpe.colegiomayor.cl\/wp-content\/uploads\/2025\/08\/Anexo-N\u00b0-13-Procedimiento-de-Hechos-de-connotacion-sexual-E.-Parvularia.pdf\" target=\"_blank\"><i class=\"fa-solid fa-file-pdf\" style=\"display: block;text-align: center;line-height: 1.1;color:red;font-size: 24px\"><\/i><\/a><\/span><\/td>\n<\/tr>\n<tr class=\"row-14\">\n\t<td class=\"column-1\">ANEXO N\u00b0 14 Protocolo de Uso de Tel\u00e9fono M\u00f3vil<\/td><td class=\"column-2\"><span><a href=\"https:\/\/webpe.colegiomayor.cl\/wp-content\/uploads\/2026\/03\/ANEXO-N\u00b0-14-Protocolo-de-prohibicion-y-regulacion-de-dispositivos-moviles-2026.pdf\" target=\"_blank\"><i class=\"fa-solid fa-file-pdf\" style=\"display: block;text-align: center;line-height: 1.1;color:red;font-size: 24px\"><\/i><\/a><\/span><\/td>\n<\/tr>\n<tr class=\"row-15\">\n\t<td class=\"column-1\">ANEXO N\u00b0 15 Protocolo de Salidas Pedag\u00f3gicas<\/td><td class=\"column-2\"><span><a href=\"https:\/\/webpe.colegiomayor.cl\/wp-content\/uploads\/2026\/03\/Anexo-N\u00b0-15-Salidas-Pedagogicas-2026.pdf\" target=\"_blank\"><i class=\"fa-solid fa-file-pdf\" style=\"display: block;text-align: center;line-height: 1.1;color:red;font-size: 24px\"><\/i><\/a><\/span><\/td>\n<\/tr>\n<tr class=\"row-16\">\n\t<td class=\"column-1\">ANEXO N\u00b0 16 Protocolo de Retenci\u00f3n de Estudiantes Embarazadas, Madres o  Padres Adolescentes<\/td><td class=\"column-2\"><span><a href=\"https:\/\/webpe.colegiomayor.cl\/wp-content\/uploads\/2025\/08\/Anexo-N\u00b0-16-Protocolo_retencion_de_estudiantes_embarazadas_madres_o_padres_adolescentes.pdf\" target=\"_blank\"><i class=\"fa-solid fa-file-pdf\" style=\"display: block;text-align: center;line-height: 1.1;color:red;font-size: 24px\"><\/i><\/a><\/span><\/td>\n<\/tr>\n<tr class=\"row-17\">\n\t<td class=\"column-1\">ANEXO N\u00b0 17 Estatutos de Centro de Estudiantes CMPE<\/td><td class=\"column-2\"><span><a href=\"https:\/\/webpe.colegiomayor.cl\/wp-content\/uploads\/2025\/08\/Anexo-N\u00b0-17-Estatutos-Centro-de-Estudiantes-CEM.pdf\" target=\"_blank\"><i class=\"fa-solid fa-file-pdf\" style=\"display: block;text-align: center;line-height: 1.1;color:red;font-size: 24px\"><\/i><\/a><\/span><\/td>\n<\/tr>\n<tr class=\"row-18\">\n\t<td class=\"column-1\">ANEXO N\u00b0 18 Estatutos de Centro de Padres y Apoderados CMPE<br \/>\n<\/td><td class=\"column-2\"><span><a href=\"https:\/\/webpe.colegiomayor.cl\/wp-content\/uploads\/2025\/08\/Anexo-N\u00b0-18-Estatuto-Centro-de-Padres-original.pdf\" target=\"_blank\"><i class=\"fa-solid fa-file-pdf\" style=\"display: block;text-align: center;line-height: 1.1;color:red;font-size: 24px\"><\/i><\/a><\/span><\/td>\n<\/tr>\n<tr class=\"row-19\">\n\t<td class=\"column-1\">ANEXO N\u00b0 19 Protocolo de Actuaci\u00f3n frente a Desprestigios en Redes Sociales<\/td><td class=\"column-2\"><span><a href=\"https:\/\/webpe.colegiomayor.cl\/wp-content\/uploads\/2025\/08\/Anexo-N\u00b0-19-Protocolo-frente-a-desprestigio-uso-RRSS.pdf\" target=\"_blank\"><i class=\"fa-solid fa-file-pdf\" style=\"display: block;text-align: center;line-height: 1.1;color:red;font-size: 24px\"><\/i><\/a><\/span><\/td>\n<\/tr>\n<tr class=\"row-20\">\n\t<td class=\"column-1\">ANEXO N\u00b0 20 Protocolos de Actuaci\u00f3n en Prevenci\u00f3n del Suicidio<\/td><td class=\"column-2\"><span><a href=\"https:\/\/webpe.colegiomayor.cl\/wp-content\/uploads\/2025\/10\/Anexo-N\u00b0-20-Protocolo-de-actuacion-en-Prevencion-de-suicidio-Modificado-13-10-2024.pdf\" target=\"_blank\"><i class=\"fa-solid fa-file-pdf\" style=\"display: block;text-align: center;line-height: 1.1;color:red;font-size: 24px\"><\/i><\/a><\/span><\/td>\n<\/tr>\n<tr class=\"row-21\">\n\t<td class=\"column-1\">ANEXO N\u00b0 21 Protocolo de Acci\u00f3n ante situaciones de Maltrato Escolar, Acoso y Violencia Escolar<\/td><td class=\"column-2\"><span><a href=\"https:\/\/webpe.colegiomayor.cl\/wp-content\/uploads\/2026\/04\/Anexo-N\u00b0-21-Protocolo-actuacion-en-casos-de-Maltrato-Violencia-escolar-07-04-2026.pdf\" target=\"_blank\"><i class=\"fa-solid fa-file-pdf\" style=\"display: block;text-align: center;line-height: 1.1;color:red;font-size: 24px\"><\/i><\/a><\/span><\/td>\n<\/tr>\n<tr class=\"row-22\">\n\t<td class=\"column-1\">ANEXO N\u00b0 22 Salud Mental, Procedimiento y Protocolos<\/td><td class=\"column-2\"><span><a href=\"https:\/\/webpe.colegiomayor.cl\/wp-content\/uploads\/2025\/10\/ANEXO-22-SALUD-MENTAL-PROCEDIMIENTO-Y-PROTOCOLOS.pdf\" target=\"_blank\"><i class=\"fa-solid fa-file-pdf\" style=\"display: block;text-align: center;line-height: 1.1;color:red;font-size: 24px\"><\/i><\/a><\/span><\/td>\n<\/tr>\n<tr class=\"row-23\">\n\t<td class=\"column-1\">ANEXO N\u00b0 23 Regulaciones de Educaci\u00f3n F\u00edsica y Deportes<\/td><td class=\"column-2\"><span><a href=\"https:\/\/webpe.colegiomayor.cl\/wp-content\/uploads\/2026\/03\/Anexo-N\u00b0-23-REGULACIONS-EDUCACION-FISICA-DEPORTES-Y-SELECCIONES.pdf\" target=\"_blank\"><i class=\"fa-solid fa-file-pdf\" style=\"display: block;text-align: center;line-height: 1.1;color:red;font-size: 24px\"><\/i><\/a><\/span><\/td>\n<\/tr>\n<tr class=\"row-24\">\n\t<td class=\"column-1\">ANEXO N\u00b0 24 Reglamento de Selecciones Deportivas<\/td><td class=\"column-2\"><span><a href=\"https:\/\/webpe.colegiomayor.cl\/wp-content\/uploads\/2025\/08\/Anexo-N\u00b0-24-REGLAMENTO-SELECCIONES-DEPORTIVAS.pdf\" target=\"_blank\"><i class=\"fa-solid fa-file-pdf\" style=\"display: block;text-align: center;line-height: 1.1;color:red;font-size: 24px\"><\/i><\/a><\/span><\/td>\n<\/tr>\n<tr class=\"row-25\">\n\t<td class=\"column-1\">ANEXO N\u00b0 25 Procedimiento del Uso de Piscina<\/td><td class=\"column-2\"><span><a href=\"https:\/\/webpe.colegiomayor.cl\/wp-content\/uploads\/2025\/08\/Anexo-N\u00b0-25-REGLAMENTO-PISCINA-ESTADIO-MAYOR-1.pdf\" target=\"_blank\"><i class=\"fa-solid fa-file-pdf\" style=\"display: block;text-align: center;line-height: 1.1;color:red;font-size: 24px\"><\/i><\/a><\/span><\/td>\n<\/tr>\n<tr class=\"row-26\">\n\t<td class=\"column-1\">ANEXO N\u00b0 26 Procedimiento de Actualizaci\u00f3n de Reglamento Interno<\/td><td class=\"column-2\"><span><a href=\"https:\/\/webpe.colegiomayor.cl\/wp-content\/uploads\/2025\/08\/Anexo-N\u00b0-26-Protocolo-de-Actualizacion-y-Revision-RI.pdf\" target=\"_blank\"><i class=\"fa-solid fa-file-pdf\" style=\"display: block;text-align: center;line-height: 1.1;color:red;font-size: 24px\"><\/i><\/a><\/span><\/td>\n<\/tr>\n<tr class=\"row-27\">\n\t<td class=\"column-1\">ANEXO N\u00b0 27 Protocolo de Actuaci\u00f3n frente a Desregulaci\u00f3n Emocional y Conductual<\/td><td class=\"column-2\"><span><a href=\"https:\/\/webpe.colegiomayor.cl\/wp-content\/uploads\/2025\/10\/ANEXO-N\u00b027-PROTOCOLO-DESREGULACION-EMOCIONAL-Y-CONDUCTUAL.pdf\" target=\"_blank\"><i class=\"fa-solid fa-file-pdf\" style=\"display: block;text-align: center;line-height: 1.1;color:red;font-size: 24px\"><\/i><\/a><\/span><\/td>\n<\/tr>\n<tr class=\"row-28\">\n\t<td class=\"column-1\">ANEXO N\u00b0 27 - B BITACORA DESREGULACION EMOCIONAL Y CONDUCTUAL<\/td><td class=\"column-2\"><span><a href=\"https:\/\/webpe.colegiomayor.cl\/wp-content\/uploads\/2025\/10\/ANEXO-N\u00b0-27-B-BITACORA-DESREGULACION-EMOCIONAL-Y-CONDUCTUAL.pdf\" target=\"_blank\"><i class=\"fa-solid fa-file-pdf\" style=\"display: block;text-align: center;line-height: 1.1;color:red;font-size: 24px\"><\/i><\/a><\/span><\/td>\n<\/tr>\n<tr class=\"row-29\">\n\t<td class=\"column-1\">ANEXO N\u00b0 28 Protocolo de Actuaci\u00f3n frente a Desregulaci\u00f3n Emocional y Conductual <br \/>\npara Estudiantes TEA<\/td><td class=\"column-2\"><span><a href=\"https:\/\/webpe.colegiomayor.cl\/wp-content\/uploads\/2025\/10\/ANEXO-N\u00b028-PROTOCOLO-DESREGULACION-EMOCIONAL-Y-CONDUCTUAL-ESTUDIANTES-TEA-1.pdf\" target=\"_blank\"><i class=\"fa-solid fa-file-pdf\" style=\"display: block;text-align: center;line-height: 1.1;color:red;font-size: 24px\"><\/i><\/a><\/span><\/td>\n<\/tr>\n<tr class=\"row-30\">\n\t<td class=\"column-1\">ANEXO N\u00b0 28-B; PAEC-TEA <\/td><td class=\"column-2\"><span><a href=\"https:\/\/webpe.colegiomayor.cl\/wp-content\/uploads\/2025\/09\/Anexo-N\u00b0-28-B-PAEC-TEA.docx.pdf\" target=\"_blank\"><i class=\"fa-solid fa-file-pdf\" style=\"display: block;text-align: center;line-height: 1.1;color:red;font-size: 24px\"><\/i><\/a><\/span><\/td>\n<\/tr>\n<tr class=\"row-31\">\n\t<td class=\"column-1\">ANEXO N\u00b0 28-C; PAEC-TEA Certificado de Asistencia del Apoderado al Establecimiento TEA <\/td><td class=\"column-2\"><span><a href=\"https:\/\/webpe.colegiomayor.cl\/wp-content\/uploads\/2025\/10\/ANEXO-No-28-C-CERTIFICADO-DE-ASISTENCIA-DEL-APODERADO-AL-ESTABLECIMIENTO-TEA-3.pdf\" target=\"_blank\"><i class=\"fa-solid fa-file-pdf\" style=\"display: block;text-align: center;line-height: 1.1;color:red;font-size: 24px\"><\/i><\/a><\/span><\/td>\n<\/tr>\n<tr class=\"row-32\">\n\t<td class=\"column-1\">ANEXO N\u00b0 29 Plan de Apoyo a Estudiantes con Necesidades Educativas Especiales<\/td><td class=\"column-2\"><span><a href=\"https:\/\/webpe.colegiomayor.cl\/wp-content\/uploads\/2025\/10\/ANEXO-N\u00b029-PLAN-APOYO-ESTUDIANTES-NEE.pdf\" target=\"_blank\"><i class=\"fa-solid fa-file-pdf\" style=\"display: block;text-align: center;line-height: 1.1;color:red;font-size: 24px\"><\/i><\/a><\/span><\/td>\n<\/tr>\n<tr class=\"row-33\">\n\t<td class=\"column-1\">ANEXO N\u00b0 29 PAI<\/td><td class=\"column-2\"><span><a href=\"https:\/\/webpe.colegiomayor.cl\/wp-content\/uploads\/2025\/09\/ANEXO-N\u00b0-29-PAI-2025.pdf\" target=\"_blank\"><i class=\"fa-solid fa-file-pdf\" style=\"display: block;text-align: center;line-height: 1.1;color:red;font-size: 24px\"><\/i><\/a><\/span><\/td>\n<\/tr>\n<tr class=\"row-34\">\n\t<td class=\"column-1\">ANEXO N\u00b0 29 PACI<\/td><td class=\"column-2\"><span><a href=\"https:\/\/webpe.colegiomayor.cl\/wp-content\/uploads\/2025\/09\/ANEXO-N\u00b0-29-PACI-2025.pdf\" target=\"_blank\"><i class=\"fa-solid fa-file-pdf\" style=\"display: block;text-align: center;line-height: 1.1;color:red;font-size: 24px\"><\/i><\/a><\/span><\/td>\n<\/tr>\n<tr class=\"row-35\">\n\t<td class=\"column-1\">ANEXO N\u00b0 30 Protocolo para la Prevenci\u00f3n del acoso y violencia en el trabajo (Ley Karin N\u00b0 21.643)<\/td><td class=\"column-2\"><span><a href=\"https:\/\/webpe.colegiomayor.cl\/wp-content\/uploads\/2025\/09\/ANEXO-N\u00b0-30-Protocolo-Ley-Karin-Colegios-Mayores.pdf\" target=\"_blank\"><i class=\"fa-solid fa-file-pdf\" style=\"display: block;text-align: center;line-height: 1.1;color:red;font-size: 24px\"><\/i><\/a><\/span><\/td>\n<\/tr>\n<tr class=\"row-36\">\n\t<td class=\"column-1\">ANEXO N\u00b0 31 Procedimiento de denuncia de acoso laboral, sexual o violencia laboral (Ley Karin N\u00b0 21.643)<\/td><td class=\"column-2\"><span><a href=\"https:\/\/webpe.colegiomayor.cl\/wp-content\/uploads\/2025\/09\/ANEXO-N\u00b0-31-RESUMEN-PROCEDIMIENTO-DE-DENUNCIAS-LEY-KARIN-2.pdf\" target=\"_blank\"><i class=\"fa-solid fa-file-pdf\" style=\"display: block;text-align: center;line-height: 1.1;color:red;font-size: 24px\"><\/i><\/a><\/span><\/td>\n<\/tr>\n<\/tbody>\n<\/table>\n<!-- #tablepress-17 from cache -->[\/vc_column_text][\/vc_column_inner][\/vc_row_inner][vc_separator css=&#8221;&#8221;][\/vc_column][\/vc_row]<\/p>\n<\/div>","protected":false},"excerpt":{"rendered":"<p>[vc_row css=&#8221;.vc_custom_1491472723216{margin-bottom: 20px !important;}&#8221;][vc_column css=&#8221;.vc_custom_1490090587979{margin-bottom: 0px !important;}&#8221;][vc_custom_heading text=&#8221;Reglamento Interno y de Convivencia Escolar&#8221; font_container=&#8221;tag:h1|text_align:left&#8221; use_theme_fonts=&#8221;yes&#8221; css=&#8221;.vc_custom_1732770275134{margin-top: 0px !important;margin-bottom: 20px !important;}&#8221;][vc_row_inner][vc_column_inner width=&#8221;1\/3&#8243;][vc_gallery interval=&#8221;3&#8243; images=&#8221;38930&#8243; img_size=&#8221;medium&#8221; css=&#8221;&#8221;][\/vc_column_inner][vc_column_inner width=&#8221;2\/3&#8243;][vc_column_text css=&#8221;&#8221;]Se aspira a la conformaci\u00f3n de una Comunidad Educativa que sea capaz de proporcionar oportunidades a todos los integrantes&nbsp;<a href=\"https:\/\/webpe.colegiomayor.cl\/?page_id=854\">&hellip;<\/a><\/p>\n","protected":false},"author":1,"featured_media":0,"parent":0,"menu_order":0,"comment_status":"closed","ping_status":"closed","template":"template-sidebar-right-childpages.php","meta":{"content-type":"","footnotes":""},"class_list":["post-854","page","type-page","status-publish","hentry","odd"],"rttpg_featured_image_url":null,"rttpg_author":{"display_name":"josefariesco@gmail.com","author_link":"https:\/\/webpe.colegiomayor.cl\/?author=1"},"rttpg_comment":0,"rttpg_category":null,"rttpg_excerpt":"[vc_row css=&#8221;.vc_custom_1491472723216{margin-bottom: 20px !important;}&#8221;][vc_column css=&#8221;.vc_custom_1490090587979{margin-bottom: 0px !important;}&#8221;][vc_custom_heading text=&#8221;Reglamento Interno y de Convivencia Escolar&#8221; font_container=&#8221;tag:h1|text_align:left&#8221; use_theme_fonts=&#8221;yes&#8221; css=&#8221;.vc_custom_1732770275134{margin-top: 0px !important;margin-bottom: 20px !important;}&#8221;][vc_row_inner][vc_column_inner width=&#8221;1\/3&#8243;][vc_gallery interval=&#8221;3&#8243; images=&#8221;38930&#8243; img_size=&#8221;medium&#8221; css=&#8221;&#8221;][\/vc_column_inner][vc_column_inner width=&#8221;2\/3&#8243;][vc_column_text css=&#8221;&#8221;]Se aspira a la conformaci\u00f3n de una Comunidad Educativa que sea capaz de proporcionar oportunidades a todos los integrantes&nbsp;&hellip;","_links":{"self":[{"href":"https:\/\/webpe.colegiomayor.cl\/index.php?rest_route=\/wp\/v2\/pages\/854","targetHints":{"allow":["GET"]}}],"collection":[{"href":"https:\/\/webpe.colegiomayor.cl\/index.php?rest_route=\/wp\/v2\/pages"}],"about":[{"href":"https:\/\/webpe.colegiomayor.cl\/index.php?rest_route=\/wp\/v2\/types\/page"}],"author":[{"embeddable":true,"href":"https:\/\/webpe.colegiomayor.cl\/index.php?rest_route=\/wp\/v2\/users\/1"}],"replies":[{"embeddable":true,"href":"https:\/\/webpe.colegiomayor.cl\/index.php?rest_route=%2Fwp%2Fv2%2Fcomments&post=854"}],"version-history":[{"count":14,"href":"https:\/\/webpe.colegiomayor.cl\/index.php?rest_route=\/wp\/v2\/pages\/854\/revisions"}],"predecessor-version":[{"id":40693,"href":"https:\/\/webpe.colegiomayor.cl\/index.php?rest_route=\/wp\/v2\/pages\/854\/revisions\/40693"}],"wp:attachment":[{"href":"https:\/\/webpe.colegiomayor.cl\/index.php?rest_route=%2Fwp%2Fv2%2Fmedia&parent=854"}],"curies":[{"name":"wp","href":"https:\/\/api.w.org\/{rel}","templated":true}]}}