{"id":816,"date":"2024-12-03T18:25:31","date_gmt":"2024-12-03T21:25:31","guid":{"rendered":"https:\/\/webpe.colegiomayor.cl\/?page_id=816"},"modified":"2025-01-08T18:36:29","modified_gmt":"2025-01-08T21:36:29","slug":"protocolos-prevencion","status":"publish","type":"page","link":"https:\/\/webpe.colegiomayor.cl\/?page_id=816","title":{"rendered":"Protocolos y Prevenci\u00f3n"},"content":{"rendered":"<div class=\"wpb-content-wrapper\"><p>[vc_row][vc_column css=&#8221;.vc_custom_1489757662264{margin-bottom: 0px !important;}&#8221;][vc_custom_heading text=&#8221;Protocolos y Prevenci\u00f3n&#8221; font_container=&#8221;tag:h1|text_align:left&#8221; use_theme_fonts=&#8221;yes&#8221; css=&#8221;.vc_custom_1733261166003{margin-top: 0px !important;margin-bottom: 20px !important;}&#8221;][vc_custom_heading text=&#8221;El presente protocolo tiene los siguientes objetivos:&#8221; font_container=&#8221;tag:h4|text_align:left|color:%23000000&#8243; use_theme_fonts=&#8221;yes&#8221; css=&#8221;&#8221;][vc_row_inner][vc_column_inner]\n\t\t\t\t\t<div class=\"wh-theme-icon vc_custom_1733181539043  scp_theme_icon-91300ecb2160f608d2565afe032eeeed\">\n\t\t\t\t<i class=\"icon-edarrow\"><\/i>\n\t\t\t<\/div>\n\t\t\t\t[vc_custom_heading text=&#8221;Clarificar el significado del concepto de \u201cAbuso Sexual\u201d.&#8221; font_container=&#8221;tag:h6|font_size:14|text_align:left&#8221; use_theme_fonts=&#8221;yes&#8221; css=&#8221;.vc_custom_1733261428513{margin-bottom: 10px !important;padding-left: 18px !important;}&#8221;]\n\t\t\t\t\t<div class=\"wh-theme-icon vc_custom_1733181539043  scp_theme_icon-91300ecb2160f608d2565afe032eeeed\">\n\t\t\t\t<i class=\"icon-edarrow\"><\/i>\n\t\t\t<\/div>\n\t\t\t\t[vc_custom_heading text=&#8221;Identificar factores protectores relacionados con la prevenci\u00f3n de abuso sexual infantil.&#8221; font_container=&#8221;tag:h6|font_size:14|text_align:left&#8221; use_theme_fonts=&#8221;yes&#8221; css=&#8221;.vc_custom_1733261469612{margin-bottom: 10px !important;padding-left: 18px !important;}&#8221;]\n\t\t\t\t\t<div class=\"wh-theme-icon vc_custom_1733181539043  scp_theme_icon-91300ecb2160f608d2565afe032eeeed\">\n\t\t\t\t<i class=\"icon-edarrow\"><\/i>\n\t\t\t<\/div>\n\t\t\t\t[vc_custom_heading text=&#8221;Unificar procedimientos ante posibles situaciones de abuso sexual.&#8221; font_container=&#8221;tag:h6|font_size:14|text_align:left&#8221; use_theme_fonts=&#8221;yes&#8221; css=&#8221;.vc_custom_1733261492931{margin-bottom: 10px !important;padding-left: 18px !important;}&#8221;]\n\t\t\t\t\t<div class=\"wh-theme-icon vc_custom_1733181539043  scp_theme_icon-91300ecb2160f608d2565afe032eeeed\">\n\t\t\t\t<i class=\"icon-edarrow\"><\/i>\n\t\t\t<\/div>\n\t\t\t\t[vc_custom_heading text=&#8221;Identificar acciones de prevenci\u00f3n de abuso sexual infantil.&#8221; font_container=&#8221;tag:h6|font_size:14|text_align:left&#8221; use_theme_fonts=&#8221;yes&#8221; css=&#8221;.vc_custom_1733261514082{margin-bottom: 10px !important;padding-left: 18px !important;}&#8221;][\/vc_column_inner][\/vc_row_inner][vc_row_inner][vc_column_inner][vc_column_text css=&#8221;&#8221;]Para la validaci\u00f3n de este protocolo se ha entregado la responsabilidad al Comit\u00e9 de Convivencia, en el que participan:[\/vc_column_text]\n\t\t\t\t\t<div class=\"wh-theme-icon vc_custom_1733181539043  scp_theme_icon-91300ecb2160f608d2565afe032eeeed\">\n\t\t\t\t<i class=\"icon-edarrow\"><\/i>\n\t\t\t<\/div>\n\t\t\t\t[vc_custom_heading text=&#8221;La Direcci\u00f3n del Colegio.&#8221; font_container=&#8221;tag:h6|font_size:14|text_align:left&#8221; use_theme_fonts=&#8221;yes&#8221; css=&#8221;.vc_custom_1733261609744{margin-bottom: 10px !important;padding-left: 18px !important;}&#8221;]\n\t\t\t\t\t<div class=\"wh-theme-icon vc_custom_1733181539043  scp_theme_icon-91300ecb2160f608d2565afe032eeeed\">\n\t\t\t\t<i class=\"icon-edarrow\"><\/i>\n\t\t\t<\/div>\n\t\t\t\t[vc_custom_heading text=&#8221;Los Directores de ciclos.&#8221; font_container=&#8221;tag:h6|font_size:14|text_align:left&#8221; use_theme_fonts=&#8221;yes&#8221; css=&#8221;.vc_custom_1733261630642{margin-bottom: 10px !important;padding-left: 18px !important;}&#8221;]\n\t\t\t\t\t<div class=\"wh-theme-icon vc_custom_1733181539043  scp_theme_icon-91300ecb2160f608d2565afe032eeeed\">\n\t\t\t\t<i class=\"icon-edarrow\"><\/i>\n\t\t\t<\/div>\n\t\t\t\t[vc_custom_heading text=&#8221;Un psic\u00f3logo u orientador.&#8221; font_container=&#8221;tag:h6|font_size:14|text_align:left&#8221; use_theme_fonts=&#8221;yes&#8221; css=&#8221;.vc_custom_1733261648126{margin-bottom: 10px !important;padding-left: 18px !important;}&#8221;]\n\t\t\t\t\t<div class=\"wh-theme-icon vc_custom_1733181539043  scp_theme_icon-91300ecb2160f608d2565afe032eeeed\">\n\t\t\t\t<i class=\"icon-edarrow\"><\/i>\n\t\t\t<\/div>\n\t\t\t\t[vc_custom_heading text=&#8221;Profesores representante de los tres ciclos de la comunidad escolar.&#8221; font_container=&#8221;tag:h6|font_size:14|text_align:left&#8221; use_theme_fonts=&#8221;yes&#8221; css=&#8221;.vc_custom_1733261666244{margin-bottom: 10px !important;padding-left: 18px !important;}&#8221;]\n\t\t\t\t\t<div class=\"wh-theme-icon vc_custom_1733181539043  scp_theme_icon-91300ecb2160f608d2565afe032eeeed\">\n\t\t\t\t<i class=\"icon-edarrow\"><\/i>\n\t\t\t<\/div>\n\t\t\t\t[vc_custom_heading text=&#8221;Apoderados representantes de los tres ciclos de la comunidad escolar.&#8221; font_container=&#8221;tag:h6|font_size:14|text_align:left&#8221; use_theme_fonts=&#8221;yes&#8221; css=&#8221;.vc_custom_1733261688158{margin-bottom: 10px !important;padding-left: 18px !important;}&#8221;]\n\t\t\t\t\t<div class=\"wh-theme-icon vc_custom_1733181539043  scp_theme_icon-91300ecb2160f608d2565afe032eeeed\">\n\t\t\t\t<i class=\"icon-edarrow\"><\/i>\n\t\t\t<\/div>\n\t\t\t\t[vc_custom_heading text=&#8221;Un representante del Centro&#8221; font_container=&#8221;tag:h6|font_size:14|text_align:left&#8221; use_theme_fonts=&#8221;yes&#8221; css=&#8221;.vc_custom_1733261706575{margin-bottom: 10px !important;padding-left: 18px !important;}&#8221;]\n\t\t\t\t\t<div class=\"wh-theme-icon vc_custom_1733181539043  scp_theme_icon-91300ecb2160f608d2565afe032eeeed\">\n\t\t\t\t<i class=\"icon-edarrow\"><\/i>\n\t\t\t<\/div>\n\t\t\t\t[vc_custom_heading text=&#8221;General de Padres y Apoderados.&#8221; font_container=&#8221;tag:h6|font_size:14|text_align:left&#8221; use_theme_fonts=&#8221;yes&#8221; css=&#8221;.vc_custom_1733261728491{margin-bottom: 10px !important;padding-left: 18px !important;}&#8221;]\n\t\t\t\t\t<div class=\"wh-theme-icon vc_custom_1733181539043  scp_theme_icon-91300ecb2160f608d2565afe032eeeed\">\n\t\t\t\t<i class=\"icon-edarrow\"><\/i>\n\t\t\t<\/div>\n\t\t\t\t[vc_custom_heading text=&#8221;Un representante del Centro de Alumnos.&#8221; font_container=&#8221;tag:h6|font_size:14|text_align:left&#8221; use_theme_fonts=&#8221;yes&#8221; css=&#8221;.vc_custom_1733261748924{margin-bottom: 10px !important;padding-left: 18px !important;}&#8221;][vc_column_text css=&#8221;&#8221;]El presente documento ser\u00e1 revisado una vez al a\u00f1o, junto con el Manual de Convivencia, para mantenerlo actualizado de acuerdo a los ajustes que sean necesarios en relaci\u00f3n a los avances legislativos del pa\u00eds o los requerimientos que surjan de su implementaci\u00f3n en la pr\u00e1ctica.[\/vc_column_text][\/vc_column_inner][\/vc_row_inner][vc_separator border_width=&#8221;4&#8243;][\/vc_column][\/vc_row][vc_row css=&#8221;.vc_custom_1487773030229{margin-bottom: 35px !important;}&#8221;][vc_column width=&#8221;2\/3&#8243;]\n\t\t\t\t\t<a\n\t\t\t\thref=\"https:\/\/webpe.colegiomayor.cl\/wp-content\/uploads\/2025\/01\/Protocolo_abuso_sexual_HCS_CMPe_oct2021-comprimido.pdf\"\n\t\t\t\tclass=\"wh-theme-icon vc_custom_1736372155554  scp_theme_icon-5b811e46dd0514b4dd88a33a97accc36\"\n\t\t\t\t\t\t\t\t\t\t\t\t\ttarget=\"_blank\"\n\t\t\t\t\t\t\t\t><i class=\"icon-edic_picture_as_pdf\"><\/i><\/a>\n\t\t\t\t[vc_custom_heading text=&#8221;Descargar&#8221; font_container=&#8221;tag:h5|text_align:left|color:%23000000&#8243; use_theme_fonts=&#8221;yes&#8221; css=&#8221;.vc_custom_1732764210246{margin-bottom: 10px !important;padding-left: 75px !important;}&#8221; link=&#8221;url:https%3A%2F%2Fwebpe.colegiomayor.cl%2Fwp-content%2Fuploads%2F2024%2F11%2FDocumento_Indicativo_PEN_06_22.pdf|target:_blank&#8221;][vc_custom_heading text=&#8221;Documento Protocolos y Prevenci\u00f3n&#8221; font_container=&#8221;tag:p|text_align:left|color:%23aeafaf&#8221; use_theme_fonts=&#8221;yes&#8221; css=&#8221;.vc_custom_1733261992354{padding-left: 75px !important;}&#8221;][\/vc_column][vc_column width=&#8221;1\/3&#8243;][\/vc_column][\/vc_row]<\/p>\n<\/div>","protected":false},"excerpt":{"rendered":"<p>[vc_row][vc_column css=&#8221;.vc_custom_1489757662264{margin-bottom: 0px !important;}&#8221;][vc_custom_heading text=&#8221;Protocolos y Prevenci\u00f3n&#8221; font_container=&#8221;tag:h1|text_align:left&#8221; use_theme_fonts=&#8221;yes&#8221; css=&#8221;.vc_custom_1733261166003{margin-top: 0px !important;margin-bottom: 20px !important;}&#8221;][vc_custom_heading text=&#8221;El presente protocolo tiene los siguientes objetivos:&#8221; font_container=&#8221;tag:h4|text_align:left|color:%23000000&#8243; use_theme_fonts=&#8221;yes&#8221; css=&#8221;&#8221;][vc_row_inner][vc_column_inner][vc_custom_heading text=&#8221;Clarificar el significado del concepto de \u201cAbuso Sexual\u201d.&#8221; font_container=&#8221;tag:h6|font_size:14|text_align:left&#8221; use_theme_fonts=&#8221;yes&#8221; css=&#8221;.vc_custom_1733261428513{margin-bottom: 10px !important;padding-left: 18px !important;}&#8221;][vc_custom_heading text=&#8221;Identificar factores protectores relacionados con la&nbsp;<a href=\"https:\/\/webpe.colegiomayor.cl\/?page_id=816\">&hellip;<\/a><\/p>\n","protected":false},"author":1,"featured_media":0,"parent":854,"menu_order":7,"comment_status":"closed","ping_status":"closed","template":"template-sidebar-right-childpages.php","meta":{"content-type":"","footnotes":""},"class_list":["post-816","page","type-page","status-publish","hentry","odd"],"rttpg_featured_image_url":null,"rttpg_author":{"display_name":"josefariesco@gmail.com","author_link":"https:\/\/webpe.colegiomayor.cl\/?author=1"},"rttpg_comment":0,"rttpg_category":null,"rttpg_excerpt":"[vc_row][vc_column css=&#8221;.vc_custom_1489757662264{margin-bottom: 0px !important;}&#8221;][vc_custom_heading text=&#8221;Protocolos y Prevenci\u00f3n&#8221; font_container=&#8221;tag:h1|text_align:left&#8221; use_theme_fonts=&#8221;yes&#8221; css=&#8221;.vc_custom_1733261166003{margin-top: 0px !important;margin-bottom: 20px !important;}&#8221;][vc_custom_heading text=&#8221;El presente protocolo tiene los siguientes objetivos:&#8221; font_container=&#8221;tag:h4|text_align:left|color:%23000000&#8243; use_theme_fonts=&#8221;yes&#8221; css=&#8221;&#8221;][vc_row_inner][vc_column_inner][vc_custom_heading text=&#8221;Clarificar el significado del concepto de \u201cAbuso Sexual\u201d.&#8221; font_container=&#8221;tag:h6|font_size:14|text_align:left&#8221; use_theme_fonts=&#8221;yes&#8221; css=&#8221;.vc_custom_1733261428513{margin-bottom: 10px !important;padding-left: 18px !important;}&#8221;][vc_custom_heading text=&#8221;Identificar factores protectores relacionados con la&nbsp;&hellip;","_links":{"self":[{"href":"https:\/\/webpe.colegiomayor.cl\/index.php?rest_route=\/wp\/v2\/pages\/816","targetHints":{"allow":["GET"]}}],"collection":[{"href":"https:\/\/webpe.colegiomayor.cl\/index.php?rest_route=\/wp\/v2\/pages"}],"about":[{"href":"https:\/\/webpe.colegiomayor.cl\/index.php?rest_route=\/wp\/v2\/types\/page"}],"author":[{"embeddable":true,"href":"https:\/\/webpe.colegiomayor.cl\/index.php?rest_route=\/wp\/v2\/users\/1"}],"replies":[{"embeddable":true,"href":"https:\/\/webpe.colegiomayor.cl\/index.php?rest_route=%2Fwp%2Fv2%2Fcomments&post=816"}],"version-history":[{"count":4,"href":"https:\/\/webpe.colegiomayor.cl\/index.php?rest_route=\/wp\/v2\/pages\/816\/revisions"}],"predecessor-version":[{"id":37301,"href":"https:\/\/webpe.colegiomayor.cl\/index.php?rest_route=\/wp\/v2\/pages\/816\/revisions\/37301"}],"up":[{"embeddable":true,"href":"https:\/\/webpe.colegiomayor.cl\/index.php?rest_route=\/wp\/v2\/pages\/854"}],"wp:attachment":[{"href":"https:\/\/webpe.colegiomayor.cl\/index.php?rest_route=%2Fwp%2Fv2%2Fmedia&parent=816"}],"curies":[{"name":"wp","href":"https:\/\/api.w.org\/{rel}","templated":true}]}}