{"id":577,"date":"2024-11-28T00:05:19","date_gmt":"2024-11-28T03:05:19","guid":{"rendered":"https:\/\/webpe.colegiomayor.cl\/?page_id=577"},"modified":"2026-03-20T10:46:22","modified_gmt":"2026-03-20T13:46:22","slug":"proyecto-educativo-institucional","status":"publish","type":"page","link":"https:\/\/webpe.colegiomayor.cl\/?page_id=577","title":{"rendered":"Proyecto Educativo Institucional"},"content":{"rendered":"<div class=\"wpb-content-wrapper\"><p>[vc_row css=&#8221;.vc_custom_1487250199380{margin-bottom: 35px !important;}&#8221;][vc_column css=&#8221;.vc_custom_1490018662966{margin-bottom: 0px !important;}&#8221;][vc_custom_heading text=&#8221;Proyecto Educativo Institucional&#8221; font_container=&#8221;tag:h1|text_align:left&#8221; use_theme_fonts=&#8221;yes&#8221; css=&#8221;.vc_custom_1732763144851{margin-top: 0px !important;margin-bottom: 20px !important;}&#8221;][vc_custom_heading text=&#8221;Proyecto Educativo Institucional Colegio Mayor&#8221; font_container=&#8221;tag:h4|text_align:left&#8221; use_theme_fonts=&#8221;yes&#8221; css=&#8221;&#8221;][\/vc_column][\/vc_row][vc_row][vc_column width=&#8221;1\/2&#8243; css=&#8221;.vc_custom_1459847629856{margin-bottom: 0px !important;}&#8221;][vc_column_text css=&#8221;.vc_custom_1732763256150{padding-right: 20px !important;}&#8221;]El Proyecto Educativo Institucional del\u00a0<strong>Colegio Mayor<\/strong>\u00a0busca propiciar el desarrollo integral de nuestros estudiantes, generando las condiciones necesarias para transferir de manera efectiva las competencias indispensables de este siglo: aprender a aprender, aprender a convivir, aprender a ser y aprender a hacer.<\/p>\n<p>Estos objetivos se consiguen con metodolog\u00edas pedag\u00f3gicas que favorecen una actitud activa, din\u00e1mica y participativa por parte de los estudiantes, siendo estos siempre el eje central del proceso educativo. Para ello, la innovaci\u00f3n y continuo perfeccionamiento son caracter\u00edsticas distintivas de los profesores del establecimiento.[\/vc_column_text][\/vc_column][vc_column width=&#8221;1\/2&#8243;][vc_single_image image=&#8221;37775&#8243; img_size=&#8221;full&#8221; css_animation=&#8221;fadeIn&#8221; css=&#8221;&#8221;][vc_single_image image=&#8221;97&#8243; img_size=&#8221;full&#8221; css_animation=&#8221;fadeIn&#8221;][\/vc_column][\/vc_row][vc_row][vc_column width=&#8221;1\/2&#8243; css=&#8221;.vc_custom_1459847672941{margin-bottom: 0px !important;}&#8221;][vc_column_text css=&#8221;.vc_custom_1732763306538{padding-right: 20px !important;}&#8221;]El\u00a0<strong>Colegio Mayor<\/strong>\u00a0se distingue por su nivel acad\u00e9mico, por la aplicaci\u00f3n de did\u00e1cticas efectivas, por el uso de tecnolog\u00edas de vanguardia, por el \u00e9nfasis en la ense\u00f1anza del idioma Ingl\u00e9s, por el impulso del \u00e1mbito art\u00edstico, por la promoci\u00f3n del deporte, por el desarrollo de Talleres y Academias, por la inclusi\u00f3n de las familias y por su infraestructura de primer nivel.[\/vc_column_text][\/vc_column][vc_column width=&#8221;1\/2&#8243; css=&#8221;.vc_custom_1490170360438{margin-bottom: 0px !important;}&#8221;][vc_single_image image=&#8221;40567&#8243; img_size=&#8221;full&#8221; css_animation=&#8221;fadeIn&#8221; css=&#8221;&#8221;][\/vc_column][\/vc_row][vc_row css=&#8221;.vc_custom_1459427754259{padding-top: 20px !important;}&#8221;][vc_column css=&#8221;.vc_custom_1490170363831{margin-bottom: 0px !important;}&#8221;][vc_column_text css=&#8221;.vc_custom_1732763633436{padding-right: 20px !important;}&#8221;]Colegio Mayor se inspira en una nueva concepci\u00f3n de educaci\u00f3n interpretada ya no en sentido pasivo, sino, din\u00e1mico y participativo, tendiente a ser participe y protagonista de la sociedad. Desarrolla competencias en sus alumnos que le permitan actuar y convivir en cualquier \u00e1mbito en el que se enfrenten, combinando y movilizando sus recursos personales, y valores de tal forma de desarrollar en ellos la capacidad de saber actuar y querer actuar, en cualquier contexto, dos principios b\u00e1sicos para lograr el \u00e9xito en el mundo de hoy.[\/vc_column_text][vc_separator border_width=&#8221;4&#8243;][\/vc_column][\/vc_row][vc_row css=&#8221;.vc_custom_1487773030229{margin-bottom: 35px !important;}&#8221;][vc_column width=&#8221;2\/3&#8243;]\n\t\t\t\t\t<a\n\t\t\t\thref=\"https:\/\/webpe.colegiomayor.cl\/wp-content\/uploads\/2025\/01\/Documento_Indicativo_PEN_06_22-comprimido.pdf\"\n\t\t\t\tclass=\"wh-theme-icon vc_custom_1736373298867  scp_theme_icon-0c2ff3acf918b76ab75ba3aa0d059476\"\n\t\t\t\t\t\t\t\t\t\t\t\t\ttarget=\"_blank\"\n\t\t\t\t\t\t\t\t><i class=\"icon-edic_picture_as_pdf\"><\/i><\/a>\n\t\t\t\t[vc_custom_heading text=&#8221;Descargar&#8221; font_container=&#8221;tag:h5|text_align:left|color:%23000000&#8243; use_theme_fonts=&#8221;yes&#8221; css=&#8221;.vc_custom_1732764210246{margin-bottom: 10px !important;padding-left: 75px !important;}&#8221; link=&#8221;url:https%3A%2F%2Fwebpe.colegiomayor.cl%2Fwp-content%2Fuploads%2F2024%2F11%2FDocumento_Indicativo_PEN_06_22.pdf|target:_blank&#8221;][vc_custom_heading text=&#8221;Documento Proyecto Educativo Institucional&#8221; font_container=&#8221;tag:p|text_align:left|color:%23aeafaf&#8221; use_theme_fonts=&#8221;yes&#8221; css=&#8221;.vc_custom_1732763715789{padding-left: 75px !important;}&#8221;][\/vc_column][vc_column width=&#8221;1\/3&#8243;][\/vc_column][\/vc_row]<\/p>\n<\/div>","protected":false},"excerpt":{"rendered":"<p>[vc_row css=&#8221;.vc_custom_1487250199380{margin-bottom: 35px !important;}&#8221;][vc_column css=&#8221;.vc_custom_1490018662966{margin-bottom: 0px !important;}&#8221;][vc_custom_heading text=&#8221;Proyecto Educativo Institucional&#8221; font_container=&#8221;tag:h1|text_align:left&#8221; use_theme_fonts=&#8221;yes&#8221; css=&#8221;.vc_custom_1732763144851{margin-top: 0px !important;margin-bottom: 20px !important;}&#8221;][vc_custom_heading text=&#8221;Proyecto Educativo Institucional Colegio Mayor&#8221; font_container=&#8221;tag:h4|text_align:left&#8221; use_theme_fonts=&#8221;yes&#8221; css=&#8221;&#8221;][\/vc_column][\/vc_row][vc_row][vc_column width=&#8221;1\/2&#8243; css=&#8221;.vc_custom_1459847629856{margin-bottom: 0px !important;}&#8221;][vc_column_text css=&#8221;.vc_custom_1732763256150{padding-right: 20px !important;}&#8221;]El Proyecto Educativo Institucional del\u00a0Colegio Mayor\u00a0busca propiciar el desarrollo integral de nuestros estudiantes, generando&nbsp;<a href=\"https:\/\/webpe.colegiomayor.cl\/?page_id=577\">&hellip;<\/a><\/p>\n","protected":false},"author":1,"featured_media":0,"parent":589,"menu_order":7,"comment_status":"closed","ping_status":"closed","template":"template-sidebar-right-childpages.php","meta":{"content-type":"","footnotes":""},"class_list":["post-577","page","type-page","status-publish","hentry","odd"],"rttpg_featured_image_url":null,"rttpg_author":{"display_name":"josefariesco@gmail.com","author_link":"https:\/\/webpe.colegiomayor.cl\/?author=1"},"rttpg_comment":0,"rttpg_category":null,"rttpg_excerpt":"[vc_row css=&#8221;.vc_custom_1487250199380{margin-bottom: 35px !important;}&#8221;][vc_column css=&#8221;.vc_custom_1490018662966{margin-bottom: 0px !important;}&#8221;][vc_custom_heading text=&#8221;Proyecto Educativo Institucional&#8221; font_container=&#8221;tag:h1|text_align:left&#8221; use_theme_fonts=&#8221;yes&#8221; css=&#8221;.vc_custom_1732763144851{margin-top: 0px !important;margin-bottom: 20px !important;}&#8221;][vc_custom_heading text=&#8221;Proyecto Educativo Institucional Colegio Mayor&#8221; font_container=&#8221;tag:h4|text_align:left&#8221; use_theme_fonts=&#8221;yes&#8221; css=&#8221;&#8221;][\/vc_column][\/vc_row][vc_row][vc_column width=&#8221;1\/2&#8243; css=&#8221;.vc_custom_1459847629856{margin-bottom: 0px !important;}&#8221;][vc_column_text css=&#8221;.vc_custom_1732763256150{padding-right: 20px !important;}&#8221;]El Proyecto Educativo Institucional del\u00a0Colegio Mayor\u00a0busca propiciar el desarrollo integral de nuestros estudiantes, generando&nbsp;&hellip;","_links":{"self":[{"href":"https:\/\/webpe.colegiomayor.cl\/index.php?rest_route=\/wp\/v2\/pages\/577","targetHints":{"allow":["GET"]}}],"collection":[{"href":"https:\/\/webpe.colegiomayor.cl\/index.php?rest_route=\/wp\/v2\/pages"}],"about":[{"href":"https:\/\/webpe.colegiomayor.cl\/index.php?rest_route=\/wp\/v2\/types\/page"}],"author":[{"embeddable":true,"href":"https:\/\/webpe.colegiomayor.cl\/index.php?rest_route=\/wp\/v2\/users\/1"}],"replies":[{"embeddable":true,"href":"https:\/\/webpe.colegiomayor.cl\/index.php?rest_route=%2Fwp%2Fv2%2Fcomments&post=577"}],"version-history":[{"count":10,"href":"https:\/\/webpe.colegiomayor.cl\/index.php?rest_route=\/wp\/v2\/pages\/577\/revisions"}],"predecessor-version":[{"id":40658,"href":"https:\/\/webpe.colegiomayor.cl\/index.php?rest_route=\/wp\/v2\/pages\/577\/revisions\/40658"}],"up":[{"embeddable":true,"href":"https:\/\/webpe.colegiomayor.cl\/index.php?rest_route=\/wp\/v2\/pages\/589"}],"wp:attachment":[{"href":"https:\/\/webpe.colegiomayor.cl\/index.php?rest_route=%2Fwp%2Fv2%2Fmedia&parent=577"}],"curies":[{"name":"wp","href":"https:\/\/api.w.org\/{rel}","templated":true}]}}