{"id":40877,"date":"2026-05-03T18:22:58","date_gmt":"2026-05-03T21:22:58","guid":{"rendered":"https:\/\/webpe.colegiomayor.cl\/?page_id=40877"},"modified":"2026-05-06T22:07:17","modified_gmt":"2026-05-07T01:07:17","slug":"deportes-copy-copy","status":"publish","type":"page","link":"https:\/\/webpe.colegiomayor.cl\/?page_id=40877","title":{"rendered":"Ingles"},"content":{"rendered":"<div class=\"wpb-content-wrapper\"><p>[vc_row][vc_column css=&#8221;.vc_custom_1490101954713{margin-bottom: 0px !important;}&#8221;][vc_custom_heading text=&#8221;M\u00e1s que una Promesa, una Realidad Certificada&#8221; font_container=&#8221;tag:h1|text_align:left&#8221; use_theme_fonts=&#8221;yes&#8221; css=&#8221;&#8221;][vc_row_inner][vc_column_inner][vc_column_text css=&#8221;&#8221;]En el Colegio Mayor no ense\u00f1amos ingl\u00e9s como un ramo m\u00e1s.<br \/>\nLo transformamos en una <b>herramienta real para el futuro<\/b>, preparando a nuestros estudiantes para que logren alcanzar una <b>certificaci\u00f3n internacional B2 de Cambridge<\/b>, reconocida en todo el mundo.[\/vc_column_text][\/vc_column_inner][\/vc_row_inner][vc_single_image image=&#8221;40765&#8243; img_size=&#8221;full&#8221; alignment=&#8221;center&#8221; css=&#8221;&#8221;][vc_row_inner gap=&#8221;10&#8243;][vc_column_inner width=&#8221;1\/2&#8243; css=&#8221;.vc_custom_1778115342886{padding-top: 0px !important;padding-right: 0px !important;background-color: #FCF7F9 !important;border-radius: 15px !important;border-color: #FCF7F9 !important;}&#8221;][vc_single_image image=&#8221;40767&#8243; img_size=&#8221;full&#8221; css=&#8221;.vc_custom_1778115180043{margin-top: 0px !important;}&#8221;][vc_column_text css=&#8221;.vc_custom_1778115418200{background-color: #FCF7F9 !important;}&#8221;]<\/p>\n<p style=\"text-align: center;\"><strong>Cambridge English<\/strong><\/p>\n<ul>\n<li>Colegio reconocido como <strong>Cambridge <\/strong><strong>Partner<\/strong><\/li>\n<li>Materiales oficiales y est\u00e1ndares internacionales<\/li>\n<\/ul>\n<p>[\/vc_column_text][\/vc_column_inner][vc_column_inner width=&#8221;1\/2&#8243; css=&#8221;.vc_custom_1778115372985{padding-top: 0px !important;padding-right: 0px !important;background-color: #FCF7F9 !important;border-radius: 15px !important;}&#8221;][vc_single_image image=&#8221;40775&#8243; img_size=&#8221;full&#8221; css=&#8221;&#8221;][vc_column_text css=&#8221;.vc_custom_1778115432817{background-color: #FCF7F9 !important;}&#8221;]<\/p>\n<p style=\"text-align: center;\"><strong>English UC \u2013 Pontificia Universidad<\/strong><br \/>\n<strong>Cat\u00f3lica de Chile<\/strong><\/p>\n<ul>\n<li>Centro examinador autorizado<\/li>\n<li>Apoyo directo en el proceso de certificaci\u00f3n<\/li>\n<\/ul>\n<p>[\/vc_column_text][\/vc_column_inner][\/vc_row_inner][vc_row_inner css=&#8221;.vc_custom_1777662136910{margin-top: 10px !important;}&#8221;][vc_column_inner][vc_column_text css=&#8221;&#8221;]<\/p>\n<table style=\"border: none; font-family: Montserrat; letter-spacing: 0.1px; font-weight: 400; font-style: normal; color: #7c7c7c; font-size: 16px;\">\n<tbody>\n<tr>\n<td style=\"border: none;\"><img loading=\"lazy\" decoding=\"async\" class=\"alignleft wp-image-40786\" src=\"https:\/\/webpe.colegiomayor.cl\/wp-content\/uploads\/2026\/05\/icon-01-300x244.png\" alt=\"\" width=\"110\" height=\"89\" srcset=\"https:\/\/webpe.colegiomayor.cl\/wp-content\/uploads\/2026\/05\/icon-01-300x244.png 300w, https:\/\/webpe.colegiomayor.cl\/wp-content\/uploads\/2026\/05\/icon-01.png 305w\" sizes=\"auto, (max-width: 110px) 100vw, 110px\" \/><\/td>\n<td style=\"border: none;\">\n<h3><strong>Certificaci\u00f3n internacional que marca la diferencia<\/strong><\/h3>\n<p>Nuestros estudiantes acceden a certificaciones progresivas:<\/td>\n<\/tr>\n<\/tbody>\n<\/table>\n<p>[\/vc_column_text][\/vc_column_inner][\/vc_row_inner][vc_row_inner css=&#8221;.vc_custom_1777665548571{margin-right: 10px !important;margin-left: 5px !important;background-color: #FCF7F9 !important;border-radius: 15px !important;}&#8221;][vc_column_inner][vc_column_text css=&#8221;&#8221;]<\/p>\n<p>[\/vc_column_text][vc_column_text css=&#8221;&#8221;]<\/p>\n<table style=\"border: none; font-family: Montserrat; letter-spacing: 0.1px; font-weight: 400; font-style: normal; color: #7c7c7c; font-size: 16px;\">\n<tbody>\n<tr>\n<td style=\"border: none;\"><img loading=\"lazy\" decoding=\"async\" class=\"wp-image-40794 alignleft\" src=\"https:\/\/webpe.colegiomayor.cl\/wp-content\/uploads\/2026\/05\/icon-02-150x104.png\" alt=\"\" width=\"50\" height=\"35\" \/><\/td>\n<td style=\"border: none;\">B1 Preliminary<strong> (PET)<\/strong> en 8\u00b0 B\u00e1sico (optativa de forma personal)<\/td>\n<\/tr>\n<tr>\n<td style=\"border: none;\"><img loading=\"lazy\" decoding=\"async\" class=\"wp-image-40794 alignleft\" src=\"https:\/\/webpe.colegiomayor.cl\/wp-content\/uploads\/2026\/05\/icon-02-150x104.png\" alt=\"\" width=\"50\" height=\"35\" \/><\/td>\n<td style=\"border: none;\">B2 First <strong>(FCE for Schools)<\/strong> en III\u00b0 Medio (optativa de forma personal &#8211; Alianza English UC)<\/td>\n<\/tr>\n<tr>\n<td style=\"border: none;\"><img loading=\"lazy\" decoding=\"async\" class=\"alignleft wp-image-40795\" src=\"https:\/\/webpe.colegiomayor.cl\/wp-content\/uploads\/2026\/05\/icon-03-160x138.png\" alt=\"\" width=\"50\" height=\"43\" \/><\/td>\n<td style=\"border: none;\">Certificaci\u00f3n rendida una sola vez y <strong>v\u00e1lida de por vida<\/strong><\/td>\n<\/tr>\n<\/tbody>\n<\/table>\n<p>[\/vc_column_text][\/vc_column_inner][\/vc_row_inner][vc_row_inner css=&#8221;.vc_custom_1777662136910{margin-top: 10px !important;}&#8221;][vc_column_inner][vc_custom_heading text=&#8221;\u00bfPor qu\u00e9 es tan importante certificar un nivel B2?&#8221; font_container=&#8221;tag:h3|text_align:left&#8221; use_theme_fonts=&#8221;yes&#8221; css=&#8221;&#8221;][vc_column_text css=&#8221;&#8221;]Lograr un nivel B2 en ingl\u00e9s significa que nuestros estudiantes podr\u00e1n:[\/vc_column_text][\/vc_column_inner][\/vc_row_inner][vc_row_inner][vc_column_inner][vc_column_text css=&#8221;&#8221;]<\/p>\n<table style=\"border: none; font-family: Montserrat; letter-spacing: 0.1px; font-weight: 400; font-style: normal; color: #7c7c7c; font-size: 16px;\">\n<tbody>\n<tr>\n<td style=\"border: none;\"><img loading=\"lazy\" decoding=\"async\" class=\"wp-image-40807 alignleft\" src=\"https:\/\/webpe.colegiomayor.cl\/wp-content\/uploads\/2026\/05\/icon-04-161x155.png\" alt=\"\" width=\"36\" height=\"35\" srcset=\"https:\/\/webpe.colegiomayor.cl\/wp-content\/uploads\/2026\/05\/icon-04.png 161w, https:\/\/webpe.colegiomayor.cl\/wp-content\/uploads\/2026\/05\/icon-04-150x150.png 150w\" sizes=\"auto, (max-width: 36px) 100vw, 36px\" \/><\/td>\n<td style=\"border: none;\">Comunicarse con fluidez en contextos acad\u00e9micos y cotidianos<\/td>\n<\/tr>\n<tr>\n<td style=\"border: none;\"><img loading=\"lazy\" decoding=\"async\" class=\"wp-image-40808 alignleft\" src=\"https:\/\/webpe.colegiomayor.cl\/wp-content\/uploads\/2026\/05\/icon-05-258x186.png\" alt=\"\" width=\"49\" height=\"35\" \/><\/td>\n<td style=\"border: none;\">Postular a universidades y programas internacionales<\/td>\n<\/tr>\n<tr>\n<td style=\"border: none;\"><img loading=\"lazy\" decoding=\"async\" class=\"wp-image-40809 alignleft\" src=\"https:\/\/webpe.colegiomayor.cl\/wp-content\/uploads\/2026\/05\/icon-06-139x140.png\" alt=\"\" width=\"35\" height=\"35\" \/><\/td>\n<td style=\"border: none;\">Participar en intercambios y experiencias globales<\/td>\n<\/tr>\n<tr>\n<td style=\"border: none;\"><img loading=\"lazy\" decoding=\"async\" class=\"wp-image-40810 alignleft\" src=\"https:\/\/webpe.colegiomayor.cl\/wp-content\/uploads\/2026\/05\/icon-07-158x136.png\" alt=\"\" width=\"41\" height=\"35\" \/><\/td>\n<td style=\"border: none;\">Acceder a mejores oportunidades laborales en el futuro<\/td>\n<\/tr>\n<tr>\n<td style=\"border: none;\"><img loading=\"lazy\" decoding=\"async\" class=\"wp-image-40811 alignleft\" src=\"https:\/\/webpe.colegiomayor.cl\/wp-content\/uploads\/2026\/05\/icon-08-188x142.png\" alt=\"\" width=\"46\" height=\"35\" \/><\/td>\n<td style=\"border: none;\">Comprender contenidos acad\u00e9micos en ingl\u00e9s sin dificultad. Posibilidad deeximici\u00f3n total de asignatura de Ingl\u00e9s en universidades.<\/td>\n<\/tr>\n<\/tbody>\n<\/table>\n<p>[\/vc_column_text][\/vc_column_inner][\/vc_row_inner][vc_row_inner][vc_column_inner][vc_column_text css=&#8221;&#8221;]<\/p>\n<table style=\"border: none; font-family: Montserrat; letter-spacing: 0.1px; font-weight: 400; font-style: normal; color: #7c7c7c; font-size: 16px;\">\n<tbody>\n<tr>\n<td style=\"border: none; width: 60%;\"><strong> Adem\u00e1s, la certificaci\u00f3n Cambridge B2 First:<\/strong><\/p>\n<p>Tiene validez internacional y permanente<\/p>\n<p>Acredita de forma objetiva el nivel de ingl\u00e9s del estudiante<\/p>\n<p>Es reconocida por universidades y empresas en todo el mundo<\/td>\n<td style=\"border: none; width: 20%;\"><img loading=\"lazy\" decoding=\"async\" class=\"alignleft wp-image-40816 size-large\" src=\"https:\/\/webpe.colegiomayor.cl\/wp-content\/uploads\/2026\/05\/foto1-1024x931.jpg\" alt=\"\" width=\"1024\" height=\"931\" srcset=\"https:\/\/webpe.colegiomayor.cl\/wp-content\/uploads\/2026\/05\/foto1-1024x931.jpg 1024w, https:\/\/webpe.colegiomayor.cl\/wp-content\/uploads\/2026\/05\/foto1-300x273.jpg 300w, https:\/\/webpe.colegiomayor.cl\/wp-content\/uploads\/2026\/05\/foto1.jpg 1239w\" sizes=\"auto, (max-width: 1024px) 100vw, 1024px\" \/><\/td>\n<\/tr>\n<\/tbody>\n<\/table>\n<p>[\/vc_column_text][\/vc_column_inner][\/vc_row_inner][\/vc_column][\/vc_row][vc_row][vc_column][vc_row_inner css=&#8221;.vc_custom_1777662136910{margin-top: 10px !important;}&#8221;][vc_column_inner width=&#8221;5\/6&#8243;][vc_custom_heading text=&#8221;Un programa dise\u00f1ado para lograrlo&#8221; font_container=&#8221;tag:h3|text_align:left&#8221; use_theme_fonts=&#8221;yes&#8221; css=&#8221;&#8221;][vc_column_text css=&#8221;&#8221;]Nuestro Programa de Ingl\u00e9s est\u00e1 alineado al Marco Com\u00fan Europeo (CEFR), lo que permite avanzar de forma clara, medible y reconocida.[\/vc_column_text][\/vc_column_inner][vc_column_inner width=&#8221;1\/6&#8243; offset=&#8221;vc_hidden-xs&#8221;][vc_single_image image=&#8221;40836&#8243; img_size=&#8221;medium&#8221; css=&#8221;&#8221;][\/vc_column_inner][\/vc_row_inner][\/vc_column][\/vc_row][vc_row][vc_column][vc_column_text css=&#8221;&#8221;]<img loading=\"lazy\" decoding=\"async\" class=\"alignnone wp-image-40855\" src=\"https:\/\/webpe.colegiomayor.cl\/wp-content\/uploads\/2026\/05\/icon-10-241x222.png\" alt=\"\" width=\"38\" height=\"35\" \/><strong>Ruta de apredizaje<\/strong>[\/vc_column_text][\/vc_column][\/vc_row][vc_row gap=&#8221;5&#8243; css=&#8221;.vc_custom_1778114738623{margin-right: 0px !important;margin-left: 0px !important;}&#8221;][vc_column width=&#8221;1\/4&#8243; css=&#8221;.vc_custom_1778114638764{background-color: #BCDCF4 !important;border-radius: 15px !important;border-color: #FFFFFF !important;}&#8221;][vc_column_text css=&#8221;&#8221;]<\/p>\n<p style=\"text-align: center;\">4\u00b0 B\u00e1sico \u2192<br \/>\n<strong>Nivel A1<br \/>\n(Movers)<\/strong><\/p>\n<p>[\/vc_column_text][\/vc_column][vc_column width=&#8221;1\/4&#8243; css=&#8221;.vc_custom_1778114649872{background-color: #BCDCF4 !important;border-radius: 15px !important;}&#8221;][vc_column_text css=&#8221;&#8221;]<\/p>\n<p style=\"text-align: center;\">6 B\u00e1sico \u2192<br \/>\n<strong>Nivel A2<br \/>\n( A2 for schools )<br \/>\n<\/strong><\/p>\n<p>[\/vc_column_text][\/vc_column][vc_column width=&#8221;1\/4&#8243; css=&#8221;.vc_custom_1778114660356{background-color: #BCDCF4 !important;border-radius: 15px !important;}&#8221;][vc_column_text css=&#8221;&#8221;]<\/p>\n<p style=\"text-align: center;\">8\u00b0 B\u00e1sico \u2192 <strong>Nivel B1<br \/>\n(PET Preliminary for schools)<\/strong><\/p>\n<p>[\/vc_column_text][\/vc_column][vc_column width=&#8221;1\/4&#8243; css=&#8221;.vc_custom_1778114670266{background-color: #BCDCF4 !important;border-radius: 15px !important;}&#8221;][vc_column_text css=&#8221;&#8221;]<\/p>\n<p style=\"text-align: center;\">III\u00b0 Medio \u2192<br \/>\n<strong>Nivel B2<br \/>\n(B2 For Schools)<\/strong><\/p>\n<p>[\/vc_column_text][\/vc_column][\/vc_row][vc_row][vc_column][vc_column_text css=&#8221;&#8221;]<small>*Incluso, algunos estudiantes pueden alcanzar<strong> nivel C1, superando el est\u00e1ndar esperado.<\/strong><\/small>[\/vc_column_text][\/vc_column][\/vc_row][vc_row][vc_column][vc_single_image image=&#8221;40869&#8243; img_size=&#8221;504&#215;400&#8243; alignment=&#8221;center&#8221; css=&#8221;&#8221;][vc_custom_heading text=&#8221;<strong>Metodolog\u00eda moderna y efectiva<\/strong>&#8221; font_container=&#8221;tag:h3|text_align:left&#8221; use_theme_fonts=&#8221;yes&#8221; css=&#8221;&#8221;][vc_column_text css=&#8221;&#8221;]Formamos estudiantes que usan el idioma, no solo lo estudian:<\/p>\n<ul>\n<li>Desarrollo de habilidades comunicativas reales, cotidianas y acad\u00e9micas.<\/li>\n<li>Integraci\u00f3n de las 4 habilidades activas y pasivas (Speaking, Writing, Reading y Listening)<\/li>\n<li>Metodolog\u00edas activas en pro de la asignatura (FlippedClassroom, PBL)<\/li>\n<li>Programa de fon\u00e9tica temprana (Basado en Jolly Phonics)<\/li>\n<li>Preparaci\u00f3n espec\u00edfica para ex\u00e1menes Cambridge.<\/li>\n<\/ul>\n<p>[\/vc_column_text][\/vc_column][\/vc_row][vc_row][vc_column][vc_single_image image=&#8221;40912&#8243; img_size=&#8221;full&#8221; alignment=&#8221;center&#8221; css=&#8221;&#8221;][\/vc_column][\/vc_row]<\/p>\n<\/div>","protected":false},"excerpt":{"rendered":"<p>[vc_row][vc_column css=&#8221;.vc_custom_1490101954713{margin-bottom: 0px !important;}&#8221;][vc_custom_heading text=&#8221;M\u00e1s que una Promesa, una Realidad Certificada&#8221; font_container=&#8221;tag:h1|text_align:left&#8221; use_theme_fonts=&#8221;yes&#8221; css=&#8221;&#8221;][vc_row_inner][vc_column_inner][vc_column_text css=&#8221;&#8221;]En el Colegio Mayor no ense\u00f1amos ingl\u00e9s como un ramo m\u00e1s. Lo transformamos en una herramienta real para el futuro, preparando a nuestros estudiantes para que logren alcanzar una certificaci\u00f3n internacional&nbsp;<a href=\"https:\/\/webpe.colegiomayor.cl\/?page_id=40877\">&hellip;<\/a><\/p>\n","protected":false},"author":1,"featured_media":0,"parent":0,"menu_order":0,"comment_status":"closed","ping_status":"closed","template":"","meta":{"content-type":"","footnotes":""},"class_list":["post-40877","page","type-page","status-publish","hentry","odd"],"rttpg_featured_image_url":null,"rttpg_author":{"display_name":"josefariesco@gmail.com","author_link":"https:\/\/webpe.colegiomayor.cl\/?author=1"},"rttpg_comment":0,"rttpg_category":null,"rttpg_excerpt":"[vc_row][vc_column css=&#8221;.vc_custom_1490101954713{margin-bottom: 0px !important;}&#8221;][vc_custom_heading text=&#8221;M\u00e1s que una Promesa, una Realidad Certificada&#8221; font_container=&#8221;tag:h1|text_align:left&#8221; use_theme_fonts=&#8221;yes&#8221; css=&#8221;&#8221;][vc_row_inner][vc_column_inner][vc_column_text css=&#8221;&#8221;]En el Colegio Mayor no ense\u00f1amos ingl\u00e9s como un ramo m\u00e1s. Lo transformamos en una herramienta real para el futuro, preparando a nuestros estudiantes para que logren alcanzar una certificaci\u00f3n internacional&nbsp;&hellip;","_links":{"self":[{"href":"https:\/\/webpe.colegiomayor.cl\/index.php?rest_route=\/wp\/v2\/pages\/40877","targetHints":{"allow":["GET"]}}],"collection":[{"href":"https:\/\/webpe.colegiomayor.cl\/index.php?rest_route=\/wp\/v2\/pages"}],"about":[{"href":"https:\/\/webpe.colegiomayor.cl\/index.php?rest_route=\/wp\/v2\/types\/page"}],"author":[{"embeddable":true,"href":"https:\/\/webpe.colegiomayor.cl\/index.php?rest_route=\/wp\/v2\/users\/1"}],"replies":[{"embeddable":true,"href":"https:\/\/webpe.colegiomayor.cl\/index.php?rest_route=%2Fwp%2Fv2%2Fcomments&post=40877"}],"version-history":[{"count":46,"href":"https:\/\/webpe.colegiomayor.cl\/index.php?rest_route=\/wp\/v2\/pages\/40877\/revisions"}],"predecessor-version":[{"id":40957,"href":"https:\/\/webpe.colegiomayor.cl\/index.php?rest_route=\/wp\/v2\/pages\/40877\/revisions\/40957"}],"wp:attachment":[{"href":"https:\/\/webpe.colegiomayor.cl\/index.php?rest_route=%2Fwp%2Fv2%2Fmedia&parent=40877"}],"curies":[{"name":"wp","href":"https:\/\/api.w.org\/{rel}","templated":true}]}}