{"id":39811,"date":"2025-11-11T16:29:23","date_gmt":"2025-11-11T19:29:23","guid":{"rendered":"https:\/\/webpe.colegiomayor.cl\/?page_id=39811"},"modified":"2025-11-11T17:13:03","modified_gmt":"2025-11-11T20:13:03","slug":"ingles-2026","status":"publish","type":"page","link":"https:\/\/webpe.colegiomayor.cl\/?page_id=39811","title":{"rendered":"Ingl\u00e9s 2026"},"content":{"rendered":"<div class=\"wpb-content-wrapper\"><p>[vc_row][vc_column css=&#8221;.vc_custom_1489757662264{margin-bottom: 0px !important;}&#8221;][vc_custom_heading text=&#8221;Departamento de Ingl\u00e9s Colegio Mayor de Pe\u00f1alol\u00e9n&#8221; font_container=&#8221;tag:h1|text_align:left&#8221; use_theme_fonts=&#8221;yes&#8221; css=&#8221;.vc_custom_1752593179522{margin-top: 0px !important;margin-bottom: 20px !important;}&#8221;][vc_single_image image=&#8221;39814&#8243; img_size=&#8221;full&#8221; alignment=&#8221;center&#8221; css_animation=&#8221;fadeIn&#8221; css=&#8221;&#8221;][vc_column_text css=&#8221;.vc_custom_1762891819217{background-color: #EEEEEE !important;border-color: #EEEEEE !important;}&#8221;]&nbsp;<\/p>\n<style>\n        * {<br \/>            margin: 0;<br \/>            padding: 0;<br \/>            box-sizing: border-box;<br \/>        }<\/p>\n<p>        body {<br \/>            font-family: 'Montserrat', sans-serif;<br \/>            line-height: 1.6;<br \/>        }<\/p>\n<p>        section {<br \/>            width: 100%;<br \/>        }<\/p>\n<p>        .container {<br \/>            width: 100%;<br \/>            padding: 0 20px;<br \/>        }<\/p>\n<p>        @media (min-width: 768px) {<br \/>            .container {<br \/>                padding: 0 40px;<br \/>            }<br \/>        }<\/p>\n<p>        @media (min-width: 1200px) {<br \/>            .container {<br \/>                padding: 0 60px;<br \/>            }<br \/>        }<br \/>    <\/style>\n<p>&nbsp;<\/p>\n<p><!-- CTA INICIAL FULL WIDTH --><\/p>\n<section style=\"padding: 80px 20px; background: linear-gradient(135deg, #084a80 0%, #0d5fa0 50%, #fdec03 100%); color: white; text-align: center; width: 100%;\">\n<div style=\"max-width: 100%; margin: 0 auto;\">\n<h1 style=\"font-family: 'Montserrat', sans-serif; font-size: clamp(28px, 8vw, 48px); font-weight: bold; margin-bottom: 20px; text-shadow: 2px 2px 4px rgba(0,0,0,0.3);\">Tu hijo merece aprender ingl\u00e9s de la mejor forma<\/h1>\n<p style=\"font-family: 'Montserrat', sans-serif; font-size: clamp(16px, 4vw, 20px); line-height: 1.8; margin-bottom: 0; text-shadow: 1px 1px 2px rgba(0,0,0,0.2); font-weight: 500;\">Cada una de nuestras experiencias potencia la confianza de los estudiantes y les brinda herramientas reales para comunicarse en un idioma que hoy es clave para su desarrollo acad\u00e9mico y profesional.<\/p>\n<\/div>\n<\/section>\n<p><!-- INTRODUCCI\u00d3N FULL WIDTH --><\/p>\n<section style=\"padding: 60px 20px; background: linear-gradient(135deg, #ffffff 0%, #f0f4f8 100%); width: 100%;\">\n<div style=\"max-width: 100%; margin: 0 auto; padding: 0 20px;\">\n<p style=\"font-family: 'Montserrat', sans-serif; font-size: clamp(14px, 3vw, 18px); line-height: 1.8; margin-bottom: 20px; color: #333; font-weight: 400;\">En nuestro colegio entendemos que aprender ingl\u00e9s abre puertas. Por eso, contamos con un departamento s\u00f3lido y reconocido, que busca que todos nuestros estudiantes alcancen un nivel avanzado del idioma antes de egresar.<\/p>\n<p style=\"font-family: 'Montserrat', sans-serif; font-size: clamp(14px, 3vw, 18px); line-height: 1.8; color: #333; font-weight: 400;\">Desde 2023 trabajamos con programas propios elaborados por nuestro equipo docente y aprobados por el Ministerio de Educaci\u00f3n. En 2024, estos programas comenzaron a implementarse oficialmente, en total coherencia con nuestro Proyecto Educativo Institucional (PEI). Gracias a ello, nuestros estudiantes egresan de IV\u00b0 medio con un <strong>nivel B2 de ingl\u00e9s<\/strong>, equivalente a un dominio intermedio alto.<\/p>\n<\/div>\n<\/section>\n<p><!-- CERTIFICACIONES FULL WIDTH --><\/p>\n<section style=\"padding: 60px 20px; background: linear-gradient(135deg, #084a80 0%, #0d5fa0 25%, #7d9bc0 50%, #fdec03 75%, #e6d600 100%); width: 100%;\">\n<div style=\"max-width: 100%; margin: 0 auto; padding: 0 20px;\">\n<h2 style=\"font-family: 'Montserrat', sans-serif; font-size: clamp(24px, 6vw, 36px); color: white; text-align: center; margin-bottom: 40px; font-weight: bold; text-shadow: 2px 2px 4px rgba(0,0,0,0.3);\">Certificaciones Internacionales<\/h2>\n<div style=\"display: grid; grid-template-columns: repeat(auto-fit, minmax(260px, 1fr)); gap: 20px; margin-bottom: 30px; width: 100%;\">\n<div style=\"background: linear-gradient(135deg, #084a80 0%, #0d5fa0 100%); padding: 28px; border-radius: 12px; color: white; box-shadow: 0 10px 30px rgba(8, 74, 128, 0.3); border: 3px solid #fdec03;\">\n<h3 style=\"font-family: 'Montserrat', sans-serif; font-size: clamp(18px, 4vw, 22px); margin-bottom: 12px; margin-top: 0; font-weight: bold;\">A2 Key (KET)<\/h3>\n<p style=\"font-family: 'Montserrat', sans-serif; font-size: clamp(13px, 3vw, 14px); line-height: 1.6; margin: 0; font-weight: 500;\">Nivel de introducci\u00f3n. Primer paso en la certificaci\u00f3n Cambridge para estudiantes de primaria.<\/p>\n<\/div>\n<div style=\"background: linear-gradient(135deg, #7d9bc0 0%, #5a7ca8 50%, #084a80 100%); padding: 28px; border-radius: 12px; color: white; box-shadow: 0 10px 30px rgba(125, 155, 192, 0.3); border: 3px solid #fdec03;\">\n<h3 style=\"font-family: 'Montserrat', sans-serif; font-size: clamp(18px, 4vw, 22px); margin-bottom: 12px; margin-top: 0; font-weight: bold;\">B1 Preliminary (PET)<\/h3>\n<p style=\"font-family: 'Montserrat', sans-serif; font-size: clamp(13px, 3vw, 14px); line-height: 1.6; margin: 0; font-weight: 500;\">Nivel intermedio. A partir de 2026, nuestros estudiantes de 8\u00b0 b\u00e1sico rendir\u00e1n este examen.<\/p>\n<\/div>\n<div style=\"background: linear-gradient(135deg, #fdec03 0%, #f0d400 50%, #e6d600 100%); padding: 28px; border-radius: 12px; color: white; box-shadow: 0 10px 30px rgba(253, 236, 3, 0.3); border: 3px solid #084a80;\">\n<h3 style=\"font-family: 'Montserrat', sans-serif; font-size: clamp(18px, 4vw, 22px); margin-bottom: 12px; margin-top: 0; font-weight: bold;\">B2 First (FCE)<\/h3>\n<p style=\"font-family: 'Montserrat', sans-serif; font-size: clamp(13px, 3vw, 14px); line-height: 1.6; margin: 0; font-weight: 500;\">Nivel intermedio alto. Alrededor de 30 estudiantes de III\u00b0 medio certifican cada a\u00f1o.<\/p>\n<\/div>\n<\/div>\n<div style=\"background: linear-gradient(135deg, #084a80 0%, #0d5fa0 50%, #7d9bc0 100%); padding: 25px; border-left: 5px solid #fdec03; border-radius: 10px; color: white; box-shadow: 0 8px 25px rgba(0,0,0,0.15); width: 100%;\">\n<p style=\"font-family: 'Montserrat', sans-serif; font-size: clamp(13px, 3vw, 15px); line-height: 1.8; margin: 0; font-weight: 500;\"><strong>\u2713 Todos los profesores del departamento est\u00e1n certificados<\/strong> y cuentan con el nivel ling\u00fc\u00edstico adecuado para cada etapa formativa, asegurando una ense\u00f1anza de calidad desde los primeros a\u00f1os. Estos ex\u00e1menes eval\u00faan las cuatro habilidades fundamentales: comprensi\u00f3n lectora, comprensi\u00f3n auditiva, escritura y expresi\u00f3n oral.<\/p>\n<\/div>\n<\/div>\n<\/section>\n<p><!-- ENFOQUE Y MATERIALES FULL WIDTH --><\/p>\n<section style=\"padding: 60px 20px; background: linear-gradient(135deg, #f0f4f8 0%, #ffffff 50%, #f0f4f8 100%); width: 100%;\">\n<div style=\"max-width: 100%; margin: 0 auto; padding: 0 20px;\">\n<h2 style=\"font-family: 'Montserrat', sans-serif; font-size: clamp(24px, 6vw, 36px); color: #084a80; text-align: center; margin-bottom: 40px; font-weight: bold;\">Enfoque y Materiales de Aprendizaje<\/h2>\n<div style=\"display: grid; grid-template-columns: 1fr 1fr; gap: 30px; align-items: center; width: 100%;\">\n<div>\n<div style=\"background: linear-gradient(135deg, #ffffff 0%, #f5f9fd 100%); padding: 25px; border-radius: 10px; border-left: 5px solid #084a80;\">\n<ul style=\"list-style: none; padding: 0; margin: 0;\">\n<li style=\"padding: 12px 0; border-bottom: 1px solid #e0e0e0; display: flex; align-items: start;\"><span style=\"display: inline-block; width: 24px; height: 24px; background: linear-gradient(135deg, #084a80 0%, #0d5fa0 100%); border-radius: 50%; margin-right: 12px; flex-shrink: 0; color: #fdec03; text-align: center; line-height: 24px; font-weight: bold; font-size: 14px; font-family: 'Montserrat', sans-serif;\">\u2713<\/span><br \/>\n<span style=\"font-family: 'Montserrat', sans-serif; font-size: clamp(13px, 3vw, 14px); color: #333; font-weight: 500;\"><strong>Pre-b\u00e1sica:<\/strong> 1 hora diaria de ingl\u00e9s<\/span><\/li>\n<li style=\"padding: 12px 0; border-bottom: 1px solid #e0e0e0; display: flex; align-items: start;\"><span style=\"display: inline-block; width: 24px; height: 24px; background: linear-gradient(135deg, #7d9bc0 0%, #5a7ca8 100%); border-radius: 50%; margin-right: 12px; flex-shrink: 0; color: white; text-align: center; line-height: 24px; font-weight: bold; font-size: 14px; font-family: 'Montserrat', sans-serif;\">\u2713<\/span><br \/>\n<span style=\"font-family: 'Montserrat', sans-serif; font-size: clamp(13px, 3vw, 14px); color: #333; font-weight: 500;\"><strong>1\u00b0 b\u00e1sico a II\u00b0 medio:<\/strong> 6 horas semanales<\/span><\/li>\n<li style=\"padding: 12px 0; border-bottom: 1px solid #e0e0e0; display: flex; align-items: start;\"><span style=\"display: inline-block; width: 24px; height: 24px; background: linear-gradient(135deg, #fdec03 0%, #f0d400 100%); border-radius: 50%; margin-right: 12px; flex-shrink: 0; color: white; text-align: center; line-height: 24px; font-weight: bold; font-size: 14px; font-family: 'Montserrat', sans-serif;\">\u2713<\/span><br \/>\n<span style=\"font-family: 'Montserrat', sans-serif; font-size: clamp(13px, 3vw, 14px); color: #333; font-weight: 500;\"><strong>II\u00b0 a IV\u00b0 medio:<\/strong> Preparaci\u00f3n intensiva FCE<\/span><\/li>\n<li style=\"padding: 12px 0; display: flex; align-items: start;\"><span style=\"display: inline-block; width: 24px; height: 24px; background: linear-gradient(135deg, #084a80 0%, #0d5fa0 100%); border-radius: 50%; margin-right: 12px; flex-shrink: 0; color: #fdec03; text-align: center; line-height: 24px; font-weight: bold; font-size: 14px; font-family: 'Montserrat', sans-serif;\">\u2713<\/span><br \/>\n<span style=\"font-family: 'Montserrat', sans-serif; font-size: clamp(13px, 3vw, 14px); color: #333; font-weight: 500;\"><strong>Editorial Cambridge<\/strong> + lecturas complementarias<\/span><\/li>\n<\/ul>\n<\/div>\n<\/div>\n<div>\n<div style=\"display: grid; grid-template-rows: repeat(2, 1fr); gap: 18px;\">\n<div style=\"background: linear-gradient(135deg, #084a80 0%, #0d5fa0 50%, #7d9bc0 100%); padding: 22px; border-radius: 10px; color: white; text-align: center; box-shadow: 0 8px 25px rgba(8, 74, 128, 0.25); border: 2px solid #fdec03;\">\n<p style=\"font-family: 'Montserrat', sans-serif; font-size: clamp(32px, 6vw, 42px); font-weight: bold; margin: 0; margin-bottom: 5px;\">30+<\/p>\n<p style=\"font-family: 'Montserrat', sans-serif; font-size: clamp(12px, 3vw, 13px); margin: 0; font-weight: 500;\">Estudiantes certifican FCE anualmente<\/p>\n<\/div>\n<div style=\"background: linear-gradient(135deg, #fdec03 0%, #f0d400 50%, #e6d600 100%); padding: 22px; border-radius: 10px; color: white; text-align: center; box-shadow: 0 8px 25px rgba(253, 236, 3, 0.25); border: 2px solid #084a80;\">\n<p style=\"font-family: 'Montserrat', sans-serif; font-size: clamp(32px, 6vw, 42px); font-weight: bold; margin: 0; margin-bottom: 5px;\">100%<\/p>\n<p style=\"font-family: 'Montserrat', sans-serif; font-size: clamp(12px, 3vw, 13px); margin: 0; font-weight: 500;\">Profesores certificados con nivel adecuado<\/p>\n<\/div>\n<\/div>\n<\/div>\n<\/div>\n<\/div>\n<\/section>\n<p><!-- ALIANZAS FULL WIDTH --><\/p>\n<section style=\"padding: 60px 20px; background: linear-gradient(135deg, #084a80 0%, #0d5fa0 25%, #7d9bc0 50%, #5a7ca8 75%, #084a80 100%); color: white; width: 100%;\">\n<div style=\"max-width: 100%; margin: 0 auto; padding: 0 20px; text-align: center;\">\n<h2 style=\"font-family: 'Montserrat', sans-serif; font-size: clamp(24px, 6vw, 36px); margin-bottom: 25px; font-weight: bold; text-shadow: 2px 2px 4px rgba(0,0,0,0.3);\">Alianzas y Beneficios<\/h2>\n<div style=\"background: rgba(255, 255, 255, 0.15); padding: 30px; border-radius: 12px; backdrop-filter: blur(10px); border: 2px solid #fdec03; width: 100%;\">\n<p style=\"font-family: 'Montserrat', sans-serif; font-size: clamp(14px, 3vw, 16px); line-height: 1.8; margin: 0; font-weight: 500;\">Gracias a una alianza con la <strong>Universidad Cat\u00f3lica<\/strong>, a trav\u00e9s de <strong>English UC<\/strong>, nuestro colegio es <strong>centro oficial de examinaci\u00f3n Cambridge<\/strong>. Esto permite que los estudiantes rindan sus pruebas internacionales en un entorno familiar, reduciendo la ansiedad y aumentando las posibilidades de \u00e9xito.<\/p>\n<\/div>\n<\/div>\n<\/section>\n<p><!-- ACTIVIDADES FULL WIDTH --><\/p>\n<section style=\"padding: 60px 20px; background: linear-gradient(135deg, #f0f4f8 0%, #ffffff 50%, #f5f9fd 100%); width: 100%;\">\n<div style=\"max-width: 100%; margin: 0 auto; padding: 0 20px;\">\n<h2 style=\"font-family: 'Montserrat', sans-serif; font-size: clamp(24px, 6vw, 36px); color: #084a80; text-align: center; margin-bottom: 15px; font-weight: bold;\">Actividades que Fortalecen el Aprendizaje<\/h2>\n<p style=\"font-family: 'Montserrat', sans-serif; font-size: clamp(14px, 3vw, 16px); text-align: center; margin-bottom: 35px; color: #666; font-weight: 500;\">El ingl\u00e9s se vive d\u00eda a d\u00eda en nuestras aulas y tambi\u00e9n fuera de ellas. Realizamos actividades l\u00fadicas que promueven la pr\u00e1ctica del idioma:<\/p>\n<div style=\"display: grid; grid-template-columns: repeat(auto-fit, minmax(240px, 1fr)); gap: 18px; width: 100%;\">\n<div style=\"background: linear-gradient(135deg, #084a80 0%, #0d5fa0 100%); padding: 22px; border-radius: 10px; box-shadow: 0 8px 20px rgba(8, 74, 128, 0.2); border: 2px solid #fdec03; color: white;\">\n<h4 style=\"font-family: 'Montserrat', sans-serif; font-size: clamp(15px, 3vw, 16px); font-weight: bold; margin: 0 0 8px 0;\">\ud83d\udc1d Spelling Bee<\/h4>\n<p style=\"font-family: 'Montserrat', sans-serif; font-size: clamp(12px, 2.5vw, 13px); margin: 0; line-height: 1.6; font-weight: 500;\">Competencia interescolar (8\u00b0 b\u00e1sico) e interna (3\u00b0 a 7\u00b0 b\u00e1sico)<\/p>\n<\/div>\n<div style=\"background: linear-gradient(135deg, #7d9bc0 0%, #5a7ca8 100%); padding: 22px; border-radius: 10px; box-shadow: 0 8px 20px rgba(125, 155, 192, 0.2); border: 2px solid #fdec03; color: white;\">\n<h4 style=\"font-family: 'Montserrat', sans-serif; font-size: clamp(15px, 3vw, 16px); font-weight: bold; margin: 0 0 8px 0;\">\ud83d\udcda 100 Days of School<\/h4>\n<p style=\"font-family: 'Montserrat', sans-serif; font-size: clamp(12px, 2.5vw, 13px); margin: 0; line-height: 1.6; font-weight: 500;\">Celebraci\u00f3n especial para estudiantes del primer ciclo<\/p>\n<\/div>\n<div style=\"background: linear-gradient(135deg, #fdec03 0%, #f0d400 100%); padding: 22px; border-radius: 10px; box-shadow: 0 8px 20px rgba(253, 236, 3, 0.2); border: 2px solid #084a80; color: white;\">\n<h4 style=\"font-family: 'Montserrat', sans-serif; font-size: clamp(15px, 3vw, 16px); font-weight: bold; margin: 0 0 8px 0;\">\ud83c\udf0d English Week<\/h4>\n<p style=\"font-family: 'Montserrat', sans-serif; font-size: clamp(12px, 2.5vw, 13px); margin: 0; line-height: 1.6; font-weight: 500;\">Semana dedicada al idioma para 2\u00b0 y 3\u00b0 ciclo<\/p>\n<\/div>\n<div style=\"background: linear-gradient(135deg, #084a80 0%, #0d5fa0 100%); padding: 22px; border-radius: 10px; box-shadow: 0 8px 20px rgba(8, 74, 128, 0.2); border: 2px solid #fdec03; color: white;\">\n<h4 style=\"font-family: 'Montserrat', sans-serif; font-size: clamp(15px, 3vw, 16px); font-weight: bold; margin: 0 0 8px 0;\">\ud83c\udfc6 Ceremonia FCE<\/h4>\n<p style=\"font-family: 'Montserrat', sans-serif; font-size: clamp(12px, 2.5vw, 13px); margin: 0; line-height: 1.6; font-weight: 500;\">Entrega oficial de certificados a IV\u00b0 medio<\/p>\n<\/div>\n<div style=\"background: linear-gradient(135deg, #7d9bc0 0%, #5a7ca8 100%); padding: 22px; border-radius: 10px; box-shadow: 0 8px 20px rgba(125, 155, 192, 0.2); border: 2px solid #fdec03; color: white;\">\n<h4 style=\"font-family: 'Montserrat', sans-serif; font-size: clamp(15px, 3vw, 16px); font-weight: bold; margin: 0 0 8px 0;\">\u2b50 Muestras de Aprendizaje<\/h4>\n<p style=\"font-family: 'Montserrat', sans-serif; font-size: clamp(12px, 2.5vw, 13px); margin: 0; line-height: 1.6; font-weight: 500;\">Presentaciones en 1\u00b0, 2\u00b0 y 3\u00b0 ciclo<\/p>\n<\/div>\n<div style=\"background: linear-gradient(135deg, #fdec03 0%, #f0d400 100%); padding: 22px; border-radius: 10px; box-shadow: 0 8px 20px rgba(253, 236, 3, 0.2); border: 2px solid #084a80; color: white;\">\n<h4 style=\"font-family: 'Montserrat', sans-serif; font-size: clamp(15px, 3vw, 16px); font-weight: bold; margin: 0 0 8px 0;\">\ud83c\udfa4 Entrevistas Orales<\/h4>\n<p style=\"font-family: 'Montserrat', sans-serif; font-size: clamp(12px, 2.5vw, 13px); margin: 0; line-height: 1.6; font-weight: 500;\">KET (6\u00b0 b\u00e1sico), PET (8\u00b0 b\u00e1sico), FCE (III\u00b0 medio)<\/p>\n<\/div>\n<\/div>\n<\/div>\n<\/section>\n<p>&nbsp;[\/vc_column_text][vc_separator border_width=&#8221;4&#8243;][\/vc_column][vc_column][\/vc_column][\/vc_row]<\/p>\n<\/div>","protected":false},"excerpt":{"rendered":"<p>[vc_row][vc_column css=&#8221;.vc_custom_1489757662264{margin-bottom: 0px !important;}&#8221;][vc_custom_heading text=&#8221;Departamento de Ingl\u00e9s Colegio Mayor de Pe\u00f1alol\u00e9n&#8221; font_container=&#8221;tag:h1|text_align:left&#8221; use_theme_fonts=&#8221;yes&#8221; css=&#8221;.vc_custom_1752593179522{margin-top: 0px !important;margin-bottom: 20px !important;}&#8221;][vc_single_image image=&#8221;39814&#8243; img_size=&#8221;full&#8221; alignment=&#8221;center&#8221; css_animation=&#8221;fadeIn&#8221; css=&#8221;&#8221;][vc_column_text css=&#8221;.vc_custom_1762891819217{background-color: #EEEEEE !important;border-color: #EEEEEE !important;}&#8221;]&nbsp; &nbsp; Tu hijo merece aprender ingl\u00e9s de la mejor forma Cada una de nuestras experiencias potencia la&nbsp;<a href=\"https:\/\/webpe.colegiomayor.cl\/?page_id=39811\">&hellip;<\/a><\/p>\n","protected":false},"author":11,"featured_media":0,"parent":602,"menu_order":5,"comment_status":"closed","ping_status":"closed","template":"template-fullwidth-no-title.php","meta":{"content-type":"","footnotes":""},"class_list":["post-39811","page","type-page","status-publish","hentry","odd"],"rttpg_featured_image_url":null,"rttpg_author":{"display_name":"Francisco Arriagada","author_link":"https:\/\/webpe.colegiomayor.cl\/?author=11"},"rttpg_comment":0,"rttpg_category":null,"rttpg_excerpt":"[vc_row][vc_column css=&#8221;.vc_custom_1489757662264{margin-bottom: 0px !important;}&#8221;][vc_custom_heading text=&#8221;Departamento de Ingl\u00e9s Colegio Mayor de Pe\u00f1alol\u00e9n&#8221; font_container=&#8221;tag:h1|text_align:left&#8221; use_theme_fonts=&#8221;yes&#8221; css=&#8221;.vc_custom_1752593179522{margin-top: 0px !important;margin-bottom: 20px !important;}&#8221;][vc_single_image image=&#8221;39814&#8243; img_size=&#8221;full&#8221; alignment=&#8221;center&#8221; css_animation=&#8221;fadeIn&#8221; css=&#8221;&#8221;][vc_column_text css=&#8221;.vc_custom_1762891819217{background-color: #EEEEEE !important;border-color: #EEEEEE !important;}&#8221;]&nbsp; &nbsp; Tu hijo merece aprender ingl\u00e9s de la mejor forma Cada una de nuestras experiencias potencia la&nbsp;&hellip;","_links":{"self":[{"href":"https:\/\/webpe.colegiomayor.cl\/index.php?rest_route=\/wp\/v2\/pages\/39811","targetHints":{"allow":["GET"]}}],"collection":[{"href":"https:\/\/webpe.colegiomayor.cl\/index.php?rest_route=\/wp\/v2\/pages"}],"about":[{"href":"https:\/\/webpe.colegiomayor.cl\/index.php?rest_route=\/wp\/v2\/types\/page"}],"author":[{"embeddable":true,"href":"https:\/\/webpe.colegiomayor.cl\/index.php?rest_route=\/wp\/v2\/users\/11"}],"replies":[{"embeddable":true,"href":"https:\/\/webpe.colegiomayor.cl\/index.php?rest_route=%2Fwp%2Fv2%2Fcomments&post=39811"}],"version-history":[{"count":5,"href":"https:\/\/webpe.colegiomayor.cl\/index.php?rest_route=\/wp\/v2\/pages\/39811\/revisions"}],"predecessor-version":[{"id":39817,"href":"https:\/\/webpe.colegiomayor.cl\/index.php?rest_route=\/wp\/v2\/pages\/39811\/revisions\/39817"}],"up":[{"embeddable":true,"href":"https:\/\/webpe.colegiomayor.cl\/index.php?rest_route=\/wp\/v2\/pages\/602"}],"wp:attachment":[{"href":"https:\/\/webpe.colegiomayor.cl\/index.php?rest_route=%2Fwp%2Fv2%2Fmedia&parent=39811"}],"curies":[{"name":"wp","href":"https:\/\/api.w.org\/{rel}","templated":true}]}}