{"id":39454,"date":"2025-10-01T22:36:47","date_gmt":"2025-10-02T01:36:47","guid":{"rendered":"https:\/\/webpe.colegiomayor.cl\/?page_id=39454"},"modified":"2025-10-01T23:37:41","modified_gmt":"2025-10-02T02:37:41","slug":"redmayorkina-formulario","status":"publish","type":"page","link":"https:\/\/webpe.colegiomayor.cl\/?page_id=39454","title":{"rendered":"RedMayorkina Formulario"},"content":{"rendered":"<div class=\"wpb-content-wrapper\"><p>[vc_row][vc_column width=&#8221;1\/4&#8243;][vc_single_image image=&#8221;39110&#8243; img_size=&#8221;full&#8221; onclick=&#8221;custom_link&#8221; css=&#8221;&#8221; link=&#8221;https:\/\/webpe.colegiomayor.cl\/?page_id=39481&#8243;][\/vc_column][vc_column width=&#8221;3\/4&#8243;][vc_column_text css=&#8221;&#8221;]\u00danete a nuestra comunidad de exalumnos de los Colegios Mayor, donde podr\u00e1s reconectar con quienes compartiste una parte significativa de tu vida, y adem\u00e1s, podr\u00e1s participar y beneficiarte de ser parte de nuevos desaf\u00edos. \u00a1Te esperamos![\/vc_column_text]<div class=\"align-center\"><a href=\"https:\/\/webpe.colegiomayor.cl\/?page_id=39454\" class=\"wh-button  scp_theme_button-47f28674e0e0a7d2d7f64ece84b9889e\" title=\"RedMayorkina Formulario\">Inscr\u00edbete: (ingresa tu RUT)<\/a><\/div>[\/vc_column][\/vc_row][vc_row][vc_column][vc_separator css=&#8221;&#8221;][\/vc_column][\/vc_row][vc_row][vc_column css=&#8221;.vc_custom_1755821727584{border-top-width: 1px !important;border-right-width: 1px !important;border-bottom-width: 1px !important;border-left-width: 1px !important;border-left-style: solid !important;border-right-style: solid !important;border-top-style: solid !important;border-bottom-style: solid !important;border-color: #000000 !important;}&#8221;][vc_column_text css=&#8221;&#8221;]<\/p>\n<h4>Inscripci\u00f3n RedMayorkina<\/h4>\n<p>[\/vc_column_text][vc_column_text css=&#8221;&#8221;]<script src=\"https:\/\/js.hsforms.net\/forms\/embed\/47148951.js\" defer><\/script><\/p>\n<div class=\"hs-form-frame\" data-region=\"na1\" data-form-id=\"02048ba3-744a-4cf9-b0f1-f193c357bd21\" data-portal-id=\"47148951\"><\/div>\n<p>[\/vc_column_text][\/vc_column][\/vc_row][vc_row][vc_column][vc_column_text css=&#8221;&#8221;]\n<div id=\"sb_instagram\"  class=\"sbi sbi_mob_col_4 sbi_tab_col_4 sbi_col_6 sbi_width_resp\" style=\"padding-bottom: 10px;\"\t data-feedid=\"*3\"  data-res=\"auto\" data-cols=\"6\" data-colsmobile=\"4\" data-colstablet=\"4\" data-num=\"6\" data-nummobile=\"4\" data-item-padding=\"5\"\t data-shortcode-atts=\"{&quot;feed&quot;:&quot;3&quot;}\"  data-postid=\"39454\" data-locatornonce=\"0ad9cd6a5b\" data-imageaspectratio=\"1:1\" data-sbi-flags=\"favorLocal\">\n\t<div class=\"sb_instagram_header  sbi_medium\"   >\n\t<a class=\"sbi_header_link\" target=\"_blank\"\n\t   rel=\"nofollow noopener\" href=\"https:\/\/www.instagram.com\/redmayorkina\/\" title=\"@redmayorkina\">\n\t\t<div class=\"sbi_header_text\">\n\t\t\t<div class=\"sbi_header_img\"  data-avatar-url=\"https:\/\/scontent.cdninstagram.com\/v\/t51.82787-19\/540216219_17848044450549066_7531345316058809073_n.jpg?stp=dst-jpg_s206x206_tt6&amp;_nc_cat=109&amp;ccb=7-5&amp;_nc_sid=bf7eb4&amp;efg=eyJ2ZW5jb2RlX3RhZyI6InByb2ZpbGVfcGljLnd3dy4zMjAuQzMifQ%3D%3D&amp;_nc_ohc=_LOOIv8j_CYQ7kNvwHwELJF&amp;_nc_oc=Adq933V7hlWi34fzDvhO1UPbbMm2l7Yj2nLIW_ZZ7nsgpM28Ehy6NDOvPTEaXzajXjU&amp;_nc_zt=24&amp;_nc_ht=scontent.cdninstagram.com&amp;edm=AP4hL3IEAAAA&amp;_nc_gid=9MeJzZ12YuCi3Y5tbGzUTQ&amp;_nc_tpa=Q5bMBQEu9ZgkW-tyRaTA4SY3Dc9BUwknEDLRXsB-k_6MktxAWVnubRDaa4Ca7jeG64zKYLLzLVHLfX-Euw&amp;oh=00_Af31NLJeBj8HA2H6vniZUS2PFb3_iKQ3kKPDjU6Dg4S7VA&amp;oe=69F8BAAB\">\n\t\t\t\t\t\t\t\t\t<div class=\"sbi_header_img_hover\"  ><svg class=\"sbi_new_logo fa-instagram fa-w-14\" aria-hidden=\"true\" data-fa-processed=\"\" aria-label=\"Instagram\" data-prefix=\"fab\" data-icon=\"instagram\" role=\"img\" viewBox=\"0 0 448 512\">\n                    <path fill=\"currentColor\" d=\"M224.1 141c-63.6 0-114.9 51.3-114.9 114.9s51.3 114.9 114.9 114.9S339 319.5 339 255.9 287.7 141 224.1 141zm0 189.6c-41.1 0-74.7-33.5-74.7-74.7s33.5-74.7 74.7-74.7 74.7 33.5 74.7 74.7-33.6 74.7-74.7 74.7zm146.4-194.3c0 14.9-12 26.8-26.8 26.8-14.9 0-26.8-12-26.8-26.8s12-26.8 26.8-26.8 26.8 12 26.8 26.8zm76.1 27.2c-1.7-35.9-9.9-67.7-36.2-93.9-26.2-26.2-58-34.4-93.9-36.2-37-2.1-147.9-2.1-184.9 0-35.8 1.7-67.6 9.9-93.9 36.1s-34.4 58-36.2 93.9c-2.1 37-2.1 147.9 0 184.9 1.7 35.9 9.9 67.7 36.2 93.9s58 34.4 93.9 36.2c37 2.1 147.9 2.1 184.9 0 35.9-1.7 67.7-9.9 93.9-36.2 26.2-26.2 34.4-58 36.2-93.9 2.1-37 2.1-147.8 0-184.8zM398.8 388c-7.8 19.6-22.9 34.7-42.6 42.6-29.5 11.7-99.5 9-132.1 9s-102.7 2.6-132.1-9c-19.6-7.8-34.7-22.9-42.6-42.6-11.7-29.5-9-99.5-9-132.1s-2.6-102.7 9-132.1c7.8-19.6 22.9-34.7 42.6-42.6 29.5-11.7 99.5-9 132.1-9s102.7-2.6 132.1 9c19.6 7.8 34.7 22.9 42.6 42.6 11.7 29.5 9 99.5 9 132.1s2.7 102.7-9 132.1z\"><\/path>\n                <\/svg><\/div>\n\t\t\t\t\t<img loading=\"lazy\" decoding=\"async\"  src=\"https:\/\/webpe.colegiomayor.cl\/wp-content\/uploads\/sb-instagram-feed-images\/redmayorkina.webp\" alt=\"\" width=\"50\" height=\"50\">\n\t\t\t\t\n\t\t\t\t\t\t\t<\/div>\n\n\t\t\t<div class=\"sbi_feedtheme_header_text\">\n\t\t\t\t<h3>redmayorkina<\/h3>\n\t\t\t\t\t\t\t\t\t<p class=\"sbi_bio\">Somos la red de ex estudiantes de los Colegios Mayor, \u00a1\u00fanete a nuestra gran comunidad mayorkina compartiendo este perfil!<\/p>\n\t\t\t\t\t\t\t<\/div>\n\t\t<\/div>\n\t<\/a>\n<\/div>\n\n\t<div id=\"sbi_images\"  style=\"gap: 10px;\">\n\t\t<div class=\"sbi_item sbi_type_video sbi_new sbi_transition\"\n\tid=\"sbi_17962119473974503\" data-date=\"1756410770\">\n\t<div class=\"sbi_photo_wrap\">\n\t\t<a class=\"sbi_photo\" href=\"https:\/\/www.instagram.com\/reel\/DN6T0WfiE-V\/\" target=\"_blank\" rel=\"noopener nofollow\"\n\t\t\tdata-full-res=\"https:\/\/scontent.cdninstagram.com\/v\/t51.82787-15\/541043785_17848436571549066_7786968404511263600_n.jpg?stp=dst-jpg_e35_tt6&#038;_nc_cat=103&#038;ccb=7-5&#038;_nc_sid=18de74&#038;efg=eyJlZmdfdGFnIjoiQ0xJUFMuYmVzdF9pbWFnZV91cmxnZW4uQzMifQ%3D%3D&#038;_nc_ohc=QpNxz7qGTDoQ7kNvwG5--pZ&#038;_nc_oc=AdqbTpukQm8aI8mVLuzu1w0HA-0vLMoy3C-HLVeEGkKmee3AtURH3IH22mYNxOmkvo0&#038;_nc_zt=23&#038;_nc_ht=scontent.cdninstagram.com&#038;edm=ANo9K5cEAAAA&#038;_nc_gid=irt3x43Juw-jl2hRBXldxw&#038;_nc_tpa=Q5bMBQE55SemIYkiycE1MABi-adEG5GU5F7kiCu5ZqYrLqrPeZnzXlE29wESdE0Qo07kE6v3HW1726YSLg&#038;oh=00_Af3l6d72CWSburd4VUTfdWBDr3uPFWJgR9XlhItOvAtJNw&#038;oe=69F8C25C\"\n\t\t\tdata-img-src-set=\"{&quot;d&quot;:&quot;https:\\\/\\\/scontent.cdninstagram.com\\\/v\\\/t51.82787-15\\\/541043785_17848436571549066_7786968404511263600_n.jpg?stp=dst-jpg_e35_tt6&amp;_nc_cat=103&amp;ccb=7-5&amp;_nc_sid=18de74&amp;efg=eyJlZmdfdGFnIjoiQ0xJUFMuYmVzdF9pbWFnZV91cmxnZW4uQzMifQ%3D%3D&amp;_nc_ohc=QpNxz7qGTDoQ7kNvwG5--pZ&amp;_nc_oc=AdqbTpukQm8aI8mVLuzu1w0HA-0vLMoy3C-HLVeEGkKmee3AtURH3IH22mYNxOmkvo0&amp;_nc_zt=23&amp;_nc_ht=scontent.cdninstagram.com&amp;edm=ANo9K5cEAAAA&amp;_nc_gid=irt3x43Juw-jl2hRBXldxw&amp;_nc_tpa=Q5bMBQE55SemIYkiycE1MABi-adEG5GU5F7kiCu5ZqYrLqrPeZnzXlE29wESdE0Qo07kE6v3HW1726YSLg&amp;oh=00_Af3l6d72CWSburd4VUTfdWBDr3uPFWJgR9XlhItOvAtJNw&amp;oe=69F8C25C&quot;,&quot;150&quot;:&quot;https:\\\/\\\/scontent.cdninstagram.com\\\/v\\\/t51.82787-15\\\/541043785_17848436571549066_7786968404511263600_n.jpg?stp=dst-jpg_e35_tt6&amp;_nc_cat=103&amp;ccb=7-5&amp;_nc_sid=18de74&amp;efg=eyJlZmdfdGFnIjoiQ0xJUFMuYmVzdF9pbWFnZV91cmxnZW4uQzMifQ%3D%3D&amp;_nc_ohc=QpNxz7qGTDoQ7kNvwG5--pZ&amp;_nc_oc=AdqbTpukQm8aI8mVLuzu1w0HA-0vLMoy3C-HLVeEGkKmee3AtURH3IH22mYNxOmkvo0&amp;_nc_zt=23&amp;_nc_ht=scontent.cdninstagram.com&amp;edm=ANo9K5cEAAAA&amp;_nc_gid=irt3x43Juw-jl2hRBXldxw&amp;_nc_tpa=Q5bMBQE55SemIYkiycE1MABi-adEG5GU5F7kiCu5ZqYrLqrPeZnzXlE29wESdE0Qo07kE6v3HW1726YSLg&amp;oh=00_Af3l6d72CWSburd4VUTfdWBDr3uPFWJgR9XlhItOvAtJNw&amp;oe=69F8C25C&quot;,&quot;320&quot;:&quot;https:\\\/\\\/scontent.cdninstagram.com\\\/v\\\/t51.82787-15\\\/541043785_17848436571549066_7786968404511263600_n.jpg?stp=dst-jpg_e35_tt6&amp;_nc_cat=103&amp;ccb=7-5&amp;_nc_sid=18de74&amp;efg=eyJlZmdfdGFnIjoiQ0xJUFMuYmVzdF9pbWFnZV91cmxnZW4uQzMifQ%3D%3D&amp;_nc_ohc=QpNxz7qGTDoQ7kNvwG5--pZ&amp;_nc_oc=AdqbTpukQm8aI8mVLuzu1w0HA-0vLMoy3C-HLVeEGkKmee3AtURH3IH22mYNxOmkvo0&amp;_nc_zt=23&amp;_nc_ht=scontent.cdninstagram.com&amp;edm=ANo9K5cEAAAA&amp;_nc_gid=irt3x43Juw-jl2hRBXldxw&amp;_nc_tpa=Q5bMBQE55SemIYkiycE1MABi-adEG5GU5F7kiCu5ZqYrLqrPeZnzXlE29wESdE0Qo07kE6v3HW1726YSLg&amp;oh=00_Af3l6d72CWSburd4VUTfdWBDr3uPFWJgR9XlhItOvAtJNw&amp;oe=69F8C25C&quot;,&quot;640&quot;:&quot;https:\\\/\\\/scontent.cdninstagram.com\\\/v\\\/t51.82787-15\\\/541043785_17848436571549066_7786968404511263600_n.jpg?stp=dst-jpg_e35_tt6&amp;_nc_cat=103&amp;ccb=7-5&amp;_nc_sid=18de74&amp;efg=eyJlZmdfdGFnIjoiQ0xJUFMuYmVzdF9pbWFnZV91cmxnZW4uQzMifQ%3D%3D&amp;_nc_ohc=QpNxz7qGTDoQ7kNvwG5--pZ&amp;_nc_oc=AdqbTpukQm8aI8mVLuzu1w0HA-0vLMoy3C-HLVeEGkKmee3AtURH3IH22mYNxOmkvo0&amp;_nc_zt=23&amp;_nc_ht=scontent.cdninstagram.com&amp;edm=ANo9K5cEAAAA&amp;_nc_gid=irt3x43Juw-jl2hRBXldxw&amp;_nc_tpa=Q5bMBQE55SemIYkiycE1MABi-adEG5GU5F7kiCu5ZqYrLqrPeZnzXlE29wESdE0Qo07kE6v3HW1726YSLg&amp;oh=00_Af3l6d72CWSburd4VUTfdWBDr3uPFWJgR9XlhItOvAtJNw&amp;oe=69F8C25C&quot;}\">\n\t\t\t<span class=\"sbi-screenreader\">\u00a1Historia en Movimiento! \ud83d\udcda\u2728\n\n\ud835\udc0f\ud835\udc2b\ud835\udc22\ud835\udc26\ud835\udc1e\ud835\udc2b\ud835\udc1a \ud835\udc09\ud835\udc2e\ud835\udc27\ud835\udc2d\ud835\udc1a \ud835\udc0e\ud835\udc1f\ud835\udc22\ud835\udc1c\ud835\udc22\ud835\udc1a\ud835\udc25<\/span>\n\t\t\t\t\t\t<svg style=\"color: rgba(255,255,255,1)\" class=\"svg-inline--fa fa-play fa-w-14 sbi_playbtn\" aria-label=\"Play\" aria-hidden=\"true\" data-fa-processed=\"\" data-prefix=\"fa\" data-icon=\"play\" role=\"presentation\" xmlns=\"http:\/\/www.w3.org\/2000\/svg\" viewBox=\"0 0 448 512\"><path fill=\"currentColor\" d=\"M424.4 214.7L72.4 6.6C43.8-10.3 0 6.1 0 47.9V464c0 37.5 40.7 60.1 72.4 41.3l352-208c31.4-18.5 31.5-64.1 0-82.6z\"><\/path><\/svg>\t\t\t<img decoding=\"async\" src=\"https:\/\/webpe.colegiomayor.cl\/wp-content\/plugins\/instagram-feed\/img\/placeholder.png\" alt=\"\u00a1Historia en Movimiento! \ud83d\udcda\u2728\n\n\ud835\udc0f\ud835\udc2b\ud835\udc22\ud835\udc26\ud835\udc1e\ud835\udc2b\ud835\udc1a \ud835\udc09\ud835\udc2e\ud835\udc27\ud835\udc2d\ud835\udc1a \ud835\udc0e\ud835\udc1f\ud835\udc22\ud835\udc1c\ud835\udc22\ud835\udc1a\ud835\udc25 \u2013 \ud835\udc11\ud835\udc1e\ud835\udc1d \ud835\udc0c\ud835\udc1a\ud835\udc32\ud835\udc28\ud835\udc2b\ud835\udc24\ud835\udc22\ud835\udc27\ud835\udc28\ud835\udc2c \ud835\udc13\ud835\udc28\ud835\udc1b\ud835\udc1a\ud835\udc25\ud835\udc1a\ud835\udc1b\ud835\udc1a\n\n\u00bfTe imaginas un desayuno donde el tiempo no existe? Eso fue exactamente lo que vivimos cuando distintas generaciones de Mayorkinos se reunieron con nuestra querida rectora Alejandra Rosales. Entre risas, an\u00e9cdotas y ese aroma inconfundible a caf\u00e9 reci\u00e9n hecho, naci\u00f3 oficialmente algo m\u00e1gico: la \ud835\udde5\ud835\uddf2\ud835\uddf1 \ud835\uddf1\ud835\uddf2 \ud835\udde0\ud835\uddee\ud835\ude06\ud835\uddfc\ud835\uddff\ud835\uddf8\ud835\uddf6\ud835\uddfb\ud835\uddfc\ud835\ude00.\nM\u00e1s que un reencuentro, una tradici\u00f3n que renace \ud83c\udf1f\n\nNo fue solo un &quot;hola, \u00bfc\u00f3mo est\u00e1s?&quot;. Fue ese momento donde los ojos brillan al recordar travesuras en el recreo, profesores inolvidables y amistades que trascienden el tiempo. Fue ver c\u00f3mo el esp\u00edritu Mayorkino sigue vivo, latiendo fuerte en cada coraz\u00f3n que alguna vez camin\u00f3 por nuestros pasillos.\n\nEl comienzo de algo extraordinario \u2615\ufe0f\nEsta Red no es solo una reuni\u00f3n m\u00e1s en el calendario. Es nuestro espacio sagrado para:\n\nReencontrarnos con esa esencia que nos une a compartir historias que nos hacen sonre\u00edr, crear nuevos recuerdos mientras honramos los antiguos y fortalecer esos lazos que van m\u00e1s all\u00e1 de cualquier aula\n\n\u00a1Y esto es solo el aperitivo! \ud83c\udf89\nA todas las incre\u00edbles personas que dijeron &quot;presente&quot; en este primer encuentro: \u00a1\ud835\udc06\ud835\udc11\ud835\udc00\ud835\udc02\ud835\udc08\ud835\udc00\ud835\udc12\u2757Su energ\u00eda, sus sonrisas y su entusiasmo son la chispa que enciende esta hermosa aventura.\n\nPorque cuando los Mayorkinos nos juntamos, la magia sucede. Y lo que viene... \u00a1promete ser \u00e9pico! \u00a1Mantente atento! Te estaremos contando cada paso de esta emocionante traves\u00eda. \ud83d\ude4c\n\n\u00a1Qu\u00e9date atent@ a nuestras pr\u00f3ximas reuniones y juntas de ex-estudiantes! \ud835\udde6\ud835\uddf2 \ud835\ude03\ud835\uddf6\ud835\uddf2\ud835\uddfb\ud835\uddf2\ud835\uddfb \ud835\uddf0\ud835\uddfc\ud835\ude00\ud835\uddf6\ud835\ude01\ud835\uddee\ud835\ude00...\n\n@mayortobalaba @mayorpenalolen \n\n#RedMayorkinos #ColegioMayorTobalaba #ExAlumnosMayor #JuntosOtraVez #OrgulloMayor\" aria-hidden=\"true\">\n\t\t<\/a>\n\t<\/div>\n<\/div><div class=\"sbi_item sbi_type_image sbi_new sbi_transition\"\n\tid=\"sbi_18036439892680720\" data-date=\"1756246424\">\n\t<div class=\"sbi_photo_wrap\">\n\t\t<a class=\"sbi_photo\" href=\"https:\/\/www.instagram.com\/p\/DN1adF30sRP\/\" target=\"_blank\" rel=\"noopener nofollow\"\n\t\t\tdata-full-res=\"https:\/\/scontent.cdninstagram.com\/v\/t51.82787-15\/539346913_17848034178549066_7778839273794251083_n.jpg?stp=dst-jpg_e35_tt6&#038;_nc_cat=108&#038;ccb=7-5&#038;_nc_sid=18de74&#038;efg=eyJlZmdfdGFnIjoiRkVFRC5iZXN0X2ltYWdlX3VybGdlbi5DMyJ9&#038;_nc_ohc=OwdRMKg8HzsQ7kNvwF2Mpvt&#038;_nc_oc=AdrO2_xlZdNWRwNoHsybvDVCkB5vZWsJefD0mubho1u_HPbH7e6_6N0f_nTkgGNGQvY&#038;_nc_zt=23&#038;_nc_ht=scontent.cdninstagram.com&#038;edm=ANo9K5cEAAAA&#038;_nc_gid=irt3x43Juw-jl2hRBXldxw&#038;_nc_tpa=Q5bMBQHOV4_NEZPHij0e_PLitQ9sLEF0pE9LjuGpJ9SmqcSxxJLHZcGLO09-RoTYVAvjtYCeyvm6VN8eYA&#038;oh=00_Af0aAzRISQV6KcOENTksIpne4Q_b47oHMtOSCnDlUOuMxw&#038;oe=69F8C265\"\n\t\t\tdata-img-src-set=\"{&quot;d&quot;:&quot;https:\\\/\\\/scontent.cdninstagram.com\\\/v\\\/t51.82787-15\\\/539346913_17848034178549066_7778839273794251083_n.jpg?stp=dst-jpg_e35_tt6&amp;_nc_cat=108&amp;ccb=7-5&amp;_nc_sid=18de74&amp;efg=eyJlZmdfdGFnIjoiRkVFRC5iZXN0X2ltYWdlX3VybGdlbi5DMyJ9&amp;_nc_ohc=OwdRMKg8HzsQ7kNvwF2Mpvt&amp;_nc_oc=AdrO2_xlZdNWRwNoHsybvDVCkB5vZWsJefD0mubho1u_HPbH7e6_6N0f_nTkgGNGQvY&amp;_nc_zt=23&amp;_nc_ht=scontent.cdninstagram.com&amp;edm=ANo9K5cEAAAA&amp;_nc_gid=irt3x43Juw-jl2hRBXldxw&amp;_nc_tpa=Q5bMBQHOV4_NEZPHij0e_PLitQ9sLEF0pE9LjuGpJ9SmqcSxxJLHZcGLO09-RoTYVAvjtYCeyvm6VN8eYA&amp;oh=00_Af0aAzRISQV6KcOENTksIpne4Q_b47oHMtOSCnDlUOuMxw&amp;oe=69F8C265&quot;,&quot;150&quot;:&quot;https:\\\/\\\/scontent.cdninstagram.com\\\/v\\\/t51.82787-15\\\/539346913_17848034178549066_7778839273794251083_n.jpg?stp=dst-jpg_e35_tt6&amp;_nc_cat=108&amp;ccb=7-5&amp;_nc_sid=18de74&amp;efg=eyJlZmdfdGFnIjoiRkVFRC5iZXN0X2ltYWdlX3VybGdlbi5DMyJ9&amp;_nc_ohc=OwdRMKg8HzsQ7kNvwF2Mpvt&amp;_nc_oc=AdrO2_xlZdNWRwNoHsybvDVCkB5vZWsJefD0mubho1u_HPbH7e6_6N0f_nTkgGNGQvY&amp;_nc_zt=23&amp;_nc_ht=scontent.cdninstagram.com&amp;edm=ANo9K5cEAAAA&amp;_nc_gid=irt3x43Juw-jl2hRBXldxw&amp;_nc_tpa=Q5bMBQHOV4_NEZPHij0e_PLitQ9sLEF0pE9LjuGpJ9SmqcSxxJLHZcGLO09-RoTYVAvjtYCeyvm6VN8eYA&amp;oh=00_Af0aAzRISQV6KcOENTksIpne4Q_b47oHMtOSCnDlUOuMxw&amp;oe=69F8C265&quot;,&quot;320&quot;:&quot;https:\\\/\\\/scontent.cdninstagram.com\\\/v\\\/t51.82787-15\\\/539346913_17848034178549066_7778839273794251083_n.jpg?stp=dst-jpg_e35_tt6&amp;_nc_cat=108&amp;ccb=7-5&amp;_nc_sid=18de74&amp;efg=eyJlZmdfdGFnIjoiRkVFRC5iZXN0X2ltYWdlX3VybGdlbi5DMyJ9&amp;_nc_ohc=OwdRMKg8HzsQ7kNvwF2Mpvt&amp;_nc_oc=AdrO2_xlZdNWRwNoHsybvDVCkB5vZWsJefD0mubho1u_HPbH7e6_6N0f_nTkgGNGQvY&amp;_nc_zt=23&amp;_nc_ht=scontent.cdninstagram.com&amp;edm=ANo9K5cEAAAA&amp;_nc_gid=irt3x43Juw-jl2hRBXldxw&amp;_nc_tpa=Q5bMBQHOV4_NEZPHij0e_PLitQ9sLEF0pE9LjuGpJ9SmqcSxxJLHZcGLO09-RoTYVAvjtYCeyvm6VN8eYA&amp;oh=00_Af0aAzRISQV6KcOENTksIpne4Q_b47oHMtOSCnDlUOuMxw&amp;oe=69F8C265&quot;,&quot;640&quot;:&quot;https:\\\/\\\/scontent.cdninstagram.com\\\/v\\\/t51.82787-15\\\/539346913_17848034178549066_7778839273794251083_n.jpg?stp=dst-jpg_e35_tt6&amp;_nc_cat=108&amp;ccb=7-5&amp;_nc_sid=18de74&amp;efg=eyJlZmdfdGFnIjoiRkVFRC5iZXN0X2ltYWdlX3VybGdlbi5DMyJ9&amp;_nc_ohc=OwdRMKg8HzsQ7kNvwF2Mpvt&amp;_nc_oc=AdrO2_xlZdNWRwNoHsybvDVCkB5vZWsJefD0mubho1u_HPbH7e6_6N0f_nTkgGNGQvY&amp;_nc_zt=23&amp;_nc_ht=scontent.cdninstagram.com&amp;edm=ANo9K5cEAAAA&amp;_nc_gid=irt3x43Juw-jl2hRBXldxw&amp;_nc_tpa=Q5bMBQHOV4_NEZPHij0e_PLitQ9sLEF0pE9LjuGpJ9SmqcSxxJLHZcGLO09-RoTYVAvjtYCeyvm6VN8eYA&amp;oh=00_Af0aAzRISQV6KcOENTksIpne4Q_b47oHMtOSCnDlUOuMxw&amp;oe=69F8C265&quot;}\">\n\t\t\t<span class=\"sbi-screenreader\">Publicaci\u00f3n de Instagram 18036439892680720<\/span>\n\t\t\t\t\t\t\t\t\t<img decoding=\"async\" src=\"https:\/\/webpe.colegiomayor.cl\/wp-content\/plugins\/instagram-feed\/img\/placeholder.png\" alt=\"Publicaci\u00f3n de Instagram 18036439892680720\" aria-hidden=\"true\">\n\t\t<\/a>\n\t<\/div>\n<\/div>\t<\/div>\n\n\t<div id=\"sbi_load\" >\n\n\t\n\t\t\t<span class=\"sbi_follow_btn sbi_custom\" >\n\t\t\t<a target=\"_blank\"\n\t\t\t\trel=\"nofollow noopener\"  href=\"https:\/\/www.instagram.com\/redmayorkina\/\" style=\"background: rgb(64,139,209);\">\n\t\t\t\t<svg class=\"svg-inline--fa fa-instagram fa-w-14\" aria-hidden=\"true\" data-fa-processed=\"\" aria-label=\"Instagram\" data-prefix=\"fab\" data-icon=\"instagram\" role=\"img\" viewBox=\"0 0 448 512\">\n                    <path fill=\"currentColor\" d=\"M224.1 141c-63.6 0-114.9 51.3-114.9 114.9s51.3 114.9 114.9 114.9S339 319.5 339 255.9 287.7 141 224.1 141zm0 189.6c-41.1 0-74.7-33.5-74.7-74.7s33.5-74.7 74.7-74.7 74.7 33.5 74.7 74.7-33.6 74.7-74.7 74.7zm146.4-194.3c0 14.9-12 26.8-26.8 26.8-14.9 0-26.8-12-26.8-26.8s12-26.8 26.8-26.8 26.8 12 26.8 26.8zm76.1 27.2c-1.7-35.9-9.9-67.7-36.2-93.9-26.2-26.2-58-34.4-93.9-36.2-37-2.1-147.9-2.1-184.9 0-35.8 1.7-67.6 9.9-93.9 36.1s-34.4 58-36.2 93.9c-2.1 37-2.1 147.9 0 184.9 1.7 35.9 9.9 67.7 36.2 93.9s58 34.4 93.9 36.2c37 2.1 147.9 2.1 184.9 0 35.9-1.7 67.7-9.9 93.9-36.2 26.2-26.2 34.4-58 36.2-93.9 2.1-37 2.1-147.8 0-184.8zM398.8 388c-7.8 19.6-22.9 34.7-42.6 42.6-29.5 11.7-99.5 9-132.1 9s-102.7 2.6-132.1-9c-19.6-7.8-34.7-22.9-42.6-42.6-11.7-29.5-9-99.5-9-132.1s-2.6-102.7 9-132.1c7.8-19.6 22.9-34.7 42.6-42.6 29.5-11.7 99.5-9 132.1-9s102.7-2.6 132.1 9c19.6 7.8 34.7 22.9 42.6 42.6 11.7 29.5 9 99.5 9 132.1s2.7 102.7-9 132.1z\"><\/path>\n                <\/svg>\t\t\t\t<span>Seguir en Instagram<\/span>\n\t\t\t<\/a>\n\t\t<\/span>\n\t\n<\/div>\n\t\t<span class=\"sbi_resized_image_data\" data-feed-id=\"*3\"\n\t\t  data-resized=\"{&quot;17962119473974503&quot;:{&quot;id&quot;:&quot;541043785_17848436571549066_7786968404511263600_n&quot;,&quot;ratio&quot;:&quot;0.56&quot;,&quot;sizes&quot;:{&quot;full&quot;:640,&quot;low&quot;:320,&quot;thumb&quot;:150},&quot;extension&quot;:&quot;.webp&quot;},&quot;18036439892680720&quot;:{&quot;id&quot;:&quot;539346913_17848034178549066_7778839273794251083_n&quot;,&quot;ratio&quot;:&quot;1.00&quot;,&quot;sizes&quot;:{&quot;full&quot;:640,&quot;low&quot;:320,&quot;thumb&quot;:150},&quot;extension&quot;:&quot;.webp&quot;}}\">\n\t<\/span>\n\t<\/div>\n\n[\/vc_column_text][\/vc_column][\/vc_row]<\/p>\n<\/div>","protected":false},"excerpt":{"rendered":"<p>[vc_row][vc_column width=&#8221;1\/4&#8243;][vc_single_image image=&#8221;39110&#8243; img_size=&#8221;full&#8221; onclick=&#8221;custom_link&#8221; css=&#8221;&#8221; link=&#8221;https:\/\/webpe.colegiomayor.cl\/?page_id=39481&#8243;][\/vc_column][vc_column width=&#8221;3\/4&#8243;][vc_column_text css=&#8221;&#8221;]\u00danete a nuestra comunidad de exalumnos de los Colegios Mayor, donde podr\u00e1s reconectar con quienes compartiste una parte significativa de tu vida, y adem\u00e1s, podr\u00e1s participar y beneficiarte de ser parte de nuevos desaf\u00edos. \u00a1Te esperamos![\/vc_column_text][\/vc_column][\/vc_row][vc_row][vc_column][vc_separator css=&#8221;&#8221;][\/vc_column][\/vc_row][vc_row][vc_column&nbsp;<a href=\"https:\/\/webpe.colegiomayor.cl\/?page_id=39454\">&hellip;<\/a><\/p>\n","protected":false},"author":1,"featured_media":0,"parent":0,"menu_order":0,"comment_status":"closed","ping_status":"closed","template":"template-fullwidth-no-title.php","meta":{"content-type":"","footnotes":""},"class_list":["post-39454","page","type-page","status-publish","hentry","odd"],"rttpg_featured_image_url":null,"rttpg_author":{"display_name":"josefariesco@gmail.com","author_link":"https:\/\/webpe.colegiomayor.cl\/?author=1"},"rttpg_comment":0,"rttpg_category":null,"rttpg_excerpt":"[vc_row][vc_column width=&#8221;1\/4&#8243;][vc_single_image image=&#8221;39110&#8243; img_size=&#8221;full&#8221; onclick=&#8221;custom_link&#8221; css=&#8221;&#8221; link=&#8221;https:\/\/webpe.colegiomayor.cl\/?page_id=39481&#8243;][\/vc_column][vc_column width=&#8221;3\/4&#8243;][vc_column_text css=&#8221;&#8221;]\u00danete a nuestra comunidad de exalumnos de los Colegios Mayor, donde podr\u00e1s reconectar con quienes compartiste una parte significativa de tu vida, y adem\u00e1s, podr\u00e1s participar y beneficiarte de ser parte de nuevos desaf\u00edos. \u00a1Te esperamos![\/vc_column_text][\/vc_column][\/vc_row][vc_row][vc_column][vc_separator css=&#8221;&#8221;][\/vc_column][\/vc_row][vc_row][vc_column&nbsp;&hellip;","_links":{"self":[{"href":"https:\/\/webpe.colegiomayor.cl\/index.php?rest_route=\/wp\/v2\/pages\/39454","targetHints":{"allow":["GET"]}}],"collection":[{"href":"https:\/\/webpe.colegiomayor.cl\/index.php?rest_route=\/wp\/v2\/pages"}],"about":[{"href":"https:\/\/webpe.colegiomayor.cl\/index.php?rest_route=\/wp\/v2\/types\/page"}],"author":[{"embeddable":true,"href":"https:\/\/webpe.colegiomayor.cl\/index.php?rest_route=\/wp\/v2\/users\/1"}],"replies":[{"embeddable":true,"href":"https:\/\/webpe.colegiomayor.cl\/index.php?rest_route=%2Fwp%2Fv2%2Fcomments&post=39454"}],"version-history":[{"count":3,"href":"https:\/\/webpe.colegiomayor.cl\/index.php?rest_route=\/wp\/v2\/pages\/39454\/revisions"}],"predecessor-version":[{"id":39486,"href":"https:\/\/webpe.colegiomayor.cl\/index.php?rest_route=\/wp\/v2\/pages\/39454\/revisions\/39486"}],"wp:attachment":[{"href":"https:\/\/webpe.colegiomayor.cl\/index.php?rest_route=%2Fwp%2Fv2%2Fmedia&parent=39454"}],"curies":[{"name":"wp","href":"https:\/\/api.w.org\/{rel}","templated":true}]}}