{"id":38834,"date":"2025-07-15T10:03:12","date_gmt":"2025-07-15T13:03:12","guid":{"rendered":"https:\/\/webpe.colegiomayor.cl\/?page_id=38834"},"modified":"2026-01-09T11:54:45","modified_gmt":"2026-01-09T14:54:45","slug":"reglamento-de-evaluacion-2025","status":"publish","type":"page","link":"https:\/\/webpe.colegiomayor.cl\/?page_id=38834","title":{"rendered":"Reglamento de Evaluaci\u00f3n 2025"},"content":{"rendered":"<div class=\"wpb-content-wrapper\"><p>[vc_row css=&#8221;.vc_custom_1487250199380{margin-bottom: 35px !important;}&#8221;][vc_column css=&#8221;.vc_custom_1490018662966{margin-bottom: 0px !important;}&#8221;][vc_custom_heading text=&#8221;Reglamento de Evaluaci\u00f3n 2026&#8243; font_container=&#8221;tag:h1|text_align:left&#8221; use_theme_fonts=&#8221;yes&#8221; css=&#8221;.vc_custom_1767970293757{margin-top: 0px !important;margin-bottom: 20px !important;}&#8221;][\/vc_column][\/vc_row][vc_row css=&#8221;.vc_custom_1487773030229{margin-bottom: 35px !important;}&#8221;][vc_column width=&#8221;2\/3&#8243;]\n\t\t\t\t\t<a\n\t\t\t\thref=\"https:\/\/webpe.colegiomayor.cl\/wp-content\/uploads\/2026\/01\/2026_CMPe_Reglamento-de-Evaluacion.pdf\"\n\t\t\t\tclass=\"wh-theme-icon vc_custom_1767970258661  scp_theme_icon-f6500511c2606736575416ea99bfe6d7\"\n\t\t\t\t\t\t\t\t\t\t\t\t\ttarget=\"_blank\"\n\t\t\t\t\t\t\t\t><i class=\"icon-edic_picture_as_pdf\"><\/i><\/a>\n\t\t\t\t[vc_custom_heading text=&#8221;Descargar&#8221; font_container=&#8221;tag:h5|text_align:left|color:%23000000&#8243; use_theme_fonts=&#8221;yes&#8221; css=&#8221;.vc_custom_1767970243404{margin-bottom: 10px !important;padding-left: 75px !important;}&#8221; link=&#8221;url:https%3A%2F%2Fwebpe.colegiomayor.cl%2Fwp-content%2Fuploads%2F2026%2F01%2F2026_CMPe_Reglamento-de-Evaluacion.pdf|title:Reglamento%20de%20Evaluaci%C3%B3n%202026|target:_blank&#8221;][vc_custom_heading text=&#8221;Descarga ac\u00e1 el Reglamento de Evaluaci\u00f3n para el a\u00f1o 2026&#8243; font_container=&#8221;tag:p|text_align:left|color:%23aeafaf&#8221; use_theme_fonts=&#8221;yes&#8221; css=&#8221;.vc_custom_1767970227165{padding-left: 75px !important;}&#8221; link=&#8221;url:https%3A%2F%2Fwebpe.colegiomayor.cl%2Fwp-content%2Fuploads%2F2026%2F01%2F2026_CMPe_Reglamento-de-Evaluacion.pdf|target:_blank&#8221;][\/vc_column][vc_column width=&#8221;1\/3&#8243;][\/vc_column][\/vc_row]<\/p>\n<\/div>","protected":false},"excerpt":{"rendered":"<p>[vc_row css=&#8221;.vc_custom_1487250199380{margin-bottom: 35px !important;}&#8221;][vc_column css=&#8221;.vc_custom_1490018662966{margin-bottom: 0px !important;}&#8221;][vc_custom_heading text=&#8221;Reglamento de Evaluaci\u00f3n 2026&#8243; font_container=&#8221;tag:h1|text_align:left&#8221; use_theme_fonts=&#8221;yes&#8221; css=&#8221;.vc_custom_1767970293757{margin-top: 0px !important;margin-bottom: 20px !important;}&#8221;][\/vc_column][\/vc_row][vc_row css=&#8221;.vc_custom_1487773030229{margin-bottom: 35px !important;}&#8221;][vc_column width=&#8221;2\/3&#8243;][vc_custom_heading text=&#8221;Descargar&#8221; font_container=&#8221;tag:h5|text_align:left|color:%23000000&#8243; use_theme_fonts=&#8221;yes&#8221; css=&#8221;.vc_custom_1767970243404{margin-bottom: 10px !important;padding-left: 75px !important;}&#8221; link=&#8221;url:https%3A%2F%2Fwebpe.colegiomayor.cl%2Fwp-content%2Fuploads%2F2026%2F01%2F2026_CMPe_Reglamento-de-Evaluacion.pdf|title:Reglamento%20de%20Evaluaci%C3%B3n%202026|target:_blank&#8221;][vc_custom_heading text=&#8221;Descarga ac\u00e1 el Reglamento de Evaluaci\u00f3n para el a\u00f1o 2026&#8243; font_container=&#8221;tag:p|text_align:left|color:%23aeafaf&#8221; use_theme_fonts=&#8221;yes&#8221; css=&#8221;.vc_custom_1767970227165{padding-left: 75px&nbsp;<a href=\"https:\/\/webpe.colegiomayor.cl\/?page_id=38834\">&hellip;<\/a><\/p>\n","protected":false},"author":11,"featured_media":0,"parent":978,"menu_order":3,"comment_status":"closed","ping_status":"closed","template":"template-sidebar-right-childpages.php","meta":{"content-type":"","footnotes":""},"class_list":["post-38834","page","type-page","status-publish","hentry","odd"],"rttpg_featured_image_url":null,"rttpg_author":{"display_name":"Francisco Arriagada","author_link":"https:\/\/webpe.colegiomayor.cl\/?author=11"},"rttpg_comment":0,"rttpg_category":null,"rttpg_excerpt":"[vc_row css=&#8221;.vc_custom_1487250199380{margin-bottom: 35px !important;}&#8221;][vc_column css=&#8221;.vc_custom_1490018662966{margin-bottom: 0px !important;}&#8221;][vc_custom_heading text=&#8221;Reglamento de Evaluaci\u00f3n 2026&#8243; font_container=&#8221;tag:h1|text_align:left&#8221; use_theme_fonts=&#8221;yes&#8221; css=&#8221;.vc_custom_1767970293757{margin-top: 0px !important;margin-bottom: 20px !important;}&#8221;][\/vc_column][\/vc_row][vc_row css=&#8221;.vc_custom_1487773030229{margin-bottom: 35px !important;}&#8221;][vc_column width=&#8221;2\/3&#8243;][vc_custom_heading text=&#8221;Descargar&#8221; font_container=&#8221;tag:h5|text_align:left|color:%23000000&#8243; use_theme_fonts=&#8221;yes&#8221; css=&#8221;.vc_custom_1767970243404{margin-bottom: 10px !important;padding-left: 75px !important;}&#8221; link=&#8221;url:https%3A%2F%2Fwebpe.colegiomayor.cl%2Fwp-content%2Fuploads%2F2026%2F01%2F2026_CMPe_Reglamento-de-Evaluacion.pdf|title:Reglamento%20de%20Evaluaci%C3%B3n%202026|target:_blank&#8221;][vc_custom_heading text=&#8221;Descarga ac\u00e1 el Reglamento de Evaluaci\u00f3n para el a\u00f1o 2026&#8243; font_container=&#8221;tag:p|text_align:left|color:%23aeafaf&#8221; use_theme_fonts=&#8221;yes&#8221; css=&#8221;.vc_custom_1767970227165{padding-left: 75px&nbsp;&hellip;","_links":{"self":[{"href":"https:\/\/webpe.colegiomayor.cl\/index.php?rest_route=\/wp\/v2\/pages\/38834","targetHints":{"allow":["GET"]}}],"collection":[{"href":"https:\/\/webpe.colegiomayor.cl\/index.php?rest_route=\/wp\/v2\/pages"}],"about":[{"href":"https:\/\/webpe.colegiomayor.cl\/index.php?rest_route=\/wp\/v2\/types\/page"}],"author":[{"embeddable":true,"href":"https:\/\/webpe.colegiomayor.cl\/index.php?rest_route=\/wp\/v2\/users\/11"}],"replies":[{"embeddable":true,"href":"https:\/\/webpe.colegiomayor.cl\/index.php?rest_route=%2Fwp%2Fv2%2Fcomments&post=38834"}],"version-history":[{"count":4,"href":"https:\/\/webpe.colegiomayor.cl\/index.php?rest_route=\/wp\/v2\/pages\/38834\/revisions"}],"predecessor-version":[{"id":40478,"href":"https:\/\/webpe.colegiomayor.cl\/index.php?rest_route=\/wp\/v2\/pages\/38834\/revisions\/40478"}],"up":[{"embeddable":true,"href":"https:\/\/webpe.colegiomayor.cl\/index.php?rest_route=\/wp\/v2\/pages\/978"}],"wp:attachment":[{"href":"https:\/\/webpe.colegiomayor.cl\/index.php?rest_route=%2Fwp%2Fv2%2Fmedia&parent=38834"}],"curies":[{"name":"wp","href":"https:\/\/api.w.org\/{rel}","templated":true}]}}