{"id":387,"date":"2024-11-25T20:55:01","date_gmt":"2024-11-25T23:55:01","guid":{"rendered":"https:\/\/webpe.colegiomayor.cl\/?page_id=387"},"modified":"2026-03-20T10:34:49","modified_gmt":"2026-03-20T13:34:49","slug":"vision-and-mission-copy","status":"publish","type":"page","link":"https:\/\/webpe.colegiomayor.cl\/?page_id=387","title":{"rendered":"Misi\u00f3n"},"content":{"rendered":"<div class=\"wpb-content-wrapper\"><p>[vc_row][vc_column css=&#8221;.vc_custom_1489757662264{margin-bottom: 0px !important;}&#8221;][vc_custom_heading text=&#8221;Misi\u00f3n&#8221; font_container=&#8221;tag:h1|text_align:left&#8221; use_theme_fonts=&#8221;yes&#8221; css=&#8221;.vc_custom_1732578925306{margin-top: 0px !important;margin-bottom: 20px !important;}&#8221;][vc_custom_heading text=&#8221;Misi\u00f3n del colegio. Los ni\u00f1os, ni\u00f1as y j\u00f3venes que formamos&#8221; font_container=&#8221;tag:h4|text_align:left|color:%23000000&#8243; use_theme_fonts=&#8221;yes&#8221; css=&#8221;&#8221;][vc_column_text css=&#8221;&#8221;]El Colegio Mayor Pe\u00f1alol\u00e9n es una instituci\u00f3n educacional laica de inspiraci\u00f3n cristiana y ecum\u00e9nica, cuya misi\u00f3n es formar ni\u00f1os, ni\u00f1as y j\u00f3venes responsables y aut\u00f3nomos, que, interesados en el contexto humano, social, cultural y cient\u00edfico de nuestro pa\u00eds y el mundo, sean honestos, solidarios, respetuosos de la diversidad en cualquiera de las formas en que ella se expresa, promotores de una sana convivencia, firme en sus convicciones y amable con las personas, y que demuestren un alto compromiso con la sociedad y el desarrollo sustentable; asimismo, son capaces de analizar, evaluar y cuestionar sistem\u00e1ticamente distintas situaciones, as\u00ed como comunicarse e interactuar de manera flexible con su entorno, proponiendo diversas y pertinentes alternativas para enfrentar individual y colaborativamente los desaf\u00edos de su vida.[\/vc_column_text][vc_separator border_width=&#8221;4&#8243;][vc_single_image image=&#8221;40655&#8243; img_size=&#8221;full&#8221; css_animation=&#8221;fadeIn&#8221; css=&#8221;&#8221;][\/vc_column][\/vc_row]<\/p>\n<\/div>","protected":false},"excerpt":{"rendered":"<p>[vc_row][vc_column css=&#8221;.vc_custom_1489757662264{margin-bottom: 0px !important;}&#8221;][vc_custom_heading text=&#8221;Misi\u00f3n&#8221; font_container=&#8221;tag:h1|text_align:left&#8221; use_theme_fonts=&#8221;yes&#8221; css=&#8221;.vc_custom_1732578925306{margin-top: 0px !important;margin-bottom: 20px !important;}&#8221;][vc_custom_heading text=&#8221;Misi\u00f3n del colegio. Los ni\u00f1os, ni\u00f1as y j\u00f3venes que formamos&#8221; font_container=&#8221;tag:h4|text_align:left|color:%23000000&#8243; use_theme_fonts=&#8221;yes&#8221; css=&#8221;&#8221;][vc_column_text css=&#8221;&#8221;]El Colegio Mayor Pe\u00f1alol\u00e9n es una instituci\u00f3n educacional laica de inspiraci\u00f3n cristiana y ecum\u00e9nica, cuya misi\u00f3n es formar ni\u00f1os, ni\u00f1as&nbsp;<a href=\"https:\/\/webpe.colegiomayor.cl\/?page_id=387\">&hellip;<\/a><\/p>\n","protected":false},"author":1,"featured_media":0,"parent":158,"menu_order":2,"comment_status":"closed","ping_status":"closed","template":"template-sidebar-right-childpages.php","meta":{"content-type":"","footnotes":""},"class_list":["post-387","page","type-page","status-publish","hentry","odd"],"rttpg_featured_image_url":null,"rttpg_author":{"display_name":"josefariesco@gmail.com","author_link":"https:\/\/webpe.colegiomayor.cl\/?author=1"},"rttpg_comment":0,"rttpg_category":null,"rttpg_excerpt":"[vc_row][vc_column css=&#8221;.vc_custom_1489757662264{margin-bottom: 0px !important;}&#8221;][vc_custom_heading text=&#8221;Misi\u00f3n&#8221; font_container=&#8221;tag:h1|text_align:left&#8221; use_theme_fonts=&#8221;yes&#8221; css=&#8221;.vc_custom_1732578925306{margin-top: 0px !important;margin-bottom: 20px !important;}&#8221;][vc_custom_heading text=&#8221;Misi\u00f3n del colegio. Los ni\u00f1os, ni\u00f1as y j\u00f3venes que formamos&#8221; font_container=&#8221;tag:h4|text_align:left|color:%23000000&#8243; use_theme_fonts=&#8221;yes&#8221; css=&#8221;&#8221;][vc_column_text css=&#8221;&#8221;]El Colegio Mayor Pe\u00f1alol\u00e9n es una instituci\u00f3n educacional laica de inspiraci\u00f3n cristiana y ecum\u00e9nica, cuya misi\u00f3n es formar ni\u00f1os, ni\u00f1as&nbsp;&hellip;","_links":{"self":[{"href":"https:\/\/webpe.colegiomayor.cl\/index.php?rest_route=\/wp\/v2\/pages\/387","targetHints":{"allow":["GET"]}}],"collection":[{"href":"https:\/\/webpe.colegiomayor.cl\/index.php?rest_route=\/wp\/v2\/pages"}],"about":[{"href":"https:\/\/webpe.colegiomayor.cl\/index.php?rest_route=\/wp\/v2\/types\/page"}],"author":[{"embeddable":true,"href":"https:\/\/webpe.colegiomayor.cl\/index.php?rest_route=\/wp\/v2\/users\/1"}],"replies":[{"embeddable":true,"href":"https:\/\/webpe.colegiomayor.cl\/index.php?rest_route=%2Fwp%2Fv2%2Fcomments&post=387"}],"version-history":[{"count":3,"href":"https:\/\/webpe.colegiomayor.cl\/index.php?rest_route=\/wp\/v2\/pages\/387\/revisions"}],"predecessor-version":[{"id":40656,"href":"https:\/\/webpe.colegiomayor.cl\/index.php?rest_route=\/wp\/v2\/pages\/387\/revisions\/40656"}],"up":[{"embeddable":true,"href":"https:\/\/webpe.colegiomayor.cl\/index.php?rest_route=\/wp\/v2\/pages\/158"}],"wp:attachment":[{"href":"https:\/\/webpe.colegiomayor.cl\/index.php?rest_route=%2Fwp%2Fv2%2Fmedia&parent=387"}],"curies":[{"name":"wp","href":"https:\/\/api.w.org\/{rel}","templated":true}]}}