{"id":37180,"date":"2024-12-30T18:33:54","date_gmt":"2024-12-30T21:33:54","guid":{"rendered":"https:\/\/webpe.colegiomayor.cl\/?page_id=37180"},"modified":"2025-08-12T17:51:38","modified_gmt":"2025-08-12T20:51:38","slug":"deportes","status":"publish","type":"page","link":"https:\/\/webpe.colegiomayor.cl\/?page_id=37180","title":{"rendered":"Deportes"},"content":{"rendered":"<div class=\"wpb-content-wrapper\"><p>[vc_row][vc_column css=&#8221;.vc_custom_1490101954713{margin-bottom: 0px !important;}&#8221;][vc_custom_heading text=&#8221;Deportes&#8221; font_container=&#8221;tag:h1|text_align:left&#8221; use_theme_fonts=&#8221;yes&#8221; css=&#8221;&#8221;][vc_row_inner][vc_column_inner width=&#8221;1\/2&#8243;][vc_column_text css=&#8221;&#8221;]Formaci\u00f3n integral a trav\u00e9s del deporte, el compromiso del Colegio Mayor. Descubre c\u00f3mo nuestra comunidad educativa impulsa el desarrollo cognitivo, emocional y f\u00edsico a trav\u00e9s de su enfoque integral en la formaci\u00f3n deportiva, destacando logros recientes en competiciones internacionales.<\/p>\n<p>&nbsp;<\/p>\n<p>En la b\u00fasqueda constante de brindar una educaci\u00f3n integral, Colegio Mayor se destaca por su compromiso en la formaci\u00f3n deportiva y en el desarrollo cognitivo, emocional y f\u00edsico de sus estudiantes.[\/vc_column_text][\/vc_column_inner][vc_column_inner width=&#8221;1\/2&#8243;][vc_single_image image=&#8221;39074&#8243; img_size=&#8221;full&#8221; css=&#8221;&#8221;][\/vc_column_inner][\/vc_row_inner][vc_column_text css=&#8221;&#8221;]Desde sus inicios, el Colegio Mayor Pe\u00f1alol\u00e9n ha considerado fundamental el desarrollo deportivo para el crecimiento f\u00edsico y mental de sus estudiantes. La formaci\u00f3n deportiva contribuye a la madurez, \u00e1rea pedag\u00f3gica y desarrollo de competencias, siendo parte esencial de su propuesta educativa.<\/p>\n<p>&nbsp;<\/p>\n<p>Contamos con una oferta de diversas actividades deportivas integradas en el plan de estudios, con instalaciones deportivas de primer nivel, programas de entrenamiento especializado, y la filosof\u00eda del colegio respecto a la importancia del deporte en el desarrollo de ni\u00f1os y ni\u00f1as.<\/p>\n<p>&nbsp;<\/p>\n<p>Los estudiantes de los niveles de PG, PK y K potencian el desarrollo de sus habilidades cognitivas articulado con un programa especial de psicomotricidad orientado a fortalecer el desarrollo global y uniforme de los ni\u00f1os o ni\u00f1as.<\/p>\n<p>&nbsp;<\/p>\n<p>Nuestra instituci\u00f3n procura que todos los estudiantes interesados participen en actividades deportivas. La motivaci\u00f3n para ello se hace a trav\u00e9s de sus profesores entrenadores, canales de comunicaci\u00f3n y jornadas deportivas familiares. Adem\u00e1s, se destacan las competiciones con otras instituciones, como los Juegos Panamericanos y otras competiciones internacionales.<\/p>\n<p>&nbsp;<\/p>\n<p>Contamos con un equipo de profesores\/entrenadores especializado en cada disciplina, que le permite a cada estudiante seleccionado\/a, no s\u00f3lo potenciar al m\u00e1ximo sus habilidades deportivas en la especialidad elegida, sino forjar su car\u00e1cter, la templanza, capacidad de resiliencia y el trabajo en equipo.<\/p>\n<p>&nbsp;<\/p>\n<p>A trav\u00e9s de su enfoque en la formaci\u00f3n deportiva, el colegio busca promover valores como respeto, disciplina, car\u00e1cter, perseverancia, templanza, capacidad de resiliencia y trabajo en equipo. Estos valores se integran en el Proyecto Educativo, que enfatiza la autonom\u00eda, vida saludable y buena convivencia escolar.<\/p>\n<p>&nbsp;<\/p>\n<p>Algunas de nuestras disciplinas deportivas son:<\/p>\n<ul>\n<li><strong>Selecciones deportivas:<\/strong><\/li>\n<\/ul>\n<p>Atletismo mixto, B\u00e1squetbol varones, Cheerleaders damas, F\u00fatbol varones, Gimnasia Art\u00edstica, Nataci\u00f3n mixto, Tenis mixto, V\u00f3leibol femenino y masculino.<\/p>\n<ul>\n<li><strong>Escuelas deportivas:<\/strong><\/li>\n<\/ul>\n<p>Atletismo, B\u00e1squetbol, Habilidades Acrob\u00e1ticas, F\u00fatbol y V\u00f3leibol.[\/vc_column_text][\/vc_column][\/vc_row][vc_row][vc_column][vc_basic_grid post_type=&#8221;post&#8221; max_items=&#8221;6&#8243; style=&#8221;lazy&#8221; items_per_page=&#8221;6&#8243; gap=&#8221;20&#8243; css=&#8221;&#8221; grid_id=&#8221;vc_gid:1755031752267-a51fd183b471c057ab0250dad4a1bad7-10&#8243; taxonomies=&#8221;25&#8243;][\/vc_column][\/vc_row]<\/p>\n<\/div>","protected":false},"excerpt":{"rendered":"<p>[vc_row][vc_column css=&#8221;.vc_custom_1490101954713{margin-bottom: 0px !important;}&#8221;][vc_custom_heading text=&#8221;Deportes&#8221; font_container=&#8221;tag:h1|text_align:left&#8221; use_theme_fonts=&#8221;yes&#8221; css=&#8221;&#8221;][vc_row_inner][vc_column_inner width=&#8221;1\/2&#8243;][vc_column_text css=&#8221;&#8221;]Formaci\u00f3n integral a trav\u00e9s del deporte, el compromiso del Colegio Mayor. Descubre c\u00f3mo nuestra comunidad educativa impulsa el desarrollo cognitivo, emocional y f\u00edsico a trav\u00e9s de su enfoque integral en la formaci\u00f3n deportiva, destacando logros recientes&nbsp;<a href=\"https:\/\/webpe.colegiomayor.cl\/?page_id=37180\">&hellip;<\/a><\/p>\n","protected":false},"author":1,"featured_media":0,"parent":0,"menu_order":0,"comment_status":"closed","ping_status":"closed","template":"","meta":{"content-type":"","footnotes":""},"class_list":["post-37180","page","type-page","status-publish","hentry","odd"],"rttpg_featured_image_url":null,"rttpg_author":{"display_name":"josefariesco@gmail.com","author_link":"https:\/\/webpe.colegiomayor.cl\/?author=1"},"rttpg_comment":0,"rttpg_category":null,"rttpg_excerpt":"[vc_row][vc_column css=&#8221;.vc_custom_1490101954713{margin-bottom: 0px !important;}&#8221;][vc_custom_heading text=&#8221;Deportes&#8221; font_container=&#8221;tag:h1|text_align:left&#8221; use_theme_fonts=&#8221;yes&#8221; css=&#8221;&#8221;][vc_row_inner][vc_column_inner width=&#8221;1\/2&#8243;][vc_column_text css=&#8221;&#8221;]Formaci\u00f3n integral a trav\u00e9s del deporte, el compromiso del Colegio Mayor. Descubre c\u00f3mo nuestra comunidad educativa impulsa el desarrollo cognitivo, emocional y f\u00edsico a trav\u00e9s de su enfoque integral en la formaci\u00f3n deportiva, destacando logros recientes&nbsp;&hellip;","_links":{"self":[{"href":"https:\/\/webpe.colegiomayor.cl\/index.php?rest_route=\/wp\/v2\/pages\/37180","targetHints":{"allow":["GET"]}}],"collection":[{"href":"https:\/\/webpe.colegiomayor.cl\/index.php?rest_route=\/wp\/v2\/pages"}],"about":[{"href":"https:\/\/webpe.colegiomayor.cl\/index.php?rest_route=\/wp\/v2\/types\/page"}],"author":[{"embeddable":true,"href":"https:\/\/webpe.colegiomayor.cl\/index.php?rest_route=\/wp\/v2\/users\/1"}],"replies":[{"embeddable":true,"href":"https:\/\/webpe.colegiomayor.cl\/index.php?rest_route=%2Fwp%2Fv2%2Fcomments&post=37180"}],"version-history":[{"count":7,"href":"https:\/\/webpe.colegiomayor.cl\/index.php?rest_route=\/wp\/v2\/pages\/37180\/revisions"}],"predecessor-version":[{"id":39096,"href":"https:\/\/webpe.colegiomayor.cl\/index.php?rest_route=\/wp\/v2\/pages\/37180\/revisions\/39096"}],"wp:attachment":[{"href":"https:\/\/webpe.colegiomayor.cl\/index.php?rest_route=%2Fwp%2Fv2%2Fmedia&parent=37180"}],"curies":[{"name":"wp","href":"https:\/\/api.w.org\/{rel}","templated":true}]}}