{"id":183,"date":"2017-02-21T12:45:01","date_gmt":"2017-02-21T12:45:01","guid":{"rendered":"http:\/\/ed.aislinthemes.com\/?page_id=1139"},"modified":"2026-01-07T13:38:06","modified_gmt":"2026-01-07T16:38:06","slug":"after-school","status":"publish","type":"page","link":"https:\/\/webpe.colegiomayor.cl\/?page_id=183","title":{"rendered":"After School"},"content":{"rendered":"<div class=\"wpb-content-wrapper\"><p>[vc_row][vc_column css=&#8221;.vc_custom_1490101954713{margin-bottom: 0px !important;}&#8221;][vc_custom_heading text=&#8221;After School Mayor&#8221; font_container=&#8221;tag:h1|text_align:left&#8221; use_theme_fonts=&#8221;yes&#8221; css=&#8221;&#8221;][vc_column_text css=&#8221;&#8221;]Estimadas Familias,<\/p>\n<p>Junto con saludarlos, informamos a Usted, que Colegio Mayor Pe\u00f1alol\u00e9n cuenta con el servicio de <em><strong>After School<\/strong><\/em>, proyecto que busca ofrecer a las familias, que componen la Comunidad Mayor, una alternativa donde sus hijos puedan desarrollar distintas habilidades a trav\u00e9s de juegos y entretenidas actividades dise\u00f1adas de acuerdo a su edad e intereses.[\/vc_column_text][vc_single_image image=&#8221;37637&#8243; img_size=&#8221;full&#8221; css=&#8221;&#8221;][vc_column_text css=&#8221;&#8221;]El proceso de inscripci\u00f3n lo debe realizar a trav\u00e9s del correo electr\u00f3nico\u00a0<a href=\"mailto:afterschool@colegiomayor.cl\" target=\"_blank\" rel=\"noreferrer noopener\"><strong>afterschool@colegiomayor.cl<\/strong><\/a><\/p>\n<p>Finalmente, es importante se\u00f1alar que este proyecto contar\u00e1 con profesionales id\u00f3neos para su desarrollo.<\/p>\n<p>Se despide cordialmente,<\/p>\n<p><strong>Roc\u00edo Moraga M.<br \/>\n<\/strong><strong>Direcci\u00f3n de Extensi\u00f3n<br \/>\n<\/strong><strong>Colegios Mayor<\/strong>[\/vc_column_text][\/vc_column][\/vc_row][vc_row][vc_column][vc_btn title=&#8221;DESCARGAR PROGRAMA Y REGULACIONES DE AFTER SCHOOL&#8221; color=&#8221;danger&#8221; size=&#8221;lg&#8221; align=&#8221;center&#8221; css_animation=&#8221;fadeIn&#8221; css=&#8221;&#8221; link=&#8221;url:https%3A%2F%2Fwebpe.colegiomayor.cl%2Fwp-content%2Fuploads%2F2025%2F10%2FPROGRAMA-Y-REGULACIONES-DE-AFTER-SCHOOL-2025.docx.pdf|target:_blank&#8221;][\/vc_column][\/vc_row][vc_row][vc_column][vc_btn title=&#8221;DESCARGAR LISTA DE \u00daTILES AFTER SCHOOL 2026&#8243; color=&#8221;success&#8221; size=&#8221;lg&#8221; align=&#8221;center&#8221; css_animation=&#8221;fadeIn&#8221; css=&#8221;&#8221; link=&#8221;url:https%3A%2F%2Fwebpe.colegiomayor.cl%2Fwp-content%2Fuploads%2F2026%2F01%2FLista-de-utiles-After-School-Mayor-2026.pdf|target:_blank&#8221;][\/vc_column][\/vc_row]<\/p>\n<\/div>","protected":false},"excerpt":{"rendered":"<p>[vc_row][vc_column css=&#8221;.vc_custom_1490101954713{margin-bottom: 0px !important;}&#8221;][vc_custom_heading text=&#8221;After School Mayor&#8221; font_container=&#8221;tag:h1|text_align:left&#8221; use_theme_fonts=&#8221;yes&#8221; css=&#8221;&#8221;][vc_column_text css=&#8221;&#8221;]Estimadas Familias, Junto con saludarlos, informamos a Usted, que Colegio Mayor Pe\u00f1alol\u00e9n cuenta con el servicio de After School, proyecto que busca ofrecer a las familias, que componen la Comunidad Mayor, una alternativa donde sus&nbsp;<a href=\"https:\/\/webpe.colegiomayor.cl\/?page_id=183\">&hellip;<\/a><\/p>\n","protected":false},"author":1,"featured_media":37641,"parent":0,"menu_order":0,"comment_status":"closed","ping_status":"closed","template":"","meta":{"content-type":"","footnotes":""},"class_list":["post-183","page","type-page","status-publish","has-post-thumbnail","hentry","odd"],"rttpg_featured_image_url":{"full":["https:\/\/webpe.colegiomayor.cl\/wp-content\/uploads\/2025\/05\/SCHOOL.jpg",768,438,false],"landscape":["https:\/\/webpe.colegiomayor.cl\/wp-content\/uploads\/2025\/05\/SCHOOL.jpg",768,438,false],"portraits":["https:\/\/webpe.colegiomayor.cl\/wp-content\/uploads\/2025\/05\/SCHOOL.jpg",768,438,false],"thumbnail":["https:\/\/webpe.colegiomayor.cl\/wp-content\/uploads\/2025\/05\/SCHOOL-150x150.jpg",150,150,true],"medium":["https:\/\/webpe.colegiomayor.cl\/wp-content\/uploads\/2025\/05\/SCHOOL-300x171.jpg",300,171,true],"large":["https:\/\/webpe.colegiomayor.cl\/wp-content\/uploads\/2025\/05\/SCHOOL-768x438.jpg",768,438,true],"1536x1536":["https:\/\/webpe.colegiomayor.cl\/wp-content\/uploads\/2025\/05\/SCHOOL-768x438.jpg",768,438,true],"2048x2048":["https:\/\/webpe.colegiomayor.cl\/wp-content\/uploads\/2025\/05\/SCHOOL-768x438.jpg",768,438,true],"post-thumbnail":["https:\/\/webpe.colegiomayor.cl\/wp-content\/uploads\/2025\/05\/SCHOOL-150x86.jpg",150,86,true],"ed-school-featured-image":["https:\/\/webpe.colegiomayor.cl\/wp-content\/uploads\/2025\/05\/SCHOOL-768x438.jpg",768,438,true],"ed-school-medium":["https:\/\/webpe.colegiomayor.cl\/wp-content\/uploads\/2025\/05\/SCHOOL-768x438.jpg",768,438,true],"ed-school-medium-alt":["https:\/\/webpe.colegiomayor.cl\/wp-content\/uploads\/2025\/05\/SCHOOL-768x410.jpg",768,410,true],"ed-school-square":["https:\/\/webpe.colegiomayor.cl\/wp-content\/uploads\/2025\/05\/SCHOOL-768x438.jpg",768,438,true],"ed-school-square-small":["https:\/\/webpe.colegiomayor.cl\/wp-content\/uploads\/2025\/05\/SCHOOL-420x420.jpg",420,420,true]},"rttpg_author":{"display_name":"josefariesco@gmail.com","author_link":"https:\/\/webpe.colegiomayor.cl\/?author=1"},"rttpg_comment":0,"rttpg_category":null,"rttpg_excerpt":"[vc_row][vc_column css=&#8221;.vc_custom_1490101954713{margin-bottom: 0px !important;}&#8221;][vc_custom_heading text=&#8221;After School Mayor&#8221; font_container=&#8221;tag:h1|text_align:left&#8221; use_theme_fonts=&#8221;yes&#8221; css=&#8221;&#8221;][vc_column_text css=&#8221;&#8221;]Estimadas Familias, Junto con saludarlos, informamos a Usted, que Colegio Mayor Pe\u00f1alol\u00e9n cuenta con el servicio de After School, proyecto que busca ofrecer a las familias, que componen la Comunidad Mayor, una alternativa donde sus&nbsp;&hellip;","_links":{"self":[{"href":"https:\/\/webpe.colegiomayor.cl\/index.php?rest_route=\/wp\/v2\/pages\/183","targetHints":{"allow":["GET"]}}],"collection":[{"href":"https:\/\/webpe.colegiomayor.cl\/index.php?rest_route=\/wp\/v2\/pages"}],"about":[{"href":"https:\/\/webpe.colegiomayor.cl\/index.php?rest_route=\/wp\/v2\/types\/page"}],"author":[{"embeddable":true,"href":"https:\/\/webpe.colegiomayor.cl\/index.php?rest_route=\/wp\/v2\/users\/1"}],"replies":[{"embeddable":true,"href":"https:\/\/webpe.colegiomayor.cl\/index.php?rest_route=%2Fwp%2Fv2%2Fcomments&post=183"}],"version-history":[{"count":9,"href":"https:\/\/webpe.colegiomayor.cl\/index.php?rest_route=\/wp\/v2\/pages\/183\/revisions"}],"predecessor-version":[{"id":40252,"href":"https:\/\/webpe.colegiomayor.cl\/index.php?rest_route=\/wp\/v2\/pages\/183\/revisions\/40252"}],"wp:featuredmedia":[{"embeddable":true,"href":"https:\/\/webpe.colegiomayor.cl\/index.php?rest_route=\/wp\/v2\/media\/37641"}],"wp:attachment":[{"href":"https:\/\/webpe.colegiomayor.cl\/index.php?rest_route=%2Fwp%2Fv2%2Fmedia&parent=183"}],"curies":[{"name":"wp","href":"https:\/\/api.w.org\/{rel}","templated":true}]}}