{"id":158,"date":"2017-02-09T12:56:16","date_gmt":"2017-02-09T12:56:16","guid":{"rendered":"http:\/\/ed.aislinthemes.com\/?page_id=348"},"modified":"2024-12-11T18:56:26","modified_gmt":"2024-12-11T21:56:26","slug":"vision-and-mission","status":"publish","type":"page","link":"https:\/\/webpe.colegiomayor.cl\/?page_id=158","title":{"rendered":"Qui\u00e9nes Somos"},"content":{"rendered":"<div class=\"wpb-content-wrapper\"><p>[vc_row][vc_column css=&#8221;.vc_custom_1489757662264{margin-bottom: 0px !important;}&#8221;][vc_custom_heading text=&#8221;Qui\u00e9nes Somos&#8221; font_container=&#8221;tag:h1|text_align:left&#8221; use_theme_fonts=&#8221;yes&#8221; css=&#8221;.vc_custom_1732572454506{margin-top: 0px !important;margin-bottom: 20px !important;}&#8221;][vc_custom_heading text=&#8221;Bienvenidos al Colegio Mayor&#8221; font_container=&#8221;tag:h4|text_align:left|color:%23000000&#8243; use_theme_fonts=&#8221;yes&#8221; css=&#8221;&#8221;][vc_column_text css=&#8221;&#8221;]El Proyecto Colegio Mayor se cre\u00f3 considerando que la Educaci\u00f3n es un desaf\u00edo en la sociedad actual. Nuestra misi\u00f3n fundamental es formar a las personas que contribuir\u00e1n en la construcci\u00f3n del nuevo milenio, y cuyos protagonistas ser\u00e1n nuestros alumnos.<\/p>\n<p>En este contexto, asumimos este proyecto como una labor colaborativa de directivos y docentes mediadores en el proceso de aprendizaje de nuestros alumnos, quienes ser\u00e1n gestores de su crecimiento personal y proyecto de vida.<\/p>\n<p>El rol del educador es relevante en el proceso de aprendizaje de los educados. La acci\u00f3n mediadora conduce a orientar y guiar a nuestros alumnos hacia el aprendizaje significativo y comprensivo de s\u00ed mismo y su entorno.<\/p>\n<p>El sistema educativo de Colegio Mayor Pe\u00f1alol\u00e9n, est\u00e1 enfocado desde la Educaci\u00f3n Pre B\u00e1sica, B\u00e1sica y Media Cient\u00edfico-Humanista a concretar un proceso de desarrollo arm\u00f3nico y natural entre los diferentes niveles que conforman este sistema, con una visi\u00f3n emprendedora de la vida de nuestros j\u00f3venes a partir de sus deberes y derechos.[\/vc_column_text][vc_separator border_width=&#8221;4&#8243;][vc_single_image image=&#8221;354&#8243; img_size=&#8221;full&#8221; css_animation=&#8221;fadeIn&#8221; css=&#8221;&#8221;][\/vc_column][\/vc_row]<\/p>\n<\/div>","protected":false},"excerpt":{"rendered":"<p>[vc_row][vc_column css=&#8221;.vc_custom_1489757662264{margin-bottom: 0px !important;}&#8221;][vc_custom_heading text=&#8221;Qui\u00e9nes Somos&#8221; font_container=&#8221;tag:h1|text_align:left&#8221; use_theme_fonts=&#8221;yes&#8221; css=&#8221;.vc_custom_1732572454506{margin-top: 0px !important;margin-bottom: 20px !important;}&#8221;][vc_custom_heading text=&#8221;Bienvenidos al Colegio Mayor&#8221; font_container=&#8221;tag:h4|text_align:left|color:%23000000&#8243; use_theme_fonts=&#8221;yes&#8221; css=&#8221;&#8221;][vc_column_text css=&#8221;&#8221;]El Proyecto Colegio Mayor se cre\u00f3 considerando que la Educaci\u00f3n es un desaf\u00edo en la sociedad actual. Nuestra misi\u00f3n fundamental es formar a las personas&nbsp;<a href=\"https:\/\/webpe.colegiomayor.cl\/?page_id=158\">&hellip;<\/a><\/p>\n","protected":false},"author":1,"featured_media":0,"parent":0,"menu_order":2,"comment_status":"closed","ping_status":"closed","template":"template-sidebar-right-childpages.php","meta":{"content-type":"","footnotes":""},"class_list":["post-158","page","type-page","status-publish","hentry","odd"],"rttpg_featured_image_url":null,"rttpg_author":{"display_name":"josefariesco@gmail.com","author_link":"https:\/\/webpe.colegiomayor.cl\/?author=1"},"rttpg_comment":0,"rttpg_category":null,"rttpg_excerpt":"[vc_row][vc_column css=&#8221;.vc_custom_1489757662264{margin-bottom: 0px !important;}&#8221;][vc_custom_heading text=&#8221;Qui\u00e9nes Somos&#8221; font_container=&#8221;tag:h1|text_align:left&#8221; use_theme_fonts=&#8221;yes&#8221; css=&#8221;.vc_custom_1732572454506{margin-top: 0px !important;margin-bottom: 20px !important;}&#8221;][vc_custom_heading text=&#8221;Bienvenidos al Colegio Mayor&#8221; font_container=&#8221;tag:h4|text_align:left|color:%23000000&#8243; use_theme_fonts=&#8221;yes&#8221; css=&#8221;&#8221;][vc_column_text css=&#8221;&#8221;]El Proyecto Colegio Mayor se cre\u00f3 considerando que la Educaci\u00f3n es un desaf\u00edo en la sociedad actual. Nuestra misi\u00f3n fundamental es formar a las personas&nbsp;&hellip;","_links":{"self":[{"href":"https:\/\/webpe.colegiomayor.cl\/index.php?rest_route=\/wp\/v2\/pages\/158","targetHints":{"allow":["GET"]}}],"collection":[{"href":"https:\/\/webpe.colegiomayor.cl\/index.php?rest_route=\/wp\/v2\/pages"}],"about":[{"href":"https:\/\/webpe.colegiomayor.cl\/index.php?rest_route=\/wp\/v2\/types\/page"}],"author":[{"embeddable":true,"href":"https:\/\/webpe.colegiomayor.cl\/index.php?rest_route=\/wp\/v2\/users\/1"}],"replies":[{"embeddable":true,"href":"https:\/\/webpe.colegiomayor.cl\/index.php?rest_route=%2Fwp%2Fv2%2Fcomments&post=158"}],"version-history":[{"count":5,"href":"https:\/\/webpe.colegiomayor.cl\/index.php?rest_route=\/wp\/v2\/pages\/158\/revisions"}],"predecessor-version":[{"id":391,"href":"https:\/\/webpe.colegiomayor.cl\/index.php?rest_route=\/wp\/v2\/pages\/158\/revisions\/391"}],"wp:attachment":[{"href":"https:\/\/webpe.colegiomayor.cl\/index.php?rest_route=%2Fwp%2Fv2%2Fmedia&parent=158"}],"curies":[{"name":"wp","href":"https:\/\/api.w.org\/{rel}","templated":true}]}}