{"id":144,"date":"2017-02-16T13:49:09","date_gmt":"2017-02-16T13:49:09","guid":{"rendered":"http:\/\/ed.aislinthemes.com\/?page_id=951"},"modified":"2025-07-18T15:12:44","modified_gmt":"2025-07-18T18:12:44","slug":"graduate","status":"publish","type":"page","link":"https:\/\/webpe.colegiomayor.cl\/?page_id=144","title":{"rendered":"Infraestructura"},"content":{"rendered":"<div class=\"wpb-content-wrapper\"><p>[vc_row css=&#8221;.vc_custom_1487254495680{margin-bottom: 20px !important;}&#8221;][vc_column css=&#8221;.vc_custom_1490084817981{margin-bottom: 0px !important;}&#8221;][vc_custom_heading text=&#8221;Infraestructura&#8221; font_container=&#8221;tag:h1|text_align:left&#8221; use_theme_fonts=&#8221;yes&#8221; css=&#8221;.vc_custom_1732576861621{margin-top: 0px !important;margin-bottom: 20px !important;}&#8221;][vc_column_text css=&#8221;.vc_custom_1732577193235{margin-bottom: 0px !important;}&#8221;]Emplazado en uno de los mejores sectores del \u00e1rea Sur Oriente de Santiago, Colegio Mayor Pe\u00f1alol\u00e9n cuenta con 25.624 m2 de terreno, y sobre los 5.776 m2 construidos. Tenemos modernas y vanguardistas construcciones, en amplio espacio pensado en facilitar el desarrollo de nuestros alumnos, tanto en el \u00e1mbito acad\u00e9mico como deportivo, proporcionando a nuestros alumnos y su familia una educaci\u00f3n de calidad, innovadora y segura.<\/p>\n<p>&nbsp;[\/vc_column_text][vc_custom_heading text=&#8221;Algunas de nuestras principales instalaciones:&#8221; font_container=&#8221;tag:h4|text_align:left&#8221; use_theme_fonts=&#8221;yes&#8221; css=&#8221;&#8221;][\/vc_column][\/vc_row][vc_row css=&#8221;.vc_custom_1487772918429{margin-bottom: 35px !important;}&#8221;][vc_column width=&#8221;1\/2&#8243; css=&#8221;.vc_custom_1491472125812{margin-bottom: 0px !important;}&#8221;]\n\t\t\t\t\t<div class=\"wh-theme-icon  scp_theme_icon-f9dcd53763601280d58fc3e6573f1f72\">\n\t\t\t\t<i class=\"icon-edclock-one\"><\/i>\n\t\t\t<\/div>\n\t\t\t\t[vc_custom_heading text=&#8221;Salas de clases dotadas con tecnolog\u00eda actual&#8221; font_container=&#8221;tag:p|text_align:left&#8221; use_theme_fonts=&#8221;yes&#8221; css=&#8221;.vc_custom_1732577495336{padding-left: 17px !important;}&#8221;]\n\t\t\t\t\t<div class=\"wh-theme-icon  scp_theme_icon-f9dcd53763601280d58fc3e6573f1f72\">\n\t\t\t\t<i class=\"icon-edclock-one\"><\/i>\n\t\t\t<\/div>\n\t\t\t\t[vc_custom_heading text=&#8221;Laboratorios m\u00f3viles de computaci\u00f3n&#8221; font_container=&#8221;tag:p|text_align:left&#8221; use_theme_fonts=&#8221;yes&#8221; css=&#8221;.vc_custom_1732577512589{padding-left: 17px !important;}&#8221;]\n\t\t\t\t\t<div class=\"wh-theme-icon  scp_theme_icon-f9dcd53763601280d58fc3e6573f1f72\">\n\t\t\t\t<i class=\"icon-edclock-one\"><\/i>\n\t\t\t<\/div>\n\t\t\t\t[vc_custom_heading text=&#8221;Laboratorio de Ciencias&#8221; font_container=&#8221;tag:p|text_align:left&#8221; use_theme_fonts=&#8221;yes&#8221; css=&#8221;.vc_custom_1732577531169{padding-left: 17px !important;}&#8221;]\n\t\t\t\t\t<div class=\"wh-theme-icon  scp_theme_icon-f9dcd53763601280d58fc3e6573f1f72\">\n\t\t\t\t<i class=\"icon-edclock-one\"><\/i>\n\t\t\t<\/div>\n\t\t\t\t[vc_custom_heading text=&#8221;Set de TV y audiovisual&#8221; font_container=&#8221;tag:p|text_align:left&#8221; use_theme_fonts=&#8221;yes&#8221; css=&#8221;.vc_custom_1732577552288{padding-left: 17px !important;}&#8221;]\n\t\t\t\t\t<div class=\"wh-theme-icon  scp_theme_icon-f9dcd53763601280d58fc3e6573f1f72\">\n\t\t\t\t<i class=\"icon-edclock-one\"><\/i>\n\t\t\t<\/div>\n\t\t\t\t[vc_custom_heading text=&#8221;Casino&#8221; font_container=&#8221;tag:p|text_align:left&#8221; use_theme_fonts=&#8221;yes&#8221; css=&#8221;.vc_custom_1732577603502{padding-left: 17px !important;}&#8221;][\/vc_column][vc_column width=&#8221;1\/2&#8243; css=&#8221;.vc_custom_1490170400743{margin-bottom: 0px !important;}&#8221;]\n\t\t\t\t\t<div class=\"wh-theme-icon  scp_theme_icon-f9dcd53763601280d58fc3e6573f1f72\">\n\t\t\t\t<i class=\"icon-edclock-one\"><\/i>\n\t\t\t<\/div>\n\t\t\t\t[vc_custom_heading text=&#8221;2 Salas de Primeros auxilios&#8221; font_container=&#8221;tag:p|text_align:left&#8221; use_theme_fonts=&#8221;yes&#8221; css=&#8221;.vc_custom_1732577779153{padding-left: 17px !important;}&#8221;]\n\t\t\t\t\t<div class=\"wh-theme-icon  scp_theme_icon-f9dcd53763601280d58fc3e6573f1f72\">\n\t\t\t\t<i class=\"icon-edclock-one\"><\/i>\n\t\t\t<\/div>\n\t\t\t\t[vc_custom_heading text=&#8221;Piscina temperada&#8221; font_container=&#8221;tag:p|text_align:left&#8221; use_theme_fonts=&#8221;yes&#8221; css=&#8221;.vc_custom_1732577844152{padding-left: 17px !important;}&#8221;]\n\t\t\t\t\t<div class=\"wh-theme-icon  scp_theme_icon-f9dcd53763601280d58fc3e6573f1f72\">\n\t\t\t\t<i class=\"icon-edclock-one\"><\/i>\n\t\t\t<\/div>\n\t\t\t\t[vc_custom_heading text=&#8221;Gimnasio&#8221; font_container=&#8221;tag:p|text_align:left&#8221; use_theme_fonts=&#8221;yes&#8221; css=&#8221;.vc_custom_1732577868320{padding-left: 17px !important;}&#8221;]\n\t\t\t\t\t<div class=\"wh-theme-icon  scp_theme_icon-f9dcd53763601280d58fc3e6573f1f72\">\n\t\t\t\t<i class=\"icon-edclock-one\"><\/i>\n\t\t\t<\/div>\n\t\t\t\t[vc_custom_heading text=&#8221;Multi canchas&#8221; font_container=&#8221;tag:p|text_align:left&#8221; use_theme_fonts=&#8221;yes&#8221; css=&#8221;.vc_custom_1732577891302{padding-left: 17px !important;}&#8221;]\n\t\t\t\t\t<div class=\"wh-theme-icon  scp_theme_icon-f9dcd53763601280d58fc3e6573f1f72\">\n\t\t\t\t<i class=\"icon-edclock-one\"><\/i>\n\t\t\t<\/div>\n\t\t\t\t[vc_custom_heading text=&#8221;Pista atl\u00e9tica&#8221; font_container=&#8221;tag:p|text_align:left&#8221; use_theme_fonts=&#8221;yes&#8221; css=&#8221;.vc_custom_1732577906918{padding-left: 17px !important;}&#8221;][\/vc_column][\/vc_row][vc_row][vc_column][vc_single_image image=&#8221;382&#8243; img_size=&#8221;full&#8221; css_animation=&#8221;fadeIn&#8221; css=&#8221;&#8221;][\/vc_column][\/vc_row][vc_row][vc_column][vc_masonry_media_grid item=&#8221;mediaGrid_Default&#8221; css=&#8221;&#8221; grid_id=&#8221;vc_gid:1752850296838-d76419d10d1e0da1109c4287b267a1ff-7&#8243; include=&#8221;38897,38914,38874,38873,38922,38923,38895,38883,38885,38886,38880,38882,38884,38871,38879,38898,38896,38881,38869,38893,38870,38888,38889,38890,38891&#8243;][\/vc_column][\/vc_row]<\/p>\n<\/div>","protected":false},"excerpt":{"rendered":"<p>[vc_row css=&#8221;.vc_custom_1487254495680{margin-bottom: 20px !important;}&#8221;][vc_column css=&#8221;.vc_custom_1490084817981{margin-bottom: 0px !important;}&#8221;][vc_custom_heading text=&#8221;Infraestructura&#8221; font_container=&#8221;tag:h1|text_align:left&#8221; use_theme_fonts=&#8221;yes&#8221; css=&#8221;.vc_custom_1732576861621{margin-top: 0px !important;margin-bottom: 20px !important;}&#8221;][vc_column_text css=&#8221;.vc_custom_1732577193235{margin-bottom: 0px !important;}&#8221;]Emplazado en uno de los mejores sectores del \u00e1rea Sur Oriente de Santiago, Colegio Mayor Pe\u00f1alol\u00e9n cuenta con 25.624 m2 de terreno, y sobre los 5.776 m2 construidos.&nbsp;<a href=\"https:\/\/webpe.colegiomayor.cl\/?page_id=144\">&hellip;<\/a><\/p>\n","protected":false},"author":1,"featured_media":0,"parent":158,"menu_order":4,"comment_status":"closed","ping_status":"closed","template":"template-sidebar-right-childpages.php","meta":{"content-type":"","footnotes":""},"class_list":["post-144","page","type-page","status-publish","hentry","odd"],"rttpg_featured_image_url":null,"rttpg_author":{"display_name":"josefariesco@gmail.com","author_link":"https:\/\/webpe.colegiomayor.cl\/?author=1"},"rttpg_comment":0,"rttpg_category":null,"rttpg_excerpt":"[vc_row css=&#8221;.vc_custom_1487254495680{margin-bottom: 20px !important;}&#8221;][vc_column css=&#8221;.vc_custom_1490084817981{margin-bottom: 0px !important;}&#8221;][vc_custom_heading text=&#8221;Infraestructura&#8221; font_container=&#8221;tag:h1|text_align:left&#8221; use_theme_fonts=&#8221;yes&#8221; css=&#8221;.vc_custom_1732576861621{margin-top: 0px !important;margin-bottom: 20px !important;}&#8221;][vc_column_text css=&#8221;.vc_custom_1732577193235{margin-bottom: 0px !important;}&#8221;]Emplazado en uno de los mejores sectores del \u00e1rea Sur Oriente de Santiago, Colegio Mayor Pe\u00f1alol\u00e9n cuenta con 25.624 m2 de terreno, y sobre los 5.776 m2 construidos.&nbsp;&hellip;","_links":{"self":[{"href":"https:\/\/webpe.colegiomayor.cl\/index.php?rest_route=\/wp\/v2\/pages\/144","targetHints":{"allow":["GET"]}}],"collection":[{"href":"https:\/\/webpe.colegiomayor.cl\/index.php?rest_route=\/wp\/v2\/pages"}],"about":[{"href":"https:\/\/webpe.colegiomayor.cl\/index.php?rest_route=\/wp\/v2\/types\/page"}],"author":[{"embeddable":true,"href":"https:\/\/webpe.colegiomayor.cl\/index.php?rest_route=\/wp\/v2\/users\/1"}],"replies":[{"embeddable":true,"href":"https:\/\/webpe.colegiomayor.cl\/index.php?rest_route=%2Fwp%2Fv2%2Fcomments&post=144"}],"version-history":[{"count":18,"href":"https:\/\/webpe.colegiomayor.cl\/index.php?rest_route=\/wp\/v2\/pages\/144\/revisions"}],"predecessor-version":[{"id":38941,"href":"https:\/\/webpe.colegiomayor.cl\/index.php?rest_route=\/wp\/v2\/pages\/144\/revisions\/38941"}],"up":[{"embeddable":true,"href":"https:\/\/webpe.colegiomayor.cl\/index.php?rest_route=\/wp\/v2\/pages\/158"}],"wp:attachment":[{"href":"https:\/\/webpe.colegiomayor.cl\/index.php?rest_route=%2Fwp%2Fv2%2Fmedia&parent=144"}],"curies":[{"name":"wp","href":"https:\/\/api.w.org\/{rel}","templated":true}]}}