{"id":1058,"date":"2024-12-11T01:35:44","date_gmt":"2024-12-11T04:35:44","guid":{"rendered":"https:\/\/webpe.colegiomayor.cl\/?page_id=1058"},"modified":"2026-01-19T17:18:23","modified_gmt":"2026-01-19T20:18:23","slug":"casino-2024","status":"publish","type":"page","link":"https:\/\/webpe.colegiomayor.cl\/?page_id=1058","title":{"rendered":"Casino 2026"},"content":{"rendered":"<div class=\"wpb-content-wrapper\"><p>[vc_row][vc_column][vc_custom_heading text=&#8221;Casino 2026&#8243; font_container=&#8221;tag:h1|text_align:left&#8221; use_theme_fonts=&#8221;yes&#8221; css=&#8221;&#8221;][vc_column_text css=&#8221;&#8221;]<\/p>\n<blockquote><p><strong>Nutricionista administradora:\u00a0<\/strong>Javiera Iturra C.<br \/>\n<strong>Tel\u00e9fono Casino:<\/strong> +569 33178338<\/p><\/blockquote>\n<p>[\/vc_column_text][vc_column_text css=&#8221;&#8221;]<\/p>\n<blockquote><p><strong>Informaci\u00f3n Relevante:<\/strong><\/p>\n<ul>\n<li>El valor del almuerzo a\u00f1o 2026 es de $4.300 si se compra antes de la fecha de corte (\u00faltimo viernes del mes anterior) de lo contrario el valor del almuerzo es de $4.750, y si se compra el mismo d\u00eda el valor es de $5.200 (vale de emergencia)<\/li>\n<\/ul>\n<table width=\"405\">\n<tbody>\n<tr>\n<td colspan=\"2\" width=\"405\"><strong>Calendario de compra precio rebajado ($4.300)<\/strong><\/td>\n<\/tr>\n<tr>\n<td width=\"163\"><strong>MES<\/strong><\/td>\n<td width=\"242\"><strong>DIA DE CORTE <\/strong><\/td>\n<\/tr>\n<tr>\n<td width=\"163\">MARZO<\/td>\n<td width=\"242\">8 DE MARZO (de forma excepcional)<\/td>\n<\/tr>\n<tr>\n<td width=\"163\">ABRIL<\/td>\n<td width=\"242\">27 de MARZO<\/td>\n<\/tr>\n<tr>\n<td width=\"163\">MAYO<\/td>\n<td width=\"242\">24 DE ABRIL<\/td>\n<\/tr>\n<tr>\n<td width=\"163\">JUNIO<\/td>\n<td width=\"242\">29 DE MAYO<\/td>\n<\/tr>\n<tr>\n<td width=\"163\">JULIO<\/td>\n<td width=\"242\">26 DE JUNIO<\/td>\n<\/tr>\n<tr>\n<td width=\"163\">AGOSTO<\/td>\n<td width=\"242\">31 DE JULIO<\/td>\n<\/tr>\n<tr>\n<td width=\"163\">SEPTIEMBRE<\/td>\n<td width=\"242\">28 DE AGOSTO<\/td>\n<\/tr>\n<tr>\n<td width=\"163\">OCTUBRE<\/td>\n<td width=\"242\">25 DE SEPTIEMBRE<\/td>\n<\/tr>\n<tr>\n<td width=\"163\">NOVIEMBRE<\/td>\n<td width=\"242\">30 DE OCTUBRE<\/td>\n<\/tr>\n<tr>\n<td width=\"163\">DICIEMBRE<\/td>\n<td width=\"242\">27 DE NOVIEMBRE<\/td>\n<\/tr>\n<tr>\n<td width=\"163\"><\/td>\n<td width=\"242\"><\/td>\n<\/tr>\n<\/tbody>\n<\/table>\n<p>&nbsp;<\/p>\n<ul>\n<li>En el mes de Marzo de manera excepcional se respetara el precio rebajado hasta el d\u00eda 8 de Marzo.<\/li>\n<li>La minuta con toda la informaci\u00f3n estar\u00e1 cargada en la web\u00a0<a href=\"http:\/\/www.casinosaludable.cl\/\">casinosaludable.cl<\/a>dos semanas antes de la fecha final de pago, desde ella podr\u00e1 realizar su selecci\u00f3n de\u00a0almuerzo, y administrar las cancelaciones y los abonos correspondientes para futuros periodos.<\/li>\n<li>Solo se podr\u00e1n comprar almuerzos a trav\u00e9s de la web <a href=\"http:\/\/www.casinosaludable.cl\/\">casinosaludable.cl<\/a> , los medios de pagos son webpay o transferencia v\u00eda Khipu<\/li>\n<li>Puede ver el manual de operaci\u00f3n de nuestra web en formato PDF.<\/li>\n<li>Existir\u00e1n 4 variedades para elegir; plato de fondo, alternativo, hipocal\u00f3rico o vegetariano.<\/li>\n<li>Almuerzo incluye ensalada, pan, postre, Jugo o agua.<\/li>\n<li>Las cancelaciones de\u00a0almuerzo, cambios de d\u00eda y otros, deben realizarse directo en el sitio web.<\/li>\n<li>Cuando el alumno <strong>NO<\/strong> va almorzar en el casino es el apoderado el responsable de dar de baja el almuerzo desde la pagina web, esto se hace presionando el basurero que aparece al lado de la fecha en la minuta, dicha acci\u00f3n genera saldo a favor que se ve reflejado en el carro de compras como saldo negativo; para que este saldo a favor sea utilizado, el apoderado debe volver a seleccionar el almuerzo en el d\u00eda de su preferencia<\/li>\n<li><strong><u>*IMPORTANTE<\/u><\/strong>: el saldo a favor no se utiliza de manera autom\u00e1tica, si no se selecciona nuevamente el almuerzo y el alumno pasa a almorzar el almuerzo ser\u00e1 cobrado como almuerzo de emergencia.<\/li>\n<li><strong>Recordar que cada alumno debe traer su vaso para el almuerzo.<\/strong><\/li>\n<\/ul>\n<p><strong>\u00a0<\/strong><\/p>\n<p><strong><u>Ingreso al sistema\u00a0<\/u><\/strong><\/p>\n<ul>\n<li>Todos los apoderados que ya est\u00e1n creados en el sistema deben ingresar a\u00a0<a href=\"http:\/\/www.casinosaludable.cl\/\">casinosaludable.cl<\/a><\/li>\n<li>Luego presionar el bot\u00f3n ( Sistema de Inscripci\u00f3n) , ejemplos para el acceso, (si el rut termina en k se debe escribir la k may\u00fascula)<\/li>\n<li>Usuario:\u00a0Rut: 12345678-9 (Sin puntos, con guion)<\/li>\n<li>Clave: 678-9\u00a0 (Son 5 caracteres, se debe escribir el guion)<\/li>\n<li>Para los apoderados nuevos o que no est\u00e9n creados en el sistema deben dirigirse a donde dice solicitar inscripci\u00f3n, luego de eso ser\u00e1 aceptada la solicitud y ah\u00ed cada apoderado debe ingresar a cada comensal (alumno)<\/li>\n<\/ul>\n<\/blockquote>\n<p>[\/vc_column_text][vc_single_image image=&#8221;1060&#8243; img_size=&#8221;full&#8221; alignment=&#8221;center&#8221; css=&#8221;&#8221;][\/vc_column][\/vc_row][vc_row css=&#8221;.vc_custom_1487773030229{margin-bottom: 35px !important;}&#8221;][vc_column][vc_separator css=&#8221;&#8221;][vc_custom_heading text=&#8221;Manual inscripciones WEB:&#8221; font_container=&#8221;tag:h3|text_align:left&#8221; use_theme_fonts=&#8221;yes&#8221; css=&#8221;&#8221;]\n\t\t\t\t\t<a\n\t\t\t\thref=\"https:\/\/webpe.colegiomayor.cl\/wp-content\/uploads\/2025\/01\/Inscripciones-web-Manual-de-usuario-Apoderados.pdf\"\n\t\t\t\tclass=\"wh-theme-icon vc_custom_1736373088208  scp_theme_icon-e25416d710fad6d82edc65a889be18d8\"\n\t\t\t\t\t\t\t\t\t\t\t\t\ttarget=\"_blank\"\n\t\t\t\t\t\t\t\t><i class=\"icon-edic_picture_as_pdf\"><\/i><\/a>\n\t\t\t\t[vc_custom_heading text=&#8221;Descargar&#8221; font_container=&#8221;tag:h5|text_align:left|color:%23000000&#8243; use_theme_fonts=&#8221;yes&#8221; css=&#8221;.vc_custom_1733867801755{margin-bottom: 10px !important;padding-left: 75px !important;}&#8221; link=&#8221;target:_blank&#8221;][vc_custom_heading text=&#8221;Documento Manual inscripciones WEB:&#8221; font_container=&#8221;tag:p|text_align:left|color:%23aeafaf&#8221; use_theme_fonts=&#8221;yes&#8221; css=&#8221;.vc_custom_1733891735507{padding-left: 75px !important;}&#8221;][vc_separator css=&#8221;&#8221;][\/vc_column][\/vc_row]<\/p>\n<\/div>","protected":false},"excerpt":{"rendered":"<p>[vc_row][vc_column][vc_custom_heading text=&#8221;Casino 2026&#8243; font_container=&#8221;tag:h1|text_align:left&#8221; use_theme_fonts=&#8221;yes&#8221; css=&#8221;&#8221;][vc_column_text css=&#8221;&#8221;] Nutricionista administradora:\u00a0Javiera Iturra C. Tel\u00e9fono Casino: +569 33178338 [\/vc_column_text][vc_column_text css=&#8221;&#8221;] Informaci\u00f3n Relevante: El valor del almuerzo a\u00f1o 2026 es de $4.300 si se compra antes de la fecha de corte (\u00faltimo viernes del mes anterior) de lo contrario&nbsp;<a href=\"https:\/\/webpe.colegiomayor.cl\/?page_id=1058\">&hellip;<\/a><\/p>\n","protected":false},"author":1,"featured_media":0,"parent":978,"menu_order":7,"comment_status":"closed","ping_status":"closed","template":"template-sidebar-right-childpages.php","meta":{"content-type":"","footnotes":""},"class_list":["post-1058","page","type-page","status-publish","hentry","odd"],"rttpg_featured_image_url":null,"rttpg_author":{"display_name":"josefariesco@gmail.com","author_link":"https:\/\/webpe.colegiomayor.cl\/?author=1"},"rttpg_comment":0,"rttpg_category":null,"rttpg_excerpt":"[vc_row][vc_column][vc_custom_heading text=&#8221;Casino 2026&#8243; font_container=&#8221;tag:h1|text_align:left&#8221; use_theme_fonts=&#8221;yes&#8221; css=&#8221;&#8221;][vc_column_text css=&#8221;&#8221;] Nutricionista administradora:\u00a0Javiera Iturra C. Tel\u00e9fono Casino: +569 33178338 [\/vc_column_text][vc_column_text css=&#8221;&#8221;] Informaci\u00f3n Relevante: El valor del almuerzo a\u00f1o 2026 es de $4.300 si se compra antes de la fecha de corte (\u00faltimo viernes del mes anterior) de lo contrario&nbsp;&hellip;","_links":{"self":[{"href":"https:\/\/webpe.colegiomayor.cl\/index.php?rest_route=\/wp\/v2\/pages\/1058","targetHints":{"allow":["GET"]}}],"collection":[{"href":"https:\/\/webpe.colegiomayor.cl\/index.php?rest_route=\/wp\/v2\/pages"}],"about":[{"href":"https:\/\/webpe.colegiomayor.cl\/index.php?rest_route=\/wp\/v2\/types\/page"}],"author":[{"embeddable":true,"href":"https:\/\/webpe.colegiomayor.cl\/index.php?rest_route=\/wp\/v2\/users\/1"}],"replies":[{"embeddable":true,"href":"https:\/\/webpe.colegiomayor.cl\/index.php?rest_route=%2Fwp%2Fv2%2Fcomments&post=1058"}],"version-history":[{"count":15,"href":"https:\/\/webpe.colegiomayor.cl\/index.php?rest_route=\/wp\/v2\/pages\/1058\/revisions"}],"predecessor-version":[{"id":40531,"href":"https:\/\/webpe.colegiomayor.cl\/index.php?rest_route=\/wp\/v2\/pages\/1058\/revisions\/40531"}],"up":[{"embeddable":true,"href":"https:\/\/webpe.colegiomayor.cl\/index.php?rest_route=\/wp\/v2\/pages\/978"}],"wp:attachment":[{"href":"https:\/\/webpe.colegiomayor.cl\/index.php?rest_route=%2Fwp%2Fv2%2Fmedia&parent=1058"}],"curies":[{"name":"wp","href":"https:\/\/api.w.org\/{rel}","templated":true}]}}