{"id":1035,"date":"2024-12-11T00:13:42","date_gmt":"2024-12-11T03:13:42","guid":{"rendered":"https:\/\/webpe.colegiomayor.cl\/?page_id=1035"},"modified":"2025-07-30T22:51:49","modified_gmt":"2025-07-31T01:51:49","slug":"profesores-tutores-2025","status":"publish","type":"page","link":"https:\/\/webpe.colegiomayor.cl\/?page_id=1035","title":{"rendered":"Profesores Tutores 2025"},"content":{"rendered":"<div class=\"wpb-content-wrapper\"><p>[vc_row][vc_column][vc_custom_heading text=&#8221;Profesores Tutores 2025&#8243; font_container=&#8221;tag:h1|text_align:left&#8221; use_theme_fonts=&#8221;yes&#8221; css=&#8221;&#8221;][vc_column_text css=&#8221;&#8221;]<\/p>\n<blockquote>\n<p><strong>PRIMER CICLO<\/strong><\/p>\n<\/blockquote>\n<p>[\/vc_column_text][vc_single_image image=&#8221;39039&#8243; img_size=&#8221;full&#8221; css=&#8221;&#8221;][vc_column_text css=&#8221;&#8221;]\n<table id=\"tablepress-3\" class=\"tablepress tablepress-id-3\">\n<thead>\n<tr class=\"row-1\">\n\t<th class=\"column-1\"> CURSOS<\/th><th class=\"column-2\"> PROFESOR TUTORES<\/th><th class=\"column-3\"> CORREO<\/th>\n<\/tr>\n<\/thead>\n<tbody class=\"row-striping row-hover\">\n<tr class=\"row-2\">\n\t<td class=\"column-1\"> Play Group  A<\/td><td class=\"column-2\">Jenifer Navarro <\/td><td class=\"column-3\"> <a href=\"mailto:jenifer.navarro@cmpe.cl\" >jenifer.navarro@cmpe.cl<\/a><\/td>\n<\/tr>\n<tr class=\"row-3\">\n\t<td class=\"column-1\"> Pre-K\u00ednder  A<\/td><td class=\"column-2\">Javiera Vial <\/td><td class=\"column-3\"> <a href=\"mailto:javiera.vial@cmpe.cl\" >javiera.vial@cmpe.cl<\/a><\/td>\n<\/tr>\n<tr class=\"row-4\">\n\t<td class=\"column-1\"> Pre-K\u00ednder  B<\/td><td class=\"column-2\">Tiare Romero <\/td><td class=\"column-3\"> <a href=\"mailto:tiare.romero@cmpe.cl\" >tiare.romero@cmpe.cl<\/a><\/td>\n<\/tr>\n<tr class=\"row-5\">\n\t<td class=\"column-1\"> Pre-K\u00ednder  C<\/td><td class=\"column-2\">Karla Vejar (N) <\/td><td class=\"column-3\"> <a href=\"mailto:karla.vejar@cmpe.cl\" >karla.vejar@cmpe.cl<\/a><\/td>\n<\/tr>\n<tr class=\"row-6\">\n\t<td class=\"column-1\"> Pre-K\u00ednder  D<\/td><td class=\"column-2\">Paula Videla <\/td><td class=\"column-3\"> <a href=\"mailto:paula.videla@cmpe.cl\" >paula.videla@cmpe.cl<\/a><\/td>\n<\/tr>\n<tr class=\"row-7\">\n\t<td class=\"column-1\"> K\u00ednder A<\/td><td class=\"column-2\">Carolina Cristino <\/td><td class=\"column-3\"> <a href=\"mailto:carolina.cristino@cmpe.cl\">carolina.cristino@cmpe.cl<\/a><\/td>\n<\/tr>\n<tr class=\"row-8\">\n\t<td class=\"column-1\"> K\u00ednder B<\/td><td class=\"column-2\">Carola V\u00e1squez <\/td><td class=\"column-3\"> <a href=\"mailto:carola.vasquez@cmpe.cl\">carola.vasquez@cmpe.cl<\/a><\/td>\n<\/tr>\n<tr class=\"row-9\">\n\t<td class=\"column-1\"> K\u00ednder C<\/td><td class=\"column-2\">Mar\u00eda Luisa N\u00fa\u00f1ez <\/td><td class=\"column-3\"> <a  href=\"mailto:marialuisa.nunez@cmpe.cl\">marialuisa.nunez@cmpe.cl<\/a><\/td>\n<\/tr>\n<tr class=\"row-10\">\n\t<td class=\"column-1\"> K\u00ednder D<\/td><td class=\"column-2\">Mar\u00eda Jos\u00e9 Morales <\/td><td class=\"column-3\"> <a href=\"mailto:mmorales@cmpe.cl\">mmorales@cmpe.cl<\/a><\/td>\n<\/tr>\n<tr class=\"row-11\">\n\t<td class=\"column-1\"> K\u00ednder E<\/td><td class=\"column-2\">Pilar \u00c1vila<\/td><td class=\"column-3\"> <a href=\"mailto:pilar.avila@cmpe.cl\">pilar.avila@cmpe.cl<\/a><\/td>\n<\/tr>\n<tr class=\"row-12\">\n\t<td class=\"column-1\"> Primero B\u00e1sico A<\/td><td class=\"column-2\">Emerson Martorell (N) <\/td><td class=\"column-3\"> <a href=\"mailto:emerson.martorell@cmpe.cl\">emerson.martorell@cmpe.cl<\/a><\/td>\n<\/tr>\n<tr class=\"row-13\">\n\t<td class=\"column-1\"> Primero B\u00e1sico B<\/td><td class=\"column-2\">Nicol\u00e9 Nieto (N) <\/td><td class=\"column-3\"> <a  href=\"mailto:nicole.nieto@cmpe.cl\">nicole.nieto@cmpe.cl<\/a><\/td>\n<\/tr>\n<tr class=\"row-14\">\n\t<td class=\"column-1\"> Primero B\u00e1sico C<\/td><td class=\"column-2\">Cristina Letelier <\/td><td class=\"column-3\"> <a href=\"mailto:maria.letelier@cmpe.cl\">maria.letelier@cmpe.cl<\/a><\/td>\n<\/tr>\n<tr class=\"row-15\">\n\t<td class=\"column-1\"> Primero B\u00e1sico D<\/td><td class=\"column-2\">Valentina Lagos (N)<\/td><td class=\"column-3\"> <a href=\"mailto:valentina.lagos@cmpe.cl\">valentina.lagos@cmpe.cl<\/a><\/td>\n<\/tr>\n<tr class=\"row-16\">\n\t<td class=\"column-1\"> Primero B\u00e1sico E<\/td><td class=\"column-2\">Nicole Acu\u00f1a <\/td><td class=\"column-3\"> <a href=\"mailto:nicole.acuna@cmpe.cl\">nicole.acuna@cmpe.cl<\/a><\/td>\n<\/tr>\n<tr class=\"row-17\">\n\t<td class=\"column-1\"> Segundo B\u00e1sico A<\/td><td class=\"column-2\">Vania Far\u00edas <\/td><td class=\"column-3\"> <a href=\"mailto:vania.farias@cmpe.cl\">vania.farias@cmpe.cl<\/a><\/td>\n<\/tr>\n<tr class=\"row-18\">\n\t<td class=\"column-1\"> Segundo B\u00e1sico B<\/td><td class=\"column-2\">Anastasia Ahumada<\/td><td class=\"column-3\"> <a href=\"mailto:anastasia.ahumada@cmpe.cl\">anastasia.ahumada@cmpe.cl<\/a><\/td>\n<\/tr>\n<tr class=\"row-19\">\n\t<td class=\"column-1\"> Segundo B\u00e1sico C<\/td><td class=\"column-2\">Elisa Bennett <\/td><td class=\"column-3\"> <a href=\"mailto:elisa.bennett@cmpe.cl\">elisa.bennett@cmpe.cl<\/a><\/td>\n<\/tr>\n<tr class=\"row-20\">\n\t<td class=\"column-1\"> Segundo B\u00e1sico D<\/td><td class=\"column-2\">Vanessa Correa <\/td><td class=\"column-3\"> <a href=\"mailto:vanessa.correa@cmpe.cl\">vanessa.correa@cmpe.cl<\/a><\/td>\n<\/tr>\n<tr class=\"row-21\">\n\t<td class=\"column-1\"> Segundo B\u00e1sico E<\/td><td class=\"column-2\">Daniela Jim\u00e9nez<\/td><td class=\"column-3\"> <a  href=\"mailto:daniela.jimenez@cmpe.cl\">daniela.jimenez@cmpe.cl<\/a><\/td>\n<\/tr>\n<\/tbody>\n<\/table>\n<!-- #tablepress-3 from cache -->[\/vc_column_text][vc_column_text css=&#8221;&#8221;]<\/p>\n<blockquote>\n<p><strong>SEGUNDO CICLO<\/strong><\/p>\n<\/blockquote>\n<p>[\/vc_column_text][vc_single_image image=&#8221;39041&#8243; img_size=&#8221;full&#8221; css=&#8221;&#8221;][vc_column_text css=&#8221;&#8221;]\n<table id=\"tablepress-4\" class=\"tablepress tablepress-id-4\">\n<thead>\n<tr class=\"row-1\">\n\t<th class=\"column-1\"> CURSOS<\/th><th class=\"column-2\"> PROFESOR TUTORES<\/th><th class=\"column-3\"> CORREO<\/th>\n<\/tr>\n<\/thead>\n<tbody class=\"row-striping row-hover\">\n<tr class=\"row-2\">\n\t<td class=\"column-1\"> Tercero B\u00e1sico A<\/td><td class=\"column-2\">Tania Gatica<\/td><td class=\"column-3\"><a href=\"mailto:tania.gatica@cmpe.cl\">tania.gatica@cmpe.cl<\/a><\/td>\n<\/tr>\n<tr class=\"row-3\">\n\t<td class=\"column-1\"> Tercero B\u00e1sico B<\/td><td class=\"column-2\">Alejandra Araya<\/td><td class=\"column-3\"><a href=\"mailto:alejandra.araya@cmpe.cl\">alejandra.araya@cmpe.cl<\/a><\/td>\n<\/tr>\n<tr class=\"row-4\">\n\t<td class=\"column-1\"> Tercero B\u00e1sico C<\/td><td class=\"column-2\">Sof\u00eda Acosta<\/td><td class=\"column-3\"><a href=\"mailto:sofia.acosta@cmpe.cl\">sofia.acosta@cmpe.cl<\/a><\/td>\n<\/tr>\n<tr class=\"row-5\">\n\t<td class=\"column-1\"> Tercero B\u00e1sico D<\/td><td class=\"column-2\">Pamela Torres<\/td><td class=\"column-3\"><a href=\"mailto:pamela.torres@cmpe.cl\">pamela.torres@cmpe.cl<\/a><\/td>\n<\/tr>\n<tr class=\"row-6\">\n\t<td class=\"column-1\"> Tercero B\u00e1sico E<\/td><td class=\"column-2\">Karen Urrutia<\/td><td class=\"column-3\"><a href=\"mailto:karen.urrutia@cmpe.cl\">karen.urrutia@cmpe.cl<\/a><\/td>\n<\/tr>\n<tr class=\"row-7\">\n\t<td class=\"column-1\"> Cuarto B\u00e1sico A<\/td><td class=\"column-2\">Ver\u00f3nica Carvajal<\/td><td class=\"column-3\"><a href=\"mailto:veronia.carvajal@cmpe.cl\">veronia.carvajal@cmpe.cl<\/a><\/td>\n<\/tr>\n<tr class=\"row-8\">\n\t<td class=\"column-1\"> Cuarto B\u00e1sico B<\/td><td class=\"column-2\">Andrea Deischler<\/td><td class=\"column-3\"><a href=\"mailto:andrea.deischler@cmpe.cl\">andrea.deischler@cmpe.cl<\/a><\/td>\n<\/tr>\n<tr class=\"row-9\">\n\t<td class=\"column-1\"> Cuarto B\u00e1sico C<\/td><td class=\"column-2\">Sandra Arriaza<\/td><td class=\"column-3\"><a href=\"mailto:sarriaza@cmpe.cl\">sarriaza@cmpe.cl<\/a><\/td>\n<\/tr>\n<tr class=\"row-10\">\n\t<td class=\"column-1\"> Cuarto B\u00e1sico D<\/td><td class=\"column-2\">Claudia Mej\u00edas<\/td><td class=\"column-3\"><a href=\"mailto:claudia.mejias@cmpe.cl\">claudia.mejias@cmpe.cl<\/a><\/td>\n<\/tr>\n<tr class=\"row-11\">\n\t<td class=\"column-1\"> Cuarto B\u00e1sico E<\/td><td class=\"column-2\">Joselin Gajardo<\/td><td class=\"column-3\"><a href=\"mailto:joselin.gajardo@cmpe.cl\">joselin.gajardo@cmpe.cl<\/a><\/td>\n<\/tr>\n<tr class=\"row-12\">\n\t<td class=\"column-1\"> Quinto B\u00e1sico A<\/td><td class=\"column-2\">Valeria Pozo<\/td><td class=\"column-3\"><a href=\"mailto:valeria.pozo@cmpe.cl\">valeria.pozo@cmpe.cl<\/a><\/td>\n<\/tr>\n<tr class=\"row-13\">\n\t<td class=\"column-1\"> Quinto B\u00e1sico B<\/td><td class=\"column-2\">Maricel Morales<\/td><td class=\"column-3\"><a href=\"mailto:maricel.morales@cmpe.cl\">maricel.morales@cmpe.cl<\/a><\/td>\n<\/tr>\n<tr class=\"row-14\">\n\t<td class=\"column-1\"> Primero B\u00e1sico C<\/td><td class=\"column-2\">Beatriz D\u00edaz<\/td><td class=\"column-3\"><a href=\"mailto:beatriz.diaz@cmpe.cl\">beatriz.diaz@cmpe.cl<\/a><\/td>\n<\/tr>\n<tr class=\"row-15\">\n\t<td class=\"column-1\"> Quinto B\u00e1sico D<\/td><td class=\"column-2\">Edgard Vargas<\/td><td class=\"column-3\"><a href=\"mailto:edgard.vargas@cmpe.cl\">edgard.vargas@cmpe.cl<\/a><\/td>\n<\/tr>\n<tr class=\"row-16\">\n\t<td class=\"column-1\"> Quinto B\u00e1sico E<\/td><td class=\"column-2\">Camila Espinoza<\/td><td class=\"column-3\"><a href=\"mailto:camila.espinoza@cmpe.cl\">camila.espinoza@cmpe.cl<\/a><\/td>\n<\/tr>\n<tr class=\"row-17\">\n\t<td class=\"column-1\"> Sexto B\u00e1sico A<\/td><td class=\"column-2\">Isidora \u00c1vila<\/td><td class=\"column-3\"><a href=\"mailto:isidora.avila@cmpe.cl\">isidora.avila@cmpe.cl<\/a><\/td>\n<\/tr>\n<tr class=\"row-18\">\n\t<td class=\"column-1\"> Sexto B\u00e1sico B<\/td><td class=\"column-2\">Claudio Ulloa<\/td><td class=\"column-3\"><a href=\"mailto:claudio.ulloa@cmpe.cl\">claudio.ulloa@cmpe.cl<\/a><\/td>\n<\/tr>\n<tr class=\"row-19\">\n\t<td class=\"column-1\"> Sexto B\u00e1sico C<\/td><td class=\"column-2\">Joaqu\u00edn V\u00e1squez<\/td><td class=\"column-3\"><a href=\"mailto:joaquin.vasquez@cmpe.cl\">joaquin.vasquez@cmpe.cl<\/a><\/td>\n<\/tr>\n<tr class=\"row-20\">\n\t<td class=\"column-1\"> Sexto B\u00e1sico D<\/td><td class=\"column-2\">Nicol\u00e1s Fr\u00edas<\/td><td class=\"column-3\"><a href=\"mailto:nicolas.frias@cmpe.cl\">nicolas.frias@cmpe.cl<\/a><\/td>\n<\/tr>\n<tr class=\"row-21\">\n\t<td class=\"column-1\"> Sexto B\u00e1sico E<\/td><td class=\"column-2\">Nallely Herrera<\/td><td class=\"column-3\"><a href=\"mailto:nallely.herrera@cmpe.cl\">nallely.herrera@cmpe.cl<\/a><\/td>\n<\/tr>\n<tr class=\"row-22\">\n\t<td class=\"column-1\"> Floating<\/td><td class=\"column-2\"> Daniela Pereira <BR> Andrea Vergara<\/td><td class=\"column-3\"><\/td>\n<\/tr>\n<\/tbody>\n<\/table>\n<!-- #tablepress-4 from cache -->[\/vc_column_text][vc_column_text css=&#8221;&#8221;]<\/p>\n<blockquote>\n<p><strong>TERCER CICLO<\/strong><\/p>\n<\/blockquote>\n<p>[\/vc_column_text][vc_single_image image=&#8221;39042&#8243; img_size=&#8221;full&#8221; css=&#8221;&#8221;][vc_column_text css=&#8221;&#8221;]\n<table id=\"tablepress-5\" class=\"tablepress tablepress-id-5\">\n<thead>\n<tr class=\"row-1\">\n\t<th class=\"column-1\"> CURSOS<\/th><th class=\"column-2\"> PROFESOR TUTORES<\/th><th class=\"column-3\"> CORREO<\/th>\n<\/tr>\n<\/thead>\n<tbody class=\"row-striping row-hover\">\n<tr class=\"row-2\">\n\t<td class=\"column-1\">S\u00e9ptimo B\u00e1sico A<\/td><td class=\"column-2\">Patricia Loyola<\/td><td class=\"column-3\"><a href=\"mailto:patricia.loyola@cmpe.cl\">patricia.loyola@cmpe.cl<\/a><\/td>\n<\/tr>\n<tr class=\"row-3\">\n\t<td class=\"column-1\">S\u00e9ptimo B\u00e1sico B<\/td><td class=\"column-2\">Mar\u00eda Teresa Gonz\u00e1lez<\/td><td class=\"column-3\"><a href=\"mailto:mteresa.gonzalez@cmpe.cl\">mteresa.gonzalez@cmpe.cl<\/a><\/td>\n<\/tr>\n<tr class=\"row-4\">\n\t<td class=\"column-1\">S\u00e9ptimo B\u00e1sico C<\/td><td class=\"column-2\">Vicente Ram\u00edrez (N)<\/td><td class=\"column-3\"><a href=\"mailto:vicente.ramirez@cmpe.cl\">vicente.ramirez@cmpe.cl<\/a><\/td>\n<\/tr>\n<tr class=\"row-5\">\n\t<td class=\"column-1\">S\u00e9ptimo B\u00e1sico D<\/td><td class=\"column-2\">Daniel Henr\u00edquez<\/td><td class=\"column-3\"><a href=\"mailto:daniel.henriquez@cmpe.cl\">daniel.henriquez@cmpe.cl<\/a><\/td>\n<\/tr>\n<tr class=\"row-6\">\n\t<td class=\"column-1\">S\u00e9ptimo B\u00e1sico E<\/td><td class=\"column-2\">D\u00e9boa Reyes<\/td><td class=\"column-3\"><a href=\"mailto:debora.reyes@cmpe.cl\">debora.reyes@cmpe.cl<\/a><\/td>\n<\/tr>\n<tr class=\"row-7\">\n\t<td class=\"column-1\">Octavo B\u00e1sico A<\/td><td class=\"column-2\">Esteban Mu\u00f1oz<\/td><td class=\"column-3\"><a href=\"mailto:esteban.munoz@cmpe.cl\">esteban.munoz@cmpe.cl<\/a><\/td>\n<\/tr>\n<tr class=\"row-8\">\n\t<td class=\"column-1\">Octavo B\u00e1sico B<\/td><td class=\"column-2\">Juan Paulo Hern\u00e1ndez<\/td><td class=\"column-3\"><a href=\"mailto:juan.hernandez@cmpe.cl\">juan.hernandez@cmpe.cl<\/a><\/td>\n<\/tr>\n<tr class=\"row-9\">\n\t<td class=\"column-1\">Octavo B\u00e1sico C<\/td><td class=\"column-2\">Camilo Moraga<\/td><td class=\"column-3\"><a href=\"mailto:camilo.moraga@cmpe.cl\">camilo.moraga@cmpe.cl<\/a><\/td>\n<\/tr>\n<tr class=\"row-10\">\n\t<td class=\"column-1\">Octavo B\u00e1sico D<\/td><td class=\"column-2\">Victoria Mu\u00f1oz<\/td><td class=\"column-3\"><a href=\"mailto:victoria.munoz@cmpe.cl\">victoria.munoz@cmpe.cl<\/a><\/td>\n<\/tr>\n<tr class=\"row-11\">\n\t<td class=\"column-1\">Octavo B\u00e1sico E<\/td><td class=\"column-2\">Valentina Urz\u00faa<\/td><td class=\"column-3\"><a href=\"mailto:valentina.urzua@cmpe.cl\">valentina.urzua@cmpe.cl<\/a><\/td>\n<\/tr>\n<tr class=\"row-12\">\n\t<td class=\"column-1\">Primero Medio A<\/td><td class=\"column-2\">Francisca Mellado<\/td><td class=\"column-3\"><a href=\"mailto:francisca.mellado@cmpe.cl\">francisca.mellado@cmpe.cl<\/a><\/td>\n<\/tr>\n<tr class=\"row-13\">\n\t<td class=\"column-1\">Primero Medio B<\/td><td class=\"column-2\">Claudio Catal\u00e1n<\/td><td class=\"column-3\"><a href=\"mailto:claudio.catalan@cmpe.cl\">claudio.catalan@cmpe.cl<\/a><\/td>\n<\/tr>\n<tr class=\"row-14\">\n\t<td class=\"column-1\">Primero Medio C<\/td><td class=\"column-2\">Laura Biscarra<\/td><td class=\"column-3\"><a href=\"mailto:laura.biscarra@cmpe.cl\">laura.biscarra@cmpe.cl<\/a><\/td>\n<\/tr>\n<tr class=\"row-15\">\n\t<td class=\"column-1\">Primero Medio D<\/td><td class=\"column-2\">Mauricio Orellana (N)<\/td><td class=\"column-3\"><a href=\"mailto:mauricio.orellana@cmpe.cl\">mauricio.orellana@cmpe.cl<\/a><\/td>\n<\/tr>\n<tr class=\"row-16\">\n\t<td class=\"column-1\">Primero Medio E<\/td><td class=\"column-2\">Macarena Hern\u00e1ndez<\/td><td class=\"column-3\"><a href=\"mailto:macarena.hernandez@cmpe.cl\">macarena.hernandez@cmpe.cl<\/a><\/td>\n<\/tr>\n<tr class=\"row-17\">\n\t<td class=\"column-1\">Segundo Medio A<\/td><td class=\"column-2\">Carolina Tapia<\/td><td class=\"column-3\"><a href=\"mailto:carolina.tapia@cmpe.cl\">carolina.tapia@cmpe.cl<\/a><\/td>\n<\/tr>\n<tr class=\"row-18\">\n\t<td class=\"column-1\">Segundo Medio B<\/td><td class=\"column-2\">Yenny Gacit\u00faa<\/td><td class=\"column-3\"><a href=\"mailto:yenny.gacitua@cmpe.cl\">yenny.gacitua@cmpe.cl<\/a><\/td>\n<\/tr>\n<tr class=\"row-19\">\n\t<td class=\"column-1\">Segundo Medio C<\/td><td class=\"column-2\">Paulina Carre\u00f1o<\/td><td class=\"column-3\"><a href=\"mailto:paulina.carreno@cmpe.cl\">paulina.carreno@cmpe.cl<\/a><\/td>\n<\/tr>\n<tr class=\"row-20\">\n\t<td class=\"column-1\">Segundo Medio D<\/td><td class=\"column-2\">Nicole Contreras<\/td><td class=\"column-3\"><a href=\"mailto:nicole.contreras@cmpe.cl\">nicole.contreras@cmpe.cl<\/a><\/td>\n<\/tr>\n<tr class=\"row-21\">\n\t<td class=\"column-1\">Tercero Medio A<\/td><td class=\"column-2\">Ra\u00fal Briones<\/td><td class=\"column-3\"><a href=\"mailto:raul.briones@cmpe.cl\">raul.briones@cmpe.cl<\/a><\/td>\n<\/tr>\n<tr class=\"row-22\">\n\t<td class=\"column-1\">Tercero Medio B<\/td><td class=\"column-2\">Cristian Mora<\/td><td class=\"column-3\"><a href=\"mailto:cristian.mora@cmpe.cl\">cristian.mora@cmpe.cl<\/a><\/td>\n<\/tr>\n<tr class=\"row-23\">\n\t<td class=\"column-1\">Tercero Medio C<\/td><td class=\"column-2\">Sof\u00eda Ya\u00f1ez<\/td><td class=\"column-3\"><a href=\"mailto:sofia.yanez@cmpe.cl\">sofia.yanez@cmpe.cl<\/a><\/td>\n<\/tr>\n<tr class=\"row-24\">\n\t<td class=\"column-1\">Tercero Medio D<\/td><td class=\"column-2\">Sa\u00fal Villagr\u00e1n<\/td><td class=\"column-3\"><a href=\"mailto:saul.villagran@cmpe.cl\">saul.villagran@cmpe.cl<\/a><\/td>\n<\/tr>\n<tr class=\"row-25\">\n\t<td class=\"column-1\">Cuarto Medio A<\/td><td class=\"column-2\">Olivia Leiva<\/td><td class=\"column-3\"><a href=\"mailto:olivia.leiva@cmpe.cl\">olivia.leiva@cmpe.cl<\/a><\/td>\n<\/tr>\n<tr class=\"row-26\">\n\t<td class=\"column-1\">Cuarto Medio B<\/td><td class=\"column-2\">Fabiola Sep\u00falveda<\/td><td class=\"column-3\"><a href=\"mailto:fabiola.sepulveda@cmpe.cl\">fabiola.sepulveda@cmpe.cl<\/a><\/td>\n<\/tr>\n<tr class=\"row-27\">\n\t<td class=\"column-1\">Cuarto Medio C<\/td><td class=\"column-2\">Ignacio Toledo<\/td><td class=\"column-3\"><a href=\"mailto:ignacio.toledo@cmpe.cl\">ignacio.toledo@cmpe.cl<\/a><\/td>\n<\/tr>\n<tr class=\"row-28\">\n\t<td class=\"column-1\">Cuarto Medio D<\/td><td class=\"column-2\">Catalina Loyola (N)<\/td><td class=\"column-3\"><a href=\"mailto:catalina.loyola@cmpe.cl\">catalina.loyola@cmpe.cl<\/a><\/td>\n<\/tr>\n<\/tbody>\n<\/table>\n<!-- #tablepress-5 from cache -->[\/vc_column_text][\/vc_column][\/vc_row]<\/p>\n<\/div>","protected":false},"excerpt":{"rendered":"<p>[vc_row][vc_column][vc_custom_heading text=&#8221;Profesores Tutores 2025&#8243; font_container=&#8221;tag:h1|text_align:left&#8221; use_theme_fonts=&#8221;yes&#8221; css=&#8221;&#8221;][vc_column_text css=&#8221;&#8221;] PRIMER CICLO [\/vc_column_text][vc_single_image image=&#8221;39039&#8243; img_size=&#8221;full&#8221; css=&#8221;&#8221;][vc_column_text css=&#8221;&#8221;][\/vc_column_text][vc_column_text css=&#8221;&#8221;] SEGUNDO CICLO [\/vc_column_text][vc_single_image image=&#8221;39041&#8243; img_size=&#8221;full&#8221; css=&#8221;&#8221;][vc_column_text css=&#8221;&#8221;][\/vc_column_text][vc_column_text css=&#8221;&#8221;] TERCER CICLO [\/vc_column_text][vc_single_image image=&#8221;39042&#8243; img_size=&#8221;full&#8221; css=&#8221;&#8221;][vc_column_text css=&#8221;&#8221;][\/vc_column_text][\/vc_column][\/vc_row]<\/p>\n","protected":false},"author":1,"featured_media":0,"parent":978,"menu_order":5,"comment_status":"closed","ping_status":"closed","template":"template-sidebar-right-childpages.php","meta":{"content-type":"","footnotes":""},"class_list":["post-1035","page","type-page","status-publish","hentry","odd"],"rttpg_featured_image_url":null,"rttpg_author":{"display_name":"josefariesco@gmail.com","author_link":"https:\/\/webpe.colegiomayor.cl\/?author=1"},"rttpg_comment":0,"rttpg_category":null,"rttpg_excerpt":"[vc_row][vc_column][vc_custom_heading text=&#8221;Profesores Tutores 2025&#8243; font_container=&#8221;tag:h1|text_align:left&#8221; use_theme_fonts=&#8221;yes&#8221; css=&#8221;&#8221;][vc_column_text css=&#8221;&#8221;] PRIMER CICLO [\/vc_column_text][vc_single_image image=&#8221;39039&#8243; img_size=&#8221;full&#8221; css=&#8221;&#8221;][vc_column_text css=&#8221;&#8221;][\/vc_column_text][vc_column_text css=&#8221;&#8221;] SEGUNDO CICLO [\/vc_column_text][vc_single_image image=&#8221;39041&#8243; img_size=&#8221;full&#8221; css=&#8221;&#8221;][vc_column_text css=&#8221;&#8221;][\/vc_column_text][vc_column_text css=&#8221;&#8221;] TERCER CICLO [\/vc_column_text][vc_single_image image=&#8221;39042&#8243; img_size=&#8221;full&#8221; css=&#8221;&#8221;][vc_column_text css=&#8221;&#8221;][\/vc_column_text][\/vc_column][\/vc_row]","_links":{"self":[{"href":"https:\/\/webpe.colegiomayor.cl\/index.php?rest_route=\/wp\/v2\/pages\/1035","targetHints":{"allow":["GET"]}}],"collection":[{"href":"https:\/\/webpe.colegiomayor.cl\/index.php?rest_route=\/wp\/v2\/pages"}],"about":[{"href":"https:\/\/webpe.colegiomayor.cl\/index.php?rest_route=\/wp\/v2\/types\/page"}],"author":[{"embeddable":true,"href":"https:\/\/webpe.colegiomayor.cl\/index.php?rest_route=\/wp\/v2\/users\/1"}],"replies":[{"embeddable":true,"href":"https:\/\/webpe.colegiomayor.cl\/index.php?rest_route=%2Fwp%2Fv2%2Fcomments&post=1035"}],"version-history":[{"count":8,"href":"https:\/\/webpe.colegiomayor.cl\/index.php?rest_route=\/wp\/v2\/pages\/1035\/revisions"}],"predecessor-version":[{"id":39043,"href":"https:\/\/webpe.colegiomayor.cl\/index.php?rest_route=\/wp\/v2\/pages\/1035\/revisions\/39043"}],"up":[{"embeddable":true,"href":"https:\/\/webpe.colegiomayor.cl\/index.php?rest_route=\/wp\/v2\/pages\/978"}],"wp:attachment":[{"href":"https:\/\/webpe.colegiomayor.cl\/index.php?rest_route=%2Fwp%2Fv2%2Fmedia&parent=1035"}],"curies":[{"name":"wp","href":"https:\/\/api.w.org\/{rel}","templated":true}]}}