{"id":1030,"date":"2024-12-10T23:39:41","date_gmt":"2024-12-11T02:39:41","guid":{"rendered":"https:\/\/webpe.colegiomayor.cl\/?page_id=1030"},"modified":"2024-12-16T01:57:26","modified_gmt":"2024-12-16T04:57:26","slug":"certificado-alumno","status":"publish","type":"page","link":"https:\/\/webpe.colegiomayor.cl\/?page_id=1030","title":{"rendered":"Certificado Alumno Regular"},"content":{"rendered":"<div class=\"wpb-content-wrapper\"><p>[vc_row css=&#8221;.vc_custom_1491472723216{margin-bottom: 20px !important;}&#8221;][vc_column css=&#8221;.vc_custom_1490090587979{margin-bottom: 0px !important;}&#8221;][vc_custom_heading text=&#8221;Certificado Alumno Regular&#8221; font_container=&#8221;tag:h1|text_align:left&#8221; use_theme_fonts=&#8221;yes&#8221; css=&#8221;.vc_custom_1733884843146{margin-top: 0px !important;margin-bottom: 20px !important;}&#8221;][vc_row_inner][vc_column_inner][vc_column_text css=&#8221;&#8221;]Estimados Apoderados:<\/p>\n<p>Al ingresar al sistemas de notas, Usted acepta que los datos son de car\u00e1cter preliminar y sujetos a confirmaci\u00f3n. \u00a0Los datos oficiales son los que aparecen en el informe Educacional entregado impreso, a fines de cada semestre, con firma y timbre de colegio. Para acceder\u00a0a este sitio, usted debe ingresar la C\u00e9dula de Identidad del alumno (sin puntos, sin digito verificador) y la clave de seguridad entregada por Direcci\u00f3n Acad\u00e9mica. \u00a0Si no la recuerda, por favor solicitar clave a secretaria acad\u00e9mica: <a href=\"mailto:prodriguez@cmpe.cl\">prodriguez@cmpe.cl<\/a>[\/vc_column_text][\/vc_column_inner][\/vc_row_inner][vc_column_text css=&#8221;&#8221;]<iframe loading=\"lazy\" src=\"https:\/\/schoolnet.colegium.com\/webapp\/es_CL\/login\" width=\"100%\" height=\"100%\"><\/iframe>[\/vc_column_text][\/vc_column][\/vc_row]<\/p>\n<\/div>","protected":false},"excerpt":{"rendered":"<p>[vc_row css=&#8221;.vc_custom_1491472723216{margin-bottom: 20px !important;}&#8221;][vc_column css=&#8221;.vc_custom_1490090587979{margin-bottom: 0px !important;}&#8221;][vc_custom_heading text=&#8221;Certificado Alumno Regular&#8221; font_container=&#8221;tag:h1|text_align:left&#8221; use_theme_fonts=&#8221;yes&#8221; css=&#8221;.vc_custom_1733884843146{margin-top: 0px !important;margin-bottom: 20px !important;}&#8221;][vc_row_inner][vc_column_inner][vc_column_text css=&#8221;&#8221;]Estimados Apoderados: Al ingresar al sistemas de notas, Usted acepta que los datos son de car\u00e1cter preliminar y sujetos a confirmaci\u00f3n. \u00a0Los datos oficiales son los que aparecen&nbsp;<a href=\"https:\/\/webpe.colegiomayor.cl\/?page_id=1030\">&hellip;<\/a><\/p>\n","protected":false},"author":1,"featured_media":0,"parent":978,"menu_order":4,"comment_status":"closed","ping_status":"closed","template":"template-sidebar-right-childpages.php","meta":{"content-type":"","footnotes":""},"class_list":["post-1030","page","type-page","status-publish","hentry","odd"],"rttpg_featured_image_url":null,"rttpg_author":{"display_name":"josefariesco@gmail.com","author_link":"https:\/\/webpe.colegiomayor.cl\/?author=1"},"rttpg_comment":0,"rttpg_category":null,"rttpg_excerpt":"[vc_row css=&#8221;.vc_custom_1491472723216{margin-bottom: 20px !important;}&#8221;][vc_column css=&#8221;.vc_custom_1490090587979{margin-bottom: 0px !important;}&#8221;][vc_custom_heading text=&#8221;Certificado Alumno Regular&#8221; font_container=&#8221;tag:h1|text_align:left&#8221; use_theme_fonts=&#8221;yes&#8221; css=&#8221;.vc_custom_1733884843146{margin-top: 0px !important;margin-bottom: 20px !important;}&#8221;][vc_row_inner][vc_column_inner][vc_column_text css=&#8221;&#8221;]Estimados Apoderados: Al ingresar al sistemas de notas, Usted acepta que los datos son de car\u00e1cter preliminar y sujetos a confirmaci\u00f3n. \u00a0Los datos oficiales son los que aparecen&nbsp;&hellip;","_links":{"self":[{"href":"https:\/\/webpe.colegiomayor.cl\/index.php?rest_route=\/wp\/v2\/pages\/1030","targetHints":{"allow":["GET"]}}],"collection":[{"href":"https:\/\/webpe.colegiomayor.cl\/index.php?rest_route=\/wp\/v2\/pages"}],"about":[{"href":"https:\/\/webpe.colegiomayor.cl\/index.php?rest_route=\/wp\/v2\/types\/page"}],"author":[{"embeddable":true,"href":"https:\/\/webpe.colegiomayor.cl\/index.php?rest_route=\/wp\/v2\/users\/1"}],"replies":[{"embeddable":true,"href":"https:\/\/webpe.colegiomayor.cl\/index.php?rest_route=%2Fwp%2Fv2%2Fcomments&post=1030"}],"version-history":[{"count":5,"href":"https:\/\/webpe.colegiomayor.cl\/index.php?rest_route=\/wp\/v2\/pages\/1030\/revisions"}],"predecessor-version":[{"id":37173,"href":"https:\/\/webpe.colegiomayor.cl\/index.php?rest_route=\/wp\/v2\/pages\/1030\/revisions\/37173"}],"up":[{"embeddable":true,"href":"https:\/\/webpe.colegiomayor.cl\/index.php?rest_route=\/wp\/v2\/pages\/978"}],"wp:attachment":[{"href":"https:\/\/webpe.colegiomayor.cl\/index.php?rest_route=%2Fwp%2Fv2%2Fmedia&parent=1030"}],"curies":[{"name":"wp","href":"https:\/\/api.w.org\/{rel}","templated":true}]}}